{"id":3430,"date":"2025-07-02T00:38:03","date_gmt":"2025-07-01T22:38:03","guid":{"rendered":"https:\/\/gerzsonpal.hu\/biographie\/"},"modified":"2026-01-02T18:01:42","modified_gmt":"2026-01-02T17:01:42","slug":"biographie","status":"publish","type":"page","link":"https:\/\/gerzsonpal.hu\/de\/biographie\/","title":{"rendered":"Biographie"},"content":{"rendered":"<p><div class=\"fusion-fullwidth fullwidth-box fusion-builder-row-1 fusion-flex-container has-pattern-background has-mask-background nonhundred-percent-fullwidth non-hundred-percent-height-scrolling\" style=\"--awb-background-position:left top;--awb-border-sizes-top:0px;--awb-border-sizes-bottom:0px;--awb-border-sizes-left:0px;--awb-border-sizes-right:0px;--awb-border-radius-top-left:0px;--awb-border-radius-top-right:0px;--awb-border-radius-bottom-right:0px;--awb-border-radius-bottom-left:0px;--awb-padding-top:0px;--awb-padding-right:30px;--awb-padding-bottom:0px;--awb-padding-left:30px;--awb-margin-top:20px;--awb-margin-bottom:50px;--awb-background-color:rgba(229,194,137,0.31);--awb-flex-wrap:wrap;\" ><div class=\"fusion-builder-row fusion-row fusion-flex-align-items-flex-start fusion-flex-content-wrap\" style=\"max-width:1216.8px;margin-left: calc(-4% \/ 2 );margin-right: calc(-4% \/ 2 );\"><div class=\"fusion-layout-column fusion_builder_column fusion-builder-column-0 fusion_builder_column_1_1 1_1 fusion-flex-column\" style=\"--awb-bg-blend:overlay;--awb-bg-size:cover;--awb-width-large:100%;--awb-margin-top-large:0px;--awb-spacing-right-large:1.92%;--awb-margin-bottom-large:30px;--awb-spacing-left-large:1.92%;--awb-width-medium:100%;--awb-spacing-right-medium:1.92%;--awb-spacing-left-medium:1.92%;--awb-width-small:100%;--awb-spacing-right-small:1.92%;--awb-spacing-left-small:1.92%;\"><div class=\"fusion-column-wrapper fusion-flex-justify-content-flex-start fusion-content-layout-column\"><div class=\"fusion-text fusion-text-1 fusion-text-no-margin\" style=\"--awb-content-alignment:justify;--awb-line-height:1.7;--awb-text-color:#ffffff;--awb-margin-top:30px;--awb-margin-bottom:30px;\"><p><img decoding=\"async\" class=\"lazyload  wp-image-1269 alignleft\" src=\"data:image\/svg+xml,%3Csvg%20xmlns%3D%27http%3A%2F%2Fwww.w3.org%2F2000%2Fsvg%27%20width%3D%27199%27%20height%3D%27153%27%20viewBox%3D%270%200%20199%20153%27%3E%3Crect%20width%3D%27199%27%20height%3D%27153%27%20fill-opacity%3D%220%22%2F%3E%3C%2Fsvg%3E\" data-orig-src=\"https:\/\/gerzsonpal.hu\/wp-content\/uploads\/2015\/11\/photo-bio.jpg\" alt=\"\" width=\"199\" height=\"153\">P\u00e1l Gerzson wurde am 25. Januar 1931 in Hird (S\u00fcdungarn) geboren. Seine Familie zog aufgrund der Veterin\u00e4rstationen seines Vaters in verschiedenen Regionen und kriegsbedingter Einschr\u00e4nkungen h\u00e4ufig um. P\u00e1l Gerzson begann seine Ausbildung am Nagyk\u00e1roly-Gymnasium (heute Rum\u00e4nien), setzte sie in Ungv\u00e1r (heute Ukraine) fort und schloss sie 1949 in K\u0151szeg ab. Anschlie\u00dfend studierte er bis 1953 an der Kunsthochschule Budapest. Im selben Jahr heiratete er eine Kommilitonin der Kunsthochschule, mit der er drei Kinder bekam. Er studierte Geometrie an der Universit\u00e4t Budapest und schloss sein Studium 1955 ab. Ab 1953 war P\u00e1l Gerzson Mitglied des Ateliers Junger K\u00fcnstler (Fiatal M\u0171v\u00e9szek St\u00fadi\u00f3ja) und ab 1955 des K\u00fcnstlerfonds (M\u0171v\u00e9szeti Alap).        <\/p>\n<p>Seit 1953 ist P\u00e1l Gerzson Teil des Studio des jeunes artistes (Studio junger K\u00fcnstler), seit 1955 des Fonds artistique (K\u00fcnstlerfonds). Von 1960 bis 1974 lehrte er an der Universit\u00e4t f\u00fcr Angewandte Kunst in Budapest. 1964 wurde er Mitglied der Ungarischen Gesellschaft der Sch\u00f6nen K\u00fcnste. 1974 wurde er zum Professor f\u00fcr Sch\u00f6ne K\u00fcnste ernannt und lehrte dort bis zu seiner Pensionierung 1996. 1988 war er Mitbegr\u00fcnder der Ungarischen Gesellschaft der Sch\u00f6nen K\u00fcnste (Magyar Sz\u00e9pm\u00edves T\u00e1rsas\u00e1g). 1992 geh\u00f6rte er zu den Mitbegr\u00fcndern der Ungarischen Akademie der K\u00fcnste. Von 1992 bis 1999 war er Pr\u00e4sident der Ungarischen Gesellschaft f\u00fcr Sch\u00f6ne und Angewandte Kunst.     <\/p>\n<p>Seine berufliche Laufbahn ist dreigeteilt: Maler (seit 1954 stellt er regelm\u00e4\u00dfig aus), Professor (insgesamt 36 Jahre an den beiden Hochschulen) und wichtige Pers\u00f6nlichkeit im \u00f6ffentlichen Kunstleben Ungarns.<\/p>\n<\/div><\/div><\/div><\/div><\/div><div class=\"fusion-fullwidth fullwidth-box fusion-builder-row-2 fusion-flex-container has-pattern-background has-mask-background hundred-percent-fullwidth non-hundred-percent-height-scrolling\" style=\"--awb-border-radius-top-left:0px;--awb-border-radius-top-right:0px;--awb-border-radius-bottom-right:0px;--awb-border-radius-bottom-left:0px;--awb-background-color:rgba(0,0,0,0);--awb-flex-wrap:wrap;\" ><div class=\"fusion-builder-row fusion-row fusion-flex-align-items-flex-start fusion-flex-content-wrap\" style=\"width:104% !important;max-width:104% !important;margin-left: calc(-4% \/ 2 );margin-right: calc(-4% \/ 2 );\"><div class=\"fusion-layout-column fusion_builder_column fusion-builder-column-1 fusion_builder_column_1_2 1_2 fusion-flex-column\" style=\"--awb-bg-size:cover;--awb-width-large:50%;--awb-margin-top-large:0px;--awb-spacing-right-large:3.84%;--awb-margin-bottom-large:50px;--awb-spacing-left-large:3.84%;--awb-width-medium:100%;--awb-order-medium:0;--awb-spacing-right-medium:1.92%;--awb-spacing-left-medium:1.92%;--awb-width-small:100%;--awb-order-small:0;--awb-spacing-right-small:1.92%;--awb-spacing-left-small:1.92%;\"><div class=\"fusion-column-wrapper fusion-column-has-shadow fusion-flex-justify-content-flex-start fusion-content-layout-column\"><div class=\"fusion-image-element \" style=\"--awb-aspect-ratio:4 \/ 3;--awb-caption-title-font-family:var(--h2_typography-font-family);--awb-caption-title-font-weight:var(--h2_typography-font-weight);--awb-caption-title-font-style:var(--h2_typography-font-style);--awb-caption-title-size:var(--h2_typography-font-size);--awb-caption-title-transform:var(--h2_typography-text-transform);--awb-caption-title-line-height:var(--h2_typography-line-height);--awb-caption-title-letter-spacing:var(--h2_typography-letter-spacing);\"><span class=\" fusion-imageframe imageframe-none imageframe-1 awb-imageframe-style awb-imageframe-style-dario has-aspect-ratio\"><a class=\"fusion-no-lightbox\" href=\"https:\/\/gerzsonpal.hu\/de\/biographie\/lartiste\/\" target=\"_self\" aria-label=\"L&#8217;artiste\"><img decoding=\"async\" width=\"2079\" height=\"1481\" alt=\"L&#039;artiste\" src=\"https:\/\/gerzsonpal.hu\/wp-content\/uploads\/2025\/03\/Lartiste.jpg\" data-orig-src=\"https:\/\/gerzsonpal.hu\/wp-content\/uploads\/2025\/03\/Lartiste.jpg\" class=\"lazyload img-responsive wp-image-2312 img-with-aspect-ratio\" data-parent-fit=\"cover\" data-parent-container=\".fusion-image-element\" srcset=\"data:image\/svg+xml,%3Csvg%20xmlns%3D%27http%3A%2F%2Fwww.w3.org%2F2000%2Fsvg%27%20width%3D%272079%27%20height%3D%271481%27%20viewBox%3D%270%200%202079%201481%27%3E%3Crect%20width%3D%272079%27%20height%3D%271481%27%20fill-opacity%3D%220%22%2F%3E%3C%2Fsvg%3E\" data-srcset=\"https:\/\/gerzsonpal.hu\/wp-content\/uploads\/2025\/03\/Lartiste-200x142.jpg 200w, https:\/\/gerzsonpal.hu\/wp-content\/uploads\/2025\/03\/Lartiste-400x285.jpg 400w, https:\/\/gerzsonpal.hu\/wp-content\/uploads\/2025\/03\/Lartiste-600x427.jpg 600w, https:\/\/gerzsonpal.hu\/wp-content\/uploads\/2025\/03\/Lartiste-800x570.jpg 800w, https:\/\/gerzsonpal.hu\/wp-content\/uploads\/2025\/03\/Lartiste-1200x855.jpg 1200w, https:\/\/gerzsonpal.hu\/wp-content\/uploads\/2025\/03\/Lartiste.jpg 2079w\" data-sizes=\"auto\" data-orig-sizes=\"(max-width: 1024px) 100vw, (max-width: 640px) 100vw, 600px\" \/><div class=\"awb-imageframe-caption-container\"><div class=\"awb-imageframe-caption\"><h2 class=\"awb-imageframe-caption-title\">DER K\u00dcNSTLER<\/h2><\/div><\/div><\/a><\/span><\/div><\/div><\/div><div class=\"fusion-layout-column fusion_builder_column fusion-builder-column-2 fusion_builder_column_1_2 1_2 fusion-flex-column\" style=\"--awb-bg-size:cover;--awb-width-large:50%;--awb-margin-top-large:0px;--awb-spacing-right-large:3.84%;--awb-margin-bottom-large:50px;--awb-spacing-left-large:3.84%;--awb-width-medium:100%;--awb-order-medium:0;--awb-spacing-right-medium:1.92%;--awb-spacing-left-medium:1.92%;--awb-width-small:100%;--awb-order-small:0;--awb-spacing-right-small:1.92%;--awb-spacing-left-small:1.92%;\"><div class=\"fusion-column-wrapper fusion-column-has-shadow fusion-flex-justify-content-flex-start fusion-content-layout-column\"><div class=\"fusion-image-element \" style=\"--awb-aspect-ratio:4 \/ 3;--awb-caption-title-font-family:var(--h2_typography-font-family);--awb-caption-title-font-weight:var(--h2_typography-font-weight);--awb-caption-title-font-style:var(--h2_typography-font-style);--awb-caption-title-size:var(--h2_typography-font-size);--awb-caption-title-transform:var(--h2_typography-text-transform);--awb-caption-title-line-height:var(--h2_typography-line-height);--awb-caption-title-letter-spacing:var(--h2_typography-letter-spacing);\"><span class=\" fusion-imageframe imageframe-none imageframe-2 awb-imageframe-style awb-imageframe-style-dario has-aspect-ratio\"><a class=\"fusion-no-lightbox\" href=\"https:\/\/gerzsonpal.hu\/de\/biographie\/le-professeur\/\" target=\"_self\" aria-label=\"Prof_3\"><img decoding=\"async\" width=\"1080\" height=\"660\" src=\"https:\/\/gerzsonpal.hu\/wp-content\/uploads\/2015\/11\/Prof_3.jpg\" data-orig-src=\"https:\/\/gerzsonpal.hu\/wp-content\/uploads\/2015\/11\/Prof_3.jpg\" class=\"lazyload img-responsive wp-image-2760 img-with-aspect-ratio\" data-parent-fit=\"cover\" data-parent-container=\".fusion-image-element\" alt srcset=\"data:image\/svg+xml,%3Csvg%20xmlns%3D%27http%3A%2F%2Fwww.w3.org%2F2000%2Fsvg%27%20width%3D%271080%27%20height%3D%27660%27%20viewBox%3D%270%200%201080%20660%27%3E%3Crect%20width%3D%271080%27%20height%3D%27660%27%20fill-opacity%3D%220%22%2F%3E%3C%2Fsvg%3E\" data-srcset=\"https:\/\/gerzsonpal.hu\/wp-content\/uploads\/2015\/11\/Prof_3-200x122.jpg 200w, https:\/\/gerzsonpal.hu\/wp-content\/uploads\/2015\/11\/Prof_3-400x244.jpg 400w, https:\/\/gerzsonpal.hu\/wp-content\/uploads\/2015\/11\/Prof_3-600x367.jpg 600w, https:\/\/gerzsonpal.hu\/wp-content\/uploads\/2015\/11\/Prof_3-800x489.jpg 800w, https:\/\/gerzsonpal.hu\/wp-content\/uploads\/2015\/11\/Prof_3.jpg 1080w\" data-sizes=\"auto\" data-orig-sizes=\"(max-width: 1024px) 100vw, (max-width: 640px) 100vw, 600px\" \/><div class=\"awb-imageframe-caption-container\"><div class=\"awb-imageframe-caption\"><h2 class=\"awb-imageframe-caption-title\">DER MEISTER<\/h2><\/div><\/div><\/a><\/span><\/div><\/div><\/div><\/div><\/div><\/p>\n","protected":false},"excerpt":{"rendered":"","protected":false},"author":1,"featured_media":0,"parent":0,"menu_order":0,"comment_status":"open","ping_status":"closed","template":"","meta":{"footnotes":""},"class_list":["post-3430","page","type-page","status-publish","hentry"],"_links":{"self":[{"href":"https:\/\/gerzsonpal.hu\/de\/wp-json\/wp\/v2\/pages\/3430","targetHints":{"allow":["GET"]}}],"collection":[{"href":"https:\/\/gerzsonpal.hu\/de\/wp-json\/wp\/v2\/pages"}],"about":[{"href":"https:\/\/gerzsonpal.hu\/de\/wp-json\/wp\/v2\/types\/page"}],"author":[{"embeddable":true,"href":"https:\/\/gerzsonpal.hu\/de\/wp-json\/wp\/v2\/users\/1"}],"replies":[{"embeddable":true,"href":"https:\/\/gerzsonpal.hu\/de\/wp-json\/wp\/v2\/comments?post=3430"}],"version-history":[{"count":11,"href":"https:\/\/gerzsonpal.hu\/de\/wp-json\/wp\/v2\/pages\/3430\/revisions"}],"predecessor-version":[{"id":4429,"href":"https:\/\/gerzsonpal.hu\/de\/wp-json\/wp\/v2\/pages\/3430\/revisions\/4429"}],"wp:attachment":[{"href":"https:\/\/gerzsonpal.hu\/de\/wp-json\/wp\/v2\/media?parent=3430"}],"curies":[{"name":"wp","href":"https:\/\/api.w.org\/{rel}","templated":true}]}}