{"id":3698,"date":"2025-04-15T03:28:37","date_gmt":"2025-04-15T01:28:37","guid":{"rendered":"https:\/\/gerzsonpal.hu\/loeuvre\/peintures\/annees-1960-1970\/"},"modified":"2025-07-14T13:18:20","modified_gmt":"2025-07-14T11:18:20","slug":"annees-1960-1970","status":"publish","type":"page","link":"https:\/\/gerzsonpal.hu\/de\/loeuvre\/peintures\/annees-1960-1970\/","title":{"rendered":"1960er-70er Jahre"},"content":{"rendered":"<div class=\"fusion-fullwidth fullwidth-box fusion-builder-row-1 fusion-flex-container has-pattern-background has-mask-background nonhundred-percent-fullwidth non-hundred-percent-height-scrolling\" style=\"--awb-border-radius-top-left:0px;--awb-border-radius-top-right:0px;--awb-border-radius-bottom-right:0px;--awb-border-radius-bottom-left:0px;--awb-flex-wrap:wrap;\" ><div class=\"fusion-builder-row fusion-row fusion-flex-align-items-flex-start fusion-flex-content-wrap\" style=\"max-width:1216.8px;margin-left: calc(-4% \/ 2 );margin-right: calc(-4% \/ 2 );\"><div class=\"fusion-layout-column fusion_builder_column fusion-builder-column-0 fusion_builder_column_1_1 1_1 fusion-flex-column\" style=\"--awb-bg-size:cover;--awb-width-large:100%;--awb-margin-top-large:0px;--awb-spacing-right-large:1.92%;--awb-margin-bottom-large:50px;--awb-spacing-left-large:1.92%;--awb-width-medium:100%;--awb-order-medium:0;--awb-spacing-right-medium:1.92%;--awb-spacing-left-medium:1.92%;--awb-width-small:100%;--awb-order-small:0;--awb-spacing-right-small:1.92%;--awb-spacing-left-small:1.92%;\"><div class=\"fusion-column-wrapper fusion-column-has-shadow fusion-flex-justify-content-flex-start fusion-content-layout-column\"><div class=\"awb-gallery-wrapper awb-gallery-wrapper-1 button-span-no\" style=\"--more-btn-alignment:center;\"><div style=\"margin:-5px;--awb-bordersize:0px;\" class=\"fusion-gallery fusion-gallery-container fusion-grid-3 fusion-columns-total-9 fusion-gallery-layout-grid fusion-gallery-1\"><div style=\"padding:5px;\" class=\"fusion-grid-column fusion-gallery-column fusion-gallery-column-3 hover-type-none awb-imageframe-style awb-imageframe-style-below awb-imageframe-style-1\"><div class=\"fusion-gallery-image\"><a href=\"https:\/\/gerzsonpal.hu\/wp-content\/uploads\/2025\/04\/Vizivilag.jpg\" data-title=\"Vizivil\u00e1g 1960as \u00e9vek\" title=\"Vizivil\u00e1g 1960as \u00e9vek\" rel=\"noreferrer\" data-rel=\"iLightbox[gallery_image_1]\" class=\"fusion-lightbox\" target=\"_self\"><img decoding=\"async\" src=\"https:\/\/gerzsonpal.hu\/wp-content\/uploads\/2025\/04\/Vizivilag-460x295.jpg\" width=\"460\" height=\"295\" alt=\"\" title=\"Vizivil\u00e1g 1960as \u00e9vek\" aria-label=\"Vizivil\u00e1g 1960as \u00e9vek\" class=\"img-responsive wp-image-1564 fusion-gallery-image-size-fixed\"  \/><\/a><\/div><div class=\"awb-imageframe-caption-container\"><div class=\"awb-imageframe-caption\"><h2 class=\"awb-imageframe-caption-title\">Vizivil\u00e1g 1960as \u00e9vek<\/h2><\/div><\/div><\/div><div style=\"padding:5px;\" class=\"fusion-grid-column fusion-gallery-column fusion-gallery-column-3 hover-type-none awb-imageframe-style awb-imageframe-style-below awb-imageframe-style-1\"><div class=\"fusion-gallery-image\"><a href=\"https:\/\/gerzsonpal.hu\/wp-content\/uploads\/2025\/04\/Torok-furdo-1973.jpg\" data-title=\"T\u00f6r\u00f6k f\u00fcrd\u0151 1973\" title=\"T\u00f6r\u00f6k f\u00fcrd\u0151 1973\" rel=\"noreferrer\" data-rel=\"iLightbox[gallery_image_1]\" class=\"fusion-lightbox\" target=\"_self\"><img decoding=\"async\" src=\"https:\/\/gerzsonpal.hu\/wp-content\/uploads\/2025\/04\/Torok-furdo-1973-460x295.jpg\" width=\"460\" height=\"295\" alt=\"\" title=\"T\u00f6r\u00f6k f\u00fcrd\u0151 1973\" aria-label=\"T\u00f6r\u00f6k f\u00fcrd\u0151 1973\" class=\"img-responsive wp-image-1791 fusion-gallery-image-size-fixed\"  \/><\/a><\/div><div class=\"awb-imageframe-caption-container\"><div class=\"awb-imageframe-caption\"><h2 class=\"awb-imageframe-caption-title\">T\u00f6r\u00f6k f\u00fcrd\u0151 1973<\/h2><\/div><\/div><\/div><div style=\"padding:5px;\" class=\"fusion-grid-column fusion-gallery-column fusion-gallery-column-3 hover-type-none awb-imageframe-style awb-imageframe-style-below awb-imageframe-style-1\"><div class=\"fusion-gallery-image\"><a href=\"https:\/\/gerzsonpal.hu\/wp-content\/uploads\/2025\/04\/Maganyos-fa-1974.jpg\" data-title=\"Mag\u00e1nyos fa 1974\" title=\"Mag\u00e1nyos fa 1974\" rel=\"noreferrer\" data-rel=\"iLightbox[gallery_image_1]\" class=\"fusion-lightbox\" target=\"_self\"><img decoding=\"async\" src=\"https:\/\/gerzsonpal.hu\/wp-content\/uploads\/2025\/04\/Maganyos-fa-1974-460x295.jpg\" width=\"460\" height=\"295\" alt=\"\" title=\"Mag\u00e1nyos fa 1974\" aria-label=\"Mag\u00e1nyos fa 1974\" class=\"img-responsive wp-image-1790 fusion-gallery-image-size-fixed\"  \/><\/a><\/div><div class=\"awb-imageframe-caption-container\"><div class=\"awb-imageframe-caption\"><h2 class=\"awb-imageframe-caption-title\">Mag\u00e1nyos fa 1974<\/h2><\/div><\/div><\/div><div class=\"clearfix\"><\/div><div style=\"padding:5px;\" class=\"fusion-grid-column fusion-gallery-column fusion-gallery-column-3 hover-type-none awb-imageframe-style awb-imageframe-style-below awb-imageframe-style-1\"><div class=\"fusion-gallery-image\"><a href=\"https:\/\/gerzsonpal.hu\/wp-content\/uploads\/2025\/04\/Bulgariai-oreg-haz-1975.jpg\" data-title=\"Bulg\u00e1riai \u00f6reg h\u00e1z 1975\" title=\"Bulg\u00e1riai \u00f6reg h\u00e1z 1975\" rel=\"noreferrer\" data-rel=\"iLightbox[gallery_image_1]\" class=\"fusion-lightbox\" target=\"_self\"><img decoding=\"async\" src=\"https:\/\/gerzsonpal.hu\/wp-content\/uploads\/2025\/04\/Bulgariai-oreg-haz-1975-460x295.jpg\" width=\"460\" height=\"295\" alt=\"\" title=\"Bulg\u00e1riai \u00f6reg h\u00e1z 1975\" aria-label=\"Bulg\u00e1riai \u00f6reg h\u00e1z 1975\" class=\"img-responsive wp-image-1788 fusion-gallery-image-size-fixed\"  \/><\/a><\/div><div class=\"awb-imageframe-caption-container\"><div class=\"awb-imageframe-caption\"><h2 class=\"awb-imageframe-caption-title\">Bulg\u00e1riai \u00f6reg h\u00e1z 1975<\/h2><\/div><\/div><\/div><div style=\"padding:5px;\" class=\"fusion-grid-column fusion-gallery-column fusion-gallery-column-3 hover-type-none awb-imageframe-style awb-imageframe-style-below awb-imageframe-style-1\"><div class=\"fusion-gallery-image\"><a href=\"https:\/\/gerzsonpal.hu\/wp-content\/uploads\/2025\/04\/Taj_magasbol_70es_evek.jpg\" data-title=\"T\u00e1j magasb\u00f3l 1970es \u00e9vek\" title=\"T\u00e1j magasb\u00f3l 1970es \u00e9vek\" rel=\"noreferrer\" data-rel=\"iLightbox[gallery_image_1]\" class=\"fusion-lightbox\" target=\"_self\"><img decoding=\"async\" src=\"https:\/\/gerzsonpal.hu\/wp-content\/uploads\/2025\/04\/Taj_magasbol_70es_evek-460x295.jpg\" width=\"460\" height=\"295\" alt=\"\" title=\"T\u00e1j magasb\u00f3l 1970es \u00e9vek\" aria-label=\"T\u00e1j magasb\u00f3l 1970es \u00e9vek\" class=\"img-responsive wp-image-1570 fusion-gallery-image-size-fixed\"  \/><\/a><\/div><div class=\"awb-imageframe-caption-container\"><div class=\"awb-imageframe-caption\"><h2 class=\"awb-imageframe-caption-title\">T\u00e1j magasb\u00f3l 1970es \u00e9vek<\/h2><\/div><\/div><\/div><div style=\"padding:5px;\" class=\"fusion-grid-column fusion-gallery-column fusion-gallery-column-3 hover-type-none awb-imageframe-style awb-imageframe-style-below awb-imageframe-style-1\"><div class=\"fusion-gallery-image\"><a href=\"https:\/\/gerzsonpal.hu\/wp-content\/uploads\/2025\/04\/Vitorla_1975_id_680.jpg\" data-title=\"Vitorla 1975\" title=\"Vitorla 1975\" rel=\"noreferrer\" data-rel=\"iLightbox[gallery_image_1]\" class=\"fusion-lightbox\" target=\"_self\"><img decoding=\"async\" src=\"https:\/\/gerzsonpal.hu\/wp-content\/uploads\/2025\/04\/Vitorla_1975_id_680-460x295.jpg\" width=\"460\" height=\"295\" alt=\"\" title=\"Vitorla 1975\" aria-label=\"Vitorla 1975\" class=\"img-responsive wp-image-1565 fusion-gallery-image-size-fixed\"  \/><\/a><\/div><div class=\"awb-imageframe-caption-container\"><div class=\"awb-imageframe-caption\"><h2 class=\"awb-imageframe-caption-title\">Vitorla 1975<\/h2><\/div><\/div><\/div><div class=\"clearfix\"><\/div><div style=\"padding:5px;\" class=\"fusion-grid-column fusion-gallery-column fusion-gallery-column-3 hover-type-none awb-imageframe-style awb-imageframe-style-below awb-imageframe-style-1\"><div class=\"fusion-gallery-image\"><a href=\"https:\/\/gerzsonpal.hu\/wp-content\/uploads\/2025\/04\/Voros_korong_1976.jpg\" data-title=\"V\u00f6r\u00f6s korong 1976\" title=\"V\u00f6r\u00f6s korong 1976\" rel=\"noreferrer\" data-rel=\"iLightbox[gallery_image_1]\" class=\"fusion-lightbox\" target=\"_self\"><img decoding=\"async\" src=\"https:\/\/gerzsonpal.hu\/wp-content\/uploads\/2025\/04\/Voros_korong_1976-460x295.jpg\" width=\"460\" height=\"295\" alt=\"\" title=\"V\u00f6r\u00f6s korong 1976\" aria-label=\"V\u00f6r\u00f6s korong 1976\" class=\"img-responsive wp-image-1562 fusion-gallery-image-size-fixed\"  \/><\/a><\/div><div class=\"awb-imageframe-caption-container\"><div class=\"awb-imageframe-caption\"><h2 class=\"awb-imageframe-caption-title\">V\u00f6r\u00f6s korong 1976<\/h2><\/div><\/div><\/div><div style=\"padding:5px;\" class=\"fusion-grid-column fusion-gallery-column fusion-gallery-column-3 hover-type-none awb-imageframe-style awb-imageframe-style-below awb-imageframe-style-1\"><div class=\"fusion-gallery-image\"><a href=\"https:\/\/gerzsonpal.hu\/wp-content\/uploads\/2025\/04\/To_1978.jpg\" data-title=\"T\u00f3 1978\" title=\"T\u00f3 1978\" rel=\"noreferrer\" data-rel=\"iLightbox[gallery_image_1]\" class=\"fusion-lightbox\" target=\"_self\"><img decoding=\"async\" src=\"https:\/\/gerzsonpal.hu\/wp-content\/uploads\/2025\/04\/To_1978-460x295.jpg\" width=\"460\" height=\"295\" alt=\"\" title=\"T\u00f3 1978\" aria-label=\"T\u00f3 1978\" class=\"img-responsive wp-image-1569 fusion-gallery-image-size-fixed\"  \/><\/a><\/div><div class=\"awb-imageframe-caption-container\"><div class=\"awb-imageframe-caption\"><h2 class=\"awb-imageframe-caption-title\">T\u00f3 1978<\/h2><\/div><\/div><\/div><div style=\"padding:5px;\" class=\"fusion-grid-column fusion-gallery-column fusion-gallery-column-3 hover-type-none awb-imageframe-style awb-imageframe-style-below awb-imageframe-style-1\"><div class=\"fusion-gallery-image\"><a href=\"https:\/\/gerzsonpal.hu\/wp-content\/uploads\/2025\/04\/Atmoszferikus-latvany-1978.jpg\" data-title=\"Atmoszferikus-latvany-1978\" title=\"Atmoszferikus-latvany-1978\" rel=\"noreferrer\" data-rel=\"iLightbox[gallery_image_1]\" class=\"fusion-lightbox\" target=\"_self\"><img decoding=\"async\" src=\"https:\/\/gerzsonpal.hu\/wp-content\/uploads\/2025\/04\/Atmoszferikus-latvany-1978-460x295.jpg\" width=\"460\" height=\"295\" alt=\"\" title=\"Atmoszferikus-latvany-1978\" aria-label=\"Atmoszferikus-latvany-1978\" class=\"img-responsive wp-image-1787 fusion-gallery-image-size-fixed\"  \/><\/a><\/div><div class=\"awb-imageframe-caption-container\"><div class=\"awb-imageframe-caption\"><h2 class=\"awb-imageframe-caption-title\">Atmoszferikus-latvany-1978<\/h2><\/div><\/div><\/div><div class=\"clearfix\"><\/div><\/div><\/div><\/div><\/div><\/div><\/div>\n","protected":false},"excerpt":{"rendered":"","protected":false},"author":4,"featured_media":0,"parent":3397,"menu_order":0,"comment_status":"closed","ping_status":"closed","template":"","meta":{"footnotes":""},"class_list":["post-3698","page","type-page","status-publish","hentry"],"_links":{"self":[{"href":"https:\/\/gerzsonpal.hu\/de\/wp-json\/wp\/v2\/pages\/3698","targetHints":{"allow":["GET"]}}],"collection":[{"href":"https:\/\/gerzsonpal.hu\/de\/wp-json\/wp\/v2\/pages"}],"about":[{"href":"https:\/\/gerzsonpal.hu\/de\/wp-json\/wp\/v2\/types\/page"}],"author":[{"embeddable":true,"href":"https:\/\/gerzsonpal.hu\/de\/wp-json\/wp\/v2\/users\/4"}],"replies":[{"embeddable":true,"href":"https:\/\/gerzsonpal.hu\/de\/wp-json\/wp\/v2\/comments?post=3698"}],"version-history":[{"count":1,"href":"https:\/\/gerzsonpal.hu\/de\/wp-json\/wp\/v2\/pages\/3698\/revisions"}],"predecessor-version":[{"id":3699,"href":"https:\/\/gerzsonpal.hu\/de\/wp-json\/wp\/v2\/pages\/3698\/revisions\/3699"}],"up":[{"embeddable":true,"href":"https:\/\/gerzsonpal.hu\/de\/wp-json\/wp\/v2\/pages\/3397"}],"wp:attachment":[{"href":"https:\/\/gerzsonpal.hu\/de\/wp-json\/wp\/v2\/media?parent=3698"}],"curies":[{"name":"wp","href":"https:\/\/api.w.org\/{rel}","templated":true}]}}