{"id":3795,"date":"2024-12-27T15:22:48","date_gmt":"2024-12-27T14:22:48","guid":{"rendered":"https:\/\/gerzsonpal.hu\/le-professeur\/"},"modified":"2026-01-09T02:58:50","modified_gmt":"2026-01-09T01:58:50","slug":"le-professeur","status":"publish","type":"page","link":"https:\/\/gerzsonpal.hu\/de\/biographie\/le-professeur\/","title":{"rendered":"Der Meister"},"content":{"rendered":"<p><div class=\"fusion-fullwidth fullwidth-box fusion-builder-row-1 fusion-flex-container has-pattern-background has-mask-background nonhundred-percent-fullwidth non-hundred-percent-height-scrolling\" style=\"--awb-border-radius-top-left:0px;--awb-border-radius-top-right:0px;--awb-border-radius-bottom-right:0px;--awb-border-radius-bottom-left:0px;--awb-padding-bottom:0px;--awb-margin-bottom:0px;--awb-background-color:rgba(229,194,137,0.31);--awb-flex-wrap:wrap;\" ><div class=\"fusion-builder-row fusion-row fusion-flex-align-items-flex-start fusion-flex-content-wrap\" style=\"max-width:1216.8px;margin-left: calc(-4% \/ 2 );margin-right: calc(-4% \/ 2 );\"><div class=\"fusion-layout-column fusion_builder_column fusion-builder-column-0 fusion_builder_column_1_1 1_1 fusion-flex-column\" style=\"--awb-bg-size:cover;--awb-width-large:100%;--awb-margin-top-large:0px;--awb-spacing-right-large:1.92%;--awb-margin-bottom-large:50px;--awb-spacing-left-large:1.92%;--awb-width-medium:100%;--awb-order-medium:0;--awb-spacing-right-medium:1.92%;--awb-spacing-left-medium:1.92%;--awb-width-small:100%;--awb-order-small:0;--awb-spacing-right-small:1.92%;--awb-spacing-left-small:1.92%;\"><div class=\"fusion-column-wrapper fusion-column-has-shadow fusion-flex-justify-content-flex-start fusion-content-layout-column\"><div class=\"fusion-text fusion-text-1 fusion-text-no-margin\" style=\"--awb-content-alignment:justify;--awb-line-height:1.5;--awb-text-color:#ffffff;--awb-margin-top:40px;--awb-margin-right:40px;--awb-margin-bottom:-20px;--awb-margin-left:40px;\"><p><strong>P\u00e1l Gerzson lehrte jahrzehntelang, zun\u00e4chst von 1960 bis 1974 an der Universit\u00e4t f\u00fcr Angewandte Kunst in Budapest und dann von 1974 bis 1996 an der Universit\u00e4t der Sch\u00f6nen K\u00fcnste in Budapest. Viele seiner Sch\u00fcler sind heute renommierte K\u00fcnstler.<\/strong><\/p>\n<p>\u00ab P\u00e1l Gerzson war mein Lehrer, ein strenger und konsequenter junger Mann mit klarer und intelligenter Sprache. Wir, seine Sch\u00fcler, waren stolz, von ihm zu lernen. \u00bb <em>P\u00e1l<\/em> <em>Antal<\/em>, <em>Grafiker<\/em><\/p>\n<p>\u00ab Er war nicht gespr\u00e4chig, das stimmt. Er korrigierte uns mit wenigen Worten, um immer auf den Punkt zu kommen. \u00bb <em>M\u00e1rta G\u00f6b\u00f6ly\u00f6s, Textilk\u00fcnstler<\/em><\/p>\n<p>\u00ab Dann sagte er ein paar einfache S\u00e4tze zum Nachdenken. Versuchen Sie zu zeichnen, als h\u00e4tten Sie nur 5 Minuten Zeit. Beobachten Sie alles, aber lassen Sie nur die wesentlichen Elemente auf dem Papier erscheinen. \u00bb <em>Csaba \u00c1sztai, Maler<\/em><\/p>\n<p>\u00ab Jeden Sommer verbrachten wir einen Monat in Szigliget, wo uns die Sch\u00f6nheit der Landschaft verzauberte. Der Geist wurde dann befreit und die Vorstellungskraft str\u00f6mte zum Plattensee hinunter. \u00bb <em>Magda V\u00e1g\u00f3, Maler<\/em><\/p>\n<p>\u00ab Unser Meister ermahnte uns zu professioneller Integrit\u00e4t und gro\u00dfer Demut, als wir einen Pinsel zwischen unseren Fingern zappeln sahen und die forschende Leidenschaft, wir \u00f6ffneten unsere Augen und unsere Seelen. \u00bb <em>Csaba Szegedi, Maler<\/em><\/p>\n<p>\u00ab Er machte uns auf den Reichtum und die Sch\u00f6nheit der Bildtradition und der menschlichen Kultur im Allgemeinen aufmerksam. \u00bb <em>Erzs\u00e9bet<\/em> <em>Egri<\/em>, <em>Ma<\/em><em>ler<\/em><\/p>\n<p>\u00ab Heute verstehe ich, wie sehr es ihm ein Anliegen war, die Substanz seiner Lehre darzustellen: Es sind bildliche Werte, die die Epochen \u00fcberdauern und die wir uns immer wieder neu erobern und zeigen m\u00fcssen, Tag f\u00fcr Tag, mit Talent, Flei\u00df und Leidenschaft. \u00bb <em>M\u00e1rton<\/em> <em>Magyari<\/em>, <em>Maler<\/em><\/p>\n<p>\u00ab Der Meister kam gern fr\u00fch zur Arbeit. Wenn er ankam, lud er die fr\u00fch aufstehenden Studenten gew\u00f6hnlich zum Tee in sein Studio ein. Diese Sitzungen waren unglaublich informativ. Er sprach \u00fcber seine eigenen Gem\u00e4lde. Er diskutierte jedes m\u00f6gliche Thema, das ihn besch\u00e4ftigte, von der Konzeption der Idee der Darstellung durch Bilder \u00fcber die L\u00f6sung kompositorischer Probleme bis hin zu den kleinsten Details der Maltechnik. Er sprach von den Wundern von Szigliget, vom Maler Egry, von den Lichtern der pannonischen Landschaft. \u00bb <em>B\u00e9la Garamv\u00f6lgyi, Maler<\/em><\/p>\n<p>\u00ab Seine Farbigkeit k\u00f6nnte durch das Mysterium der Melodien erkl\u00e4rt werden, die im Kopf bleiben und die wir nach einem Konzert noch summen. Es sind die beschw\u00f6renden Kr\u00e4fte der Farben und das System der pr\u00e4zise abgestimmten Korrelationen mehrerer Farben, die diesen luftigen und fesselnden k\u00fcnstlerischen Effekt erzeugen, der f\u00fcr viele Menschen unerreichbar ist. \u00bb <em>G\u00e1bor Tari,<\/em> <em>Mal<\/em><em>er<\/em><\/p>\n<p>\u00ab Zus\u00e4tzlich zu den h\u00e4ufigen Korrektursitzungen in der Werkstatt hatten wir von Zeit zu Zeit die M\u00f6glichkeit, in den dritten Stock zu gehen, um eine gr\u00f6\u00dfere Zusammenstellung unserer Kreationen mitzubringen. Diese Konsultationen erm\u00f6glichten uns auch den st\u00e4ndigen Zugang zu seinem Atelier, um die Entwicklung seiner Malerei, die Geburt und den Fortschritt seiner Bilder zu verfolgen. Bei einem Tee- oder Kaffeetrunk und \u2013 seien wir ehrlich \u2013 eingeh\u00fcllt in den Smog einer Blondine analysierten wir mit ihm unsere \u201eErnten\u201c, und nach der Diskussion verlie\u00dfen wir ihn, bewaffnet mit seinen Lehren und Werten, die wir verarbeiten mussten. \u00bb <em>Ifj. Durk\u00f3<\/em> <em>Zsolt, Maler<\/em><\/p>\n<p>\u00ab Aus seiner Rede habe ich eine Lektion f\u00fcrs Leben gelernt: Warum ist Schachmatt die Schuld des Schachbretts? In einer Situation, in der es kurz vor einem Schachmatt steht, ist es ein unsch\u00e4tzbar guter Ausweg, das Brett umzudrehen, anstatt sich anzustrengen. Wenn wir Schachmatt setzen, stellen wir die Bauern wieder an ihre Position und beginnen die Revanche. \u00bb <em>Tam\u00e1s Cserna<\/em>, <em>Maler<\/em><\/p>\n<p>\u00ab An der Hochschule fand unsere Ausbildung an zwei verschiedenen Orten statt, in unserer gemeinsamen Werkstatt, Nummer 13 im 2. Stock, und in der Meisterwerkstatt, eine Etage dar\u00fcber. Unten besprachen wir die allt\u00e4glichen Probleme unseres Studiums, w\u00e4hrend wir oben bei einem furchtbar starken Tee \u00fcber alle anderen Themen und manchmal auch \u00fcber die Arbeiten des Meisters sprachen. \u00bb <em>Gy\u00f6rgy<\/em> <em>Bokor<\/em>, <em>Mal<\/em><em>er<\/em><\/p>\n<p>\u00ab Seine Korrekturen waren stets mit Laserschnittpr\u00e4zision. Die meisten seiner Kritikpunkte illustrierte er mit Beispielen aus der Kunstgeschichte oder anhand der Werke der gr\u00f6\u00dften Maler. Wir haben viel von ihm gelernt, ein Werk zu verstehen, die Essenz des Denkens durch Bilder. Um seine Korrekturen zu verstehen und aufzunehmen, musste man zun\u00e4chst in der Lage sein, sich in seiner Gelehrsamkeit zurechtzufinden. \u00bb <em>Andr\u00e1s Kecsk\u00e9s<\/em>, <em>Mal<\/em><em>er<\/em><\/p>\n<\/div><\/div><\/div><\/div><\/div><div class=\"fusion-fullwidth fullwidth-box fusion-builder-row-2 fusion-flex-container has-pattern-background has-mask-background nonhundred-percent-fullwidth non-hundred-percent-height-scrolling\" style=\"--awb-border-radius-top-left:0px;--awb-border-radius-top-right:0px;--awb-border-radius-bottom-right:0px;--awb-border-radius-bottom-left:0px;--awb-margin-top:40px;--awb-background-color:rgba(0,0,0,0);--awb-flex-wrap:wrap;\" ><div class=\"fusion-builder-row fusion-row fusion-flex-align-items-flex-start fusion-flex-content-wrap\" style=\"max-width:1216.8px;margin-left: calc(-4% \/ 2 );margin-right: calc(-4% \/ 2 );\"><div class=\"fusion-layout-column fusion_builder_column fusion-builder-column-1 fusion_builder_column_1_1 1_1 fusion-flex-column\" style=\"--awb-bg-size:cover;--awb-width-large:100%;--awb-margin-top-large:0px;--awb-spacing-right-large:1.92%;--awb-margin-bottom-large:50px;--awb-spacing-left-large:1.92%;--awb-width-medium:100%;--awb-order-medium:0;--awb-spacing-right-medium:1.92%;--awb-spacing-left-medium:1.92%;--awb-width-small:100%;--awb-order-small:0;--awb-spacing-right-small:1.92%;--awb-spacing-left-small:1.92%;\"><div class=\"fusion-column-wrapper fusion-column-has-shadow fusion-flex-justify-content-flex-start fusion-content-layout-column\"><div class=\"awb-gallery-wrapper awb-gallery-wrapper-1 button-span-no\" style=\"--more-btn-alignment:center;\"><div style=\"margin:-5px;--awb-bordersize:0px;\" class=\"fusion-gallery fusion-gallery-container fusion-grid-3 fusion-columns-total-15 fusion-gallery-layout-grid fusion-gallery-1\"><div style=\"padding:5px;\" class=\"fusion-grid-column fusion-gallery-column fusion-gallery-column-3\"><div class=\"fusion-gallery-image awb-imageframe-style awb-imageframe-style-resa\"><a href=\"https:\/\/www.aranyrajzszog.hu\/szerzo\/antal-pal?year=2019\" data-title=\"Antal P\u00e1l\" title=\"Antal P\u00e1l\" rel=\"noreferrer\" data-rel=\"iLightbox[gallery_image_1]\" class=\"fusion-lightbox\" target=\"_blank\"><img decoding=\"async\" src=\"https:\/\/gerzsonpal.hu\/wp-content\/uploads\/2026\/01\/Antal-Pal-460x295.jpg\" width=\"460\" height=\"295\" alt=\"\" title=\"Antal P\u00e1l\" aria-label=\"Antal P\u00e1l\" class=\"img-responsive wp-image-4627 fusion-gallery-image-size-fixed\"  \/><div class=\"awb-imageframe-caption-container\"><div class=\"awb-imageframe-caption\"><h2 class=\"awb-imageframe-caption-title\">Antal P\u00e1l<\/h2><\/div><\/div><\/a><\/div><\/div><div style=\"padding:5px;\" class=\"fusion-grid-column fusion-gallery-column fusion-gallery-column-3\"><div class=\"fusion-gallery-image awb-imageframe-style awb-imageframe-style-resa\"><a href=\"https:\/\/asztai.hu\/\" data-title=\"\u00c1sztai Csaba\" title=\"\u00c1sztai Csaba\" rel=\"noreferrer\" data-rel=\"iLightbox[gallery_image_1]\" class=\"fusion-lightbox\" target=\"_blank\"><img decoding=\"async\" src=\"https:\/\/gerzsonpal.hu\/wp-content\/uploads\/2025\/05\/Asztai-Csaba-460x295.jpeg\" width=\"460\" height=\"295\" alt=\"\" title=\"\u00c1sztai Csaba\" aria-label=\"\u00c1sztai Csaba\" class=\"img-responsive wp-image-3280 fusion-gallery-image-size-fixed\" srcset=\"https:\/\/gerzsonpal.hu\/wp-content\/uploads\/2025\/05\/Asztai-Csaba-460x295.jpeg 460w, https:\/\/gerzsonpal.hu\/wp-content\/uploads\/2025\/05\/Asztai-Csaba-624x400.jpeg 624w\" sizes=\"(max-width: 460px) 100vw, 460px\" \/><div class=\"awb-imageframe-caption-container\"><div class=\"awb-imageframe-caption\"><h2 class=\"awb-imageframe-caption-title\">\u00c1sztai Csaba<\/h2><\/div><\/div><\/a><\/div><\/div><div style=\"padding:5px;\" class=\"fusion-grid-column fusion-gallery-column fusion-gallery-column-3\"><div class=\"fusion-gallery-image awb-imageframe-style awb-imageframe-style-resa\"><a href=\"https:\/\/www.facebook.com\/profile.php?id=100065720656566\" data-title=\"Bokor Gy\u00f6rgy\" title=\"Bokor Gy\u00f6rgy\" rel=\"noreferrer\" data-rel=\"iLightbox[gallery_image_1]\" class=\"fusion-lightbox\" target=\"_blank\"><img decoding=\"async\" src=\"https:\/\/gerzsonpal.hu\/wp-content\/uploads\/2025\/04\/Bokor-Gyorgy-460x295.jpg\" width=\"460\" height=\"295\" alt=\"\" title=\"Bokor Gy\u00f6rgy\" aria-label=\"Bokor Gy\u00f6rgy\" class=\"img-responsive wp-image-2860 fusion-gallery-image-size-fixed\"  \/><div class=\"awb-imageframe-caption-container\"><div class=\"awb-imageframe-caption\"><h2 class=\"awb-imageframe-caption-title\">Bokor Gy\u00f6rgy<\/h2><\/div><\/div><\/a><\/div><\/div><div class=\"clearfix\"><\/div><div style=\"padding:5px;\" class=\"fusion-grid-column fusion-gallery-column fusion-gallery-column-3\"><div class=\"fusion-gallery-image awb-imageframe-style awb-imageframe-style-resa\"><a href=\"https:\/\/gerzsonpal.hu\/wp-content\/uploads\/2025\/05\/Cserna-Tamas--scaled.jpg\" data-title=\"Cserna Tam\u00e1s\" title=\"Cserna Tam\u00e1s\" rel=\"noreferrer\" data-rel=\"iLightbox[gallery_image_1]\" class=\"fusion-lightbox\" target=\"_blank\"><img decoding=\"async\" src=\"https:\/\/gerzsonpal.hu\/wp-content\/uploads\/2025\/05\/Cserna-Tamas--460x295.jpg\" width=\"460\" height=\"295\" alt=\"\" title=\"Cserna Tam\u00e1s\" aria-label=\"Cserna Tam\u00e1s\" class=\"img-responsive wp-image-3272 fusion-gallery-image-size-fixed\"  \/><div class=\"awb-imageframe-caption-container\"><div class=\"awb-imageframe-caption\"><h2 class=\"awb-imageframe-caption-title\">Cserna Tam\u00e1s<\/h2><\/div><\/div><\/a><\/div><\/div><div style=\"padding:5px;\" class=\"fusion-grid-column fusion-gallery-column fusion-gallery-column-3\"><div class=\"fusion-gallery-image awb-imageframe-style awb-imageframe-style-resa\"><a href=\"https:\/\/www.facebook.com\/erzsebet.egri.315\" data-title=\"Egri Erzs\u00e9bet\" title=\"Egri Erzs\u00e9bet\" rel=\"noreferrer\" data-rel=\"iLightbox[gallery_image_1]\" class=\"fusion-lightbox\" target=\"_blank\"><img decoding=\"async\" src=\"https:\/\/gerzsonpal.hu\/wp-content\/uploads\/2025\/04\/Egri-Erzsebet-460x295.jpg\" width=\"460\" height=\"295\" alt=\"\" title=\"Egri Erzs\u00e9bet\" aria-label=\"Egri Erzs\u00e9bet\" class=\"img-responsive wp-image-2852 fusion-gallery-image-size-fixed\"  \/><div class=\"awb-imageframe-caption-container\"><div class=\"awb-imageframe-caption\"><h2 class=\"awb-imageframe-caption-title\">Egri Erzs\u00e9bet<\/h2><\/div><\/div><\/a><\/div><\/div><div style=\"padding:5px;\" class=\"fusion-grid-column fusion-gallery-column fusion-gallery-column-3\"><div class=\"fusion-gallery-image awb-imageframe-style awb-imageframe-style-resa\"><a href=\"http:\/\/www.fuzesgergely.hu\/\" data-title=\"F\u00fczes Gergely\" title=\"F\u00fczes Gergely\" rel=\"noreferrer\" data-rel=\"iLightbox[gallery_image_1]\" class=\"fusion-lightbox\" target=\"_blank\"><img decoding=\"async\" src=\"https:\/\/gerzsonpal.hu\/wp-content\/uploads\/2025\/04\/Fuzes-Gergely-460x295.jpg\" width=\"460\" height=\"295\" alt=\"\" title=\"F\u00fczes Gergely\" aria-label=\"F\u00fczes Gergely\" class=\"img-responsive wp-image-2848 fusion-gallery-image-size-fixed\"  \/><div class=\"awb-imageframe-caption-container\"><div class=\"awb-imageframe-caption\"><h2 class=\"awb-imageframe-caption-title\">F\u00fczes Gergely<\/h2><\/div><\/div><\/a><\/div><\/div><div class=\"clearfix\"><\/div><div style=\"padding:5px;\" class=\"fusion-grid-column fusion-gallery-column fusion-gallery-column-3\"><div class=\"fusion-gallery-image awb-imageframe-style awb-imageframe-style-resa\"><a href=\"https:\/\/www.facebook.com\/bela.garamvolgyi.73\/\" data-title=\"Garamv\u00f6lgyi B\u00e9la\" title=\"Garamv\u00f6lgyi B\u00e9la\" rel=\"noreferrer\" data-rel=\"iLightbox[gallery_image_1]\" class=\"fusion-lightbox\" target=\"_blank\"><img decoding=\"async\" src=\"https:\/\/gerzsonpal.hu\/wp-content\/uploads\/2025\/04\/Garamvolgyi-Bela-460x295.jpg\" width=\"460\" height=\"295\" alt=\"\" title=\"Garamv\u00f6lgyi B\u00e9la\" aria-label=\"Garamv\u00f6lgyi B\u00e9la\" class=\"img-responsive wp-image-2844 fusion-gallery-image-size-fixed\"  \/><div class=\"awb-imageframe-caption-container\"><div class=\"awb-imageframe-caption\"><h2 class=\"awb-imageframe-caption-title\">Garamv\u00f6lgyi B\u00e9la<\/h2><\/div><\/div><\/a><\/div><\/div><div style=\"padding:5px;\" class=\"fusion-grid-column fusion-gallery-column fusion-gallery-column-3\"><div class=\"fusion-gallery-image awb-imageframe-style awb-imageframe-style-resa\"><a href=\"https:\/\/www.facebook.com\/profile.php?id=100012774795218&amp;sk=about\" data-title=\"G\u00f6b\u00f6ly\u00f6s M\u00e1rta\" title=\"G\u00f6b\u00f6ly\u00f6s M\u00e1rta\" rel=\"noreferrer\" data-rel=\"iLightbox[gallery_image_1]\" class=\"fusion-lightbox\" target=\"_blank\"><img decoding=\"async\" src=\"https:\/\/gerzsonpal.hu\/wp-content\/uploads\/2026\/01\/Gobolyos-Marta-2-460x295.jpg\" width=\"460\" height=\"295\" alt=\"\" title=\"G\u00f6b\u00f6ly\u00f6s M\u00e1rta\" aria-label=\"G\u00f6b\u00f6ly\u00f6s M\u00e1rta\" class=\"img-responsive wp-image-4626 fusion-gallery-image-size-fixed\"  \/><div class=\"awb-imageframe-caption-container\"><div class=\"awb-imageframe-caption\"><h2 class=\"awb-imageframe-caption-title\">G\u00f6b\u00f6ly\u00f6s M\u00e1rta<\/h2><\/div><\/div><\/a><\/div><\/div><div style=\"padding:5px;\" class=\"fusion-grid-column fusion-gallery-column fusion-gallery-column-3\"><div class=\"fusion-gallery-image awb-imageframe-style awb-imageframe-style-resa\"><a href=\"https:\/\/gerzsonpal.hu\/wp-content\/uploads\/2025\/04\/ifj.-Durko-Zsolt.jpg\" data-title=\"ifj. Durk\u00f3 Zsolt\" title=\"ifj. Durk\u00f3 Zsolt\" rel=\"noreferrer\" data-rel=\"iLightbox[gallery_image_1]\" class=\"fusion-lightbox\" target=\"_blank\"><img decoding=\"async\" src=\"https:\/\/gerzsonpal.hu\/wp-content\/uploads\/2025\/04\/ifj.-Durko-Zsolt-460x295.jpg\" width=\"460\" height=\"295\" alt=\"\" title=\"ifj. Durk\u00f3 Zsolt\" aria-label=\"ifj. Durk\u00f3 Zsolt\" class=\"img-responsive wp-image-2840 fusion-gallery-image-size-fixed\"  \/><div class=\"awb-imageframe-caption-container\"><div class=\"awb-imageframe-caption\"><h2 class=\"awb-imageframe-caption-title\">ifj. Durk\u00f3 Zsolt<\/h2><\/div><\/div><\/a><\/div><\/div><div class=\"clearfix\"><\/div><div style=\"padding:5px;\" class=\"fusion-grid-column fusion-gallery-column fusion-gallery-column-3\"><div class=\"fusion-gallery-image awb-imageframe-style awb-imageframe-style-resa\"><a href=\"https:\/\/www.kecskesandras.com\/\" data-title=\"Kecsk\u00e9s Andr\u00e1s\" title=\"Kecsk\u00e9s Andr\u00e1s\" rel=\"noreferrer\" data-rel=\"iLightbox[gallery_image_1]\" class=\"fusion-lightbox\" target=\"_blank\"><img decoding=\"async\" src=\"https:\/\/gerzsonpal.hu\/wp-content\/uploads\/2025\/04\/Kecskes-Andras-460x295.jpg\" width=\"460\" height=\"295\" alt=\"\" title=\"Kecsk\u00e9s Andr\u00e1s\" aria-label=\"Kecsk\u00e9s Andr\u00e1s\" class=\"img-responsive wp-image-2836 fusion-gallery-image-size-fixed\"  \/><div class=\"awb-imageframe-caption-container\"><div class=\"awb-imageframe-caption\"><h2 class=\"awb-imageframe-caption-title\">Kecsk\u00e9s Andr\u00e1s<\/h2><\/div><\/div><\/a><\/div><\/div><div style=\"padding:5px;\" class=\"fusion-grid-column fusion-gallery-column fusion-gallery-column-3\"><div class=\"fusion-gallery-image awb-imageframe-style awb-imageframe-style-resa\"><a href=\"https:\/\/magyarimarton.hu\/\" data-title=\"Magyari M\u00e1rton\" title=\"Magyari M\u00e1rton\" rel=\"noreferrer\" data-rel=\"iLightbox[gallery_image_1]\" class=\"fusion-lightbox\" target=\"_blank\"><img decoding=\"async\" src=\"https:\/\/gerzsonpal.hu\/wp-content\/uploads\/2025\/04\/Magyari-Marton-460x295.jpg\" width=\"460\" height=\"295\" alt=\"\" title=\"Magyari M\u00e1rton\" aria-label=\"Magyari M\u00e1rton\" class=\"img-responsive wp-image-2832 fusion-gallery-image-size-fixed\"  \/><div class=\"awb-imageframe-caption-container\"><div class=\"awb-imageframe-caption\"><h2 class=\"awb-imageframe-caption-title\">Magyari M\u00e1rton<\/h2><\/div><\/div><\/a><\/div><\/div><div style=\"padding:5px;\" class=\"fusion-grid-column fusion-gallery-column fusion-gallery-column-3\"><div class=\"fusion-gallery-image awb-imageframe-style awb-imageframe-style-resa\"><a href=\"https:\/\/miksabalint.hu\/\" data-title=\"Miksa B\u00e1lint\" title=\"Miksa B\u00e1lint\" rel=\"noreferrer\" data-rel=\"iLightbox[gallery_image_1]\" class=\"fusion-lightbox\" target=\"_blank\"><img decoding=\"async\" src=\"https:\/\/gerzsonpal.hu\/wp-content\/uploads\/2026\/01\/Miksa_Balint-3-460x295.jpg\" width=\"460\" height=\"295\" alt=\"\" title=\"Miksa B\u00e1lint\" aria-label=\"Miksa B\u00e1lint\" class=\"img-responsive wp-image-4625 fusion-gallery-image-size-fixed\"  \/><div class=\"awb-imageframe-caption-container\"><div class=\"awb-imageframe-caption\"><h2 class=\"awb-imageframe-caption-title\">Miksa B\u00e1lint<\/h2><\/div><\/div><\/a><\/div><\/div><div class=\"clearfix\"><\/div><div style=\"padding:5px;\" class=\"fusion-grid-column fusion-gallery-column fusion-gallery-column-3\"><div class=\"fusion-gallery-image awb-imageframe-style awb-imageframe-style-resa\"><a href=\"https:\/\/szegedicsaba.hu\/hu\/\" data-title=\"Szegedi Csaba\" title=\"Szegedi Csaba\" rel=\"noreferrer\" data-rel=\"iLightbox[gallery_image_1]\" class=\"fusion-lightbox\" target=\"_blank\"><img decoding=\"async\" src=\"https:\/\/gerzsonpal.hu\/wp-content\/uploads\/2025\/04\/Szegedi-Csaba-460x295.jpg\" width=\"460\" height=\"295\" alt=\"\" title=\"Szegedi Csaba\" aria-label=\"Szegedi Csaba\" class=\"img-responsive wp-image-2828 fusion-gallery-image-size-fixed\"  \/><div class=\"awb-imageframe-caption-container\"><div class=\"awb-imageframe-caption\"><h2 class=\"awb-imageframe-caption-title\">Szegedi Csaba<\/h2><\/div><\/div><\/a><\/div><\/div><div style=\"padding:5px;\" class=\"fusion-grid-column fusion-gallery-column fusion-gallery-column-3\"><div class=\"fusion-gallery-image awb-imageframe-style awb-imageframe-style-resa\"><a href=\"https:\/\/www.facebook.com\/gabriel.dionyzos\" data-title=\"Tari G\u00e1bor\" title=\"Tari G\u00e1bor\" rel=\"noreferrer\" data-rel=\"iLightbox[gallery_image_1]\" class=\"fusion-lightbox\" target=\"_blank\"><img decoding=\"async\" src=\"https:\/\/gerzsonpal.hu\/wp-content\/uploads\/2025\/04\/Tari-Gabor-460x295.jpg\" width=\"460\" height=\"295\" alt=\"\" title=\"Tari G\u00e1bor\" aria-label=\"Tari G\u00e1bor\" class=\"img-responsive wp-image-2824 fusion-gallery-image-size-fixed\"  \/><div class=\"awb-imageframe-caption-container\"><div class=\"awb-imageframe-caption\"><h2 class=\"awb-imageframe-caption-title\">Tari G\u00e1bor<\/h2><\/div><\/div><\/a><\/div><\/div><div style=\"padding:5px;\" class=\"fusion-grid-column fusion-gallery-column fusion-gallery-column-3\"><div class=\"fusion-gallery-image awb-imageframe-style awb-imageframe-style-resa\"><a href=\"http:\/\/www.artezi.hu\/artist.php?formFieldpicture=vago\" data-title=\"V\u00e1g\u00f3 Magda\" title=\"V\u00e1g\u00f3 Magda\" rel=\"noreferrer\" data-rel=\"iLightbox[gallery_image_1]\" class=\"fusion-lightbox\" target=\"_blank\"><img decoding=\"async\" src=\"https:\/\/gerzsonpal.hu\/wp-content\/uploads\/2025\/04\/Vago-Magda-460x295.jpg\" width=\"460\" height=\"295\" alt=\"\" title=\"V\u00e1g\u00f3 Magda\" aria-label=\"V\u00e1g\u00f3 Magda\" class=\"img-responsive wp-image-2820 fusion-gallery-image-size-fixed\"  \/><div class=\"awb-imageframe-caption-container\"><div class=\"awb-imageframe-caption\"><h2 class=\"awb-imageframe-caption-title\">V\u00e1g\u00f3 Magda<\/h2><\/div><\/div><\/a><\/div><\/div><div class=\"clearfix\"><\/div><\/div><\/div><\/div><\/div><\/div><\/div><\/p>\n","protected":false},"excerpt":{"rendered":"","protected":false},"author":1,"featured_media":0,"parent":3430,"menu_order":0,"comment_status":"closed","ping_status":"closed","template":"","meta":{"footnotes":""},"class_list":["post-3795","page","type-page","status-publish","hentry"],"_links":{"self":[{"href":"https:\/\/gerzsonpal.hu\/de\/wp-json\/wp\/v2\/pages\/3795","targetHints":{"allow":["GET"]}}],"collection":[{"href":"https:\/\/gerzsonpal.hu\/de\/wp-json\/wp\/v2\/pages"}],"about":[{"href":"https:\/\/gerzsonpal.hu\/de\/wp-json\/wp\/v2\/types\/page"}],"author":[{"embeddable":true,"href":"https:\/\/gerzsonpal.hu\/de\/wp-json\/wp\/v2\/users\/1"}],"replies":[{"embeddable":true,"href":"https:\/\/gerzsonpal.hu\/de\/wp-json\/wp\/v2\/comments?post=3795"}],"version-history":[{"count":12,"href":"https:\/\/gerzsonpal.hu\/de\/wp-json\/wp\/v2\/pages\/3795\/revisions"}],"predecessor-version":[{"id":4629,"href":"https:\/\/gerzsonpal.hu\/de\/wp-json\/wp\/v2\/pages\/3795\/revisions\/4629"}],"up":[{"embeddable":true,"href":"https:\/\/gerzsonpal.hu\/de\/wp-json\/wp\/v2\/pages\/3430"}],"wp:attachment":[{"href":"https:\/\/gerzsonpal.hu\/de\/wp-json\/wp\/v2\/media?parent=3795"}],"curies":[{"name":"wp","href":"https:\/\/api.w.org\/{rel}","templated":true}]}}