{"id":3422,"date":"2025-07-02T00:38:03","date_gmt":"2025-07-01T22:38:03","guid":{"rendered":"https:\/\/gerzsonpal.hu\/biographie\/"},"modified":"2026-01-02T18:01:41","modified_gmt":"2026-01-02T17:01:41","slug":"biographie","status":"publish","type":"page","link":"https:\/\/gerzsonpal.hu\/en\/biographie\/","title":{"rendered":"Biography"},"content":{"rendered":"<p><div class=\"fusion-fullwidth fullwidth-box fusion-builder-row-1 fusion-flex-container has-pattern-background has-mask-background nonhundred-percent-fullwidth non-hundred-percent-height-scrolling\" style=\"--awb-background-position:left top;--awb-border-sizes-top:0px;--awb-border-sizes-bottom:0px;--awb-border-sizes-left:0px;--awb-border-sizes-right:0px;--awb-border-radius-top-left:0px;--awb-border-radius-top-right:0px;--awb-border-radius-bottom-right:0px;--awb-border-radius-bottom-left:0px;--awb-padding-top:0px;--awb-padding-right:30px;--awb-padding-bottom:0px;--awb-padding-left:30px;--awb-margin-top:20px;--awb-margin-bottom:50px;--awb-background-color:rgba(229,194,137,0.31);--awb-flex-wrap:wrap;\" ><div class=\"fusion-builder-row fusion-row fusion-flex-align-items-flex-start fusion-flex-content-wrap\" style=\"max-width:1216.8px;margin-left: calc(-4% \/ 2 );margin-right: calc(-4% \/ 2 );\"><div class=\"fusion-layout-column fusion_builder_column fusion-builder-column-0 fusion_builder_column_1_1 1_1 fusion-flex-column\" style=\"--awb-bg-blend:overlay;--awb-bg-size:cover;--awb-width-large:100%;--awb-margin-top-large:0px;--awb-spacing-right-large:1.92%;--awb-margin-bottom-large:30px;--awb-spacing-left-large:1.92%;--awb-width-medium:100%;--awb-spacing-right-medium:1.92%;--awb-spacing-left-medium:1.92%;--awb-width-small:100%;--awb-spacing-right-small:1.92%;--awb-spacing-left-small:1.92%;\"><div class=\"fusion-column-wrapper fusion-flex-justify-content-flex-start fusion-content-layout-column\"><div class=\"fusion-text fusion-text-1 fusion-text-no-margin\" style=\"--awb-content-alignment:justify;--awb-line-height:1.7;--awb-text-color:#ffffff;--awb-margin-top:30px;--awb-margin-bottom:30px;\"><p><img decoding=\"async\" class=\"lazyload  wp-image-1269 alignleft\" src=\"data:image\/svg+xml,%3Csvg%20xmlns%3D%27http%3A%2F%2Fwww.w3.org%2F2000%2Fsvg%27%20width%3D%27199%27%20height%3D%27153%27%20viewBox%3D%270%200%20199%20153%27%3E%3Crect%20width%3D%27199%27%20height%3D%27153%27%20fill-opacity%3D%220%22%2F%3E%3C%2Fsvg%3E\" data-orig-src=\"https:\/\/gerzsonpal.hu\/wp-content\/uploads\/2015\/11\/photo-bio.jpg\" alt=\"\" width=\"199\" height=\"153\">P\u00e1l Gerzson was born on January 25, 1931 in Hird (southern Hungary). He died in Budapest on May 27, 2008. As a child, his family moved frequently, following the appointments of his father, a veterinarian stationed in different regions, and the constraints of the wartime situation. P\u00e1l Gerzson began his studies at the Gymnasium in Nagyk\u00e1roly (today in Romania), continued them in Ungv\u00e1r (today in Ukraine) and finished them in K\u0151szeg, where he obtained his baccalaureate in 1949. Istv\u00e1n Lelkes, his drawing teacher, noticed his talent and directed him to the Fine Arts School (Beaux-Arts) in Budapest, where Gerzson studied until 1953. His masters are J\u00e1nos Kmetty, Gyula Hincz and Endre Domanovszky. He marries a colleague from the Beaux-Arts. The couple had three children. Gerzson studied geometry at Budapest University, graduating in 1955.<\/p>\n<p>D\u00e8s 1953, P\u00e1l Gerzson fait partie du Studio des jeunes artistes (Fiatal M\u0171v\u00e9szek St\u00fadi\u00f3ja), puis d\u00e8s 1955, du Fonds artistique (M\u0171v\u00e9szeti Alap). He taught at the Budapest School of Applied Arts between 1960 and 1974. He became a member of the Hungarian Fine Arts Association in 1964. Appointed professor at the Beaux-Arts in 1974, he taught there until his retirement in 1996. In 1988, he was one of the founders of the Hungarian Society of Fine Arts (Magyar Sz\u00e9pm\u00edves T\u00e1rsas\u00e1g). In 1992, he was one of the founders of the Hungarian Academy of Arts. Between 1992 and 1999, he was President of the Hungarian Association of Fine and Applied Arts.<\/p>\n<p>His professional career is three-fold: painter (he has exhibited regularly since 1954), professor (36 years in total at the two higher education institutions) and important figure in the public life of art in Hungary.<\/p>\n<\/div><\/div><\/div><\/div><\/div><div class=\"fusion-fullwidth fullwidth-box fusion-builder-row-2 fusion-flex-container has-pattern-background has-mask-background hundred-percent-fullwidth non-hundred-percent-height-scrolling\" style=\"--awb-border-radius-top-left:0px;--awb-border-radius-top-right:0px;--awb-border-radius-bottom-right:0px;--awb-border-radius-bottom-left:0px;--awb-background-color:rgba(0,0,0,0);--awb-flex-wrap:wrap;\" ><div class=\"fusion-builder-row fusion-row fusion-flex-align-items-flex-start fusion-flex-content-wrap\" style=\"width:104% !important;max-width:104% !important;margin-left: calc(-4% \/ 2 );margin-right: calc(-4% \/ 2 );\"><div class=\"fusion-layout-column fusion_builder_column fusion-builder-column-1 fusion_builder_column_1_2 1_2 fusion-flex-column\" style=\"--awb-bg-size:cover;--awb-width-large:50%;--awb-margin-top-large:0px;--awb-spacing-right-large:3.84%;--awb-margin-bottom-large:50px;--awb-spacing-left-large:3.84%;--awb-width-medium:100%;--awb-order-medium:0;--awb-spacing-right-medium:1.92%;--awb-spacing-left-medium:1.92%;--awb-width-small:100%;--awb-order-small:0;--awb-spacing-right-small:1.92%;--awb-spacing-left-small:1.92%;\"><div class=\"fusion-column-wrapper fusion-column-has-shadow fusion-flex-justify-content-flex-start fusion-content-layout-column\"><div class=\"fusion-image-element \" style=\"--awb-aspect-ratio:4 \/ 3;--awb-caption-title-font-family:var(--h2_typography-font-family);--awb-caption-title-font-weight:var(--h2_typography-font-weight);--awb-caption-title-font-style:var(--h2_typography-font-style);--awb-caption-title-size:var(--h2_typography-font-size);--awb-caption-title-transform:var(--h2_typography-text-transform);--awb-caption-title-line-height:var(--h2_typography-line-height);--awb-caption-title-letter-spacing:var(--h2_typography-letter-spacing);\"><span class=\" fusion-imageframe imageframe-none imageframe-1 awb-imageframe-style awb-imageframe-style-dario has-aspect-ratio\"><a class=\"fusion-no-lightbox\" href=\"https:\/\/gerzsonpal.hu\/en\/biographie\/lartiste\/\" target=\"_self\" aria-label=\"L&#8217;artiste\"><img decoding=\"async\" width=\"2079\" height=\"1481\" alt=\"L&#039;artiste\" src=\"https:\/\/gerzsonpal.hu\/wp-content\/uploads\/2025\/03\/Lartiste.jpg\" data-orig-src=\"https:\/\/gerzsonpal.hu\/wp-content\/uploads\/2025\/03\/Lartiste.jpg\" class=\"lazyload img-responsive wp-image-2311 img-with-aspect-ratio\" data-parent-fit=\"cover\" data-parent-container=\".fusion-image-element\" srcset=\"data:image\/svg+xml,%3Csvg%20xmlns%3D%27http%3A%2F%2Fwww.w3.org%2F2000%2Fsvg%27%20width%3D%272079%27%20height%3D%271481%27%20viewBox%3D%270%200%202079%201481%27%3E%3Crect%20width%3D%272079%27%20height%3D%271481%27%20fill-opacity%3D%220%22%2F%3E%3C%2Fsvg%3E\" data-srcset=\"https:\/\/gerzsonpal.hu\/wp-content\/uploads\/2025\/03\/Lartiste-200x142.jpg 200w, https:\/\/gerzsonpal.hu\/wp-content\/uploads\/2025\/03\/Lartiste-400x285.jpg 400w, https:\/\/gerzsonpal.hu\/wp-content\/uploads\/2025\/03\/Lartiste-600x427.jpg 600w, https:\/\/gerzsonpal.hu\/wp-content\/uploads\/2025\/03\/Lartiste-800x570.jpg 800w, https:\/\/gerzsonpal.hu\/wp-content\/uploads\/2025\/03\/Lartiste-1200x855.jpg 1200w, https:\/\/gerzsonpal.hu\/wp-content\/uploads\/2025\/03\/Lartiste.jpg 2079w\" data-sizes=\"auto\" data-orig-sizes=\"(max-width: 1024px) 100vw, (max-width: 640px) 100vw, 600px\" \/><div class=\"awb-imageframe-caption-container\"><div class=\"awb-imageframe-caption\"><h2 class=\"awb-imageframe-caption-title\">THE ARTIST<\/h2><\/div><\/div><\/a><\/span><\/div><\/div><\/div><div class=\"fusion-layout-column fusion_builder_column fusion-builder-column-2 fusion_builder_column_1_2 1_2 fusion-flex-column\" style=\"--awb-bg-size:cover;--awb-width-large:50%;--awb-margin-top-large:0px;--awb-spacing-right-large:3.84%;--awb-margin-bottom-large:50px;--awb-spacing-left-large:3.84%;--awb-width-medium:100%;--awb-order-medium:0;--awb-spacing-right-medium:1.92%;--awb-spacing-left-medium:1.92%;--awb-width-small:100%;--awb-order-small:0;--awb-spacing-right-small:1.92%;--awb-spacing-left-small:1.92%;\"><div class=\"fusion-column-wrapper fusion-column-has-shadow fusion-flex-justify-content-flex-start fusion-content-layout-column\"><div class=\"fusion-image-element \" style=\"--awb-aspect-ratio:4 \/ 3;--awb-caption-title-font-family:var(--h2_typography-font-family);--awb-caption-title-font-weight:var(--h2_typography-font-weight);--awb-caption-title-font-style:var(--h2_typography-font-style);--awb-caption-title-size:var(--h2_typography-font-size);--awb-caption-title-transform:var(--h2_typography-text-transform);--awb-caption-title-line-height:var(--h2_typography-line-height);--awb-caption-title-letter-spacing:var(--h2_typography-letter-spacing);\"><span class=\" fusion-imageframe imageframe-none imageframe-2 awb-imageframe-style awb-imageframe-style-dario has-aspect-ratio\"><a class=\"fusion-no-lightbox\" href=\"https:\/\/gerzsonpal.hu\/en\/biographie\/le-professeur\/\" target=\"_self\" aria-label=\"Prof_3\"><img decoding=\"async\" width=\"1080\" height=\"660\" src=\"https:\/\/gerzsonpal.hu\/wp-content\/uploads\/2015\/11\/Prof_3.jpg\" data-orig-src=\"https:\/\/gerzsonpal.hu\/wp-content\/uploads\/2015\/11\/Prof_3.jpg\" class=\"lazyload img-responsive wp-image-2759 img-with-aspect-ratio\" data-parent-fit=\"cover\" data-parent-container=\".fusion-image-element\" alt srcset=\"data:image\/svg+xml,%3Csvg%20xmlns%3D%27http%3A%2F%2Fwww.w3.org%2F2000%2Fsvg%27%20width%3D%271080%27%20height%3D%27660%27%20viewBox%3D%270%200%201080%20660%27%3E%3Crect%20width%3D%271080%27%20height%3D%27660%27%20fill-opacity%3D%220%22%2F%3E%3C%2Fsvg%3E\" data-srcset=\"https:\/\/gerzsonpal.hu\/wp-content\/uploads\/2015\/11\/Prof_3-200x122.jpg 200w, https:\/\/gerzsonpal.hu\/wp-content\/uploads\/2015\/11\/Prof_3-400x244.jpg 400w, https:\/\/gerzsonpal.hu\/wp-content\/uploads\/2015\/11\/Prof_3-600x367.jpg 600w, https:\/\/gerzsonpal.hu\/wp-content\/uploads\/2015\/11\/Prof_3-800x489.jpg 800w, https:\/\/gerzsonpal.hu\/wp-content\/uploads\/2015\/11\/Prof_3.jpg 1080w\" data-sizes=\"auto\" data-orig-sizes=\"(max-width: 1024px) 100vw, (max-width: 640px) 100vw, 600px\" \/><div class=\"awb-imageframe-caption-container\"><div class=\"awb-imageframe-caption\"><h2 class=\"awb-imageframe-caption-title\">THE PROFESSOR<\/h2><\/div><\/div><\/a><\/span><\/div><\/div><\/div><\/div><\/div><\/p>\n","protected":false},"excerpt":{"rendered":"","protected":false},"author":1,"featured_media":0,"parent":0,"menu_order":0,"comment_status":"open","ping_status":"closed","template":"","meta":{"footnotes":""},"class_list":["post-3422","page","type-page","status-publish","hentry"],"_links":{"self":[{"href":"https:\/\/gerzsonpal.hu\/en\/wp-json\/wp\/v2\/pages\/3422","targetHints":{"allow":["GET"]}}],"collection":[{"href":"https:\/\/gerzsonpal.hu\/en\/wp-json\/wp\/v2\/pages"}],"about":[{"href":"https:\/\/gerzsonpal.hu\/en\/wp-json\/wp\/v2\/types\/page"}],"author":[{"embeddable":true,"href":"https:\/\/gerzsonpal.hu\/en\/wp-json\/wp\/v2\/users\/1"}],"replies":[{"embeddable":true,"href":"https:\/\/gerzsonpal.hu\/en\/wp-json\/wp\/v2\/comments?post=3422"}],"version-history":[{"count":13,"href":"https:\/\/gerzsonpal.hu\/en\/wp-json\/wp\/v2\/pages\/3422\/revisions"}],"predecessor-version":[{"id":4428,"href":"https:\/\/gerzsonpal.hu\/en\/wp-json\/wp\/v2\/pages\/3422\/revisions\/4428"}],"wp:attachment":[{"href":"https:\/\/gerzsonpal.hu\/en\/wp-json\/wp\/v2\/media?parent=3422"}],"curies":[{"name":"wp","href":"https:\/\/api.w.org\/{rel}","templated":true}]}}