{"id":3752,"date":"2025-07-02T00:39:30","date_gmt":"2025-07-01T22:39:30","guid":{"rendered":"https:\/\/gerzsonpal.hu\/la-fondation\/"},"modified":"2026-01-02T19:21:22","modified_gmt":"2026-01-02T18:21:22","slug":"la-fondation","status":"publish","type":"page","link":"https:\/\/gerzsonpal.hu\/en\/la-fondation\/","title":{"rendered":"The Foundation"},"content":{"rendered":"<div class=\"fusion-fullwidth fullwidth-box fusion-builder-row-1 fusion-flex-container has-pattern-background has-mask-background nonhundred-percent-fullwidth non-hundred-percent-height-scrolling\" style=\"--awb-border-radius-top-left:0px;--awb-border-radius-top-right:0px;--awb-border-radius-bottom-right:0px;--awb-border-radius-bottom-left:0px;--awb-background-color:rgba(229,194,137,0.31);--awb-flex-wrap:wrap;\" ><div class=\"fusion-builder-row fusion-row fusion-flex-align-items-flex-start fusion-flex-content-wrap\" style=\"max-width:1216.8px;margin-left: calc(-4% \/ 2 );margin-right: calc(-4% \/ 2 );\"><div class=\"fusion-layout-column fusion_builder_column fusion-builder-column-0 fusion_builder_column_1_1 1_1 fusion-flex-column\" style=\"--awb-bg-size:cover;--awb-width-large:100%;--awb-margin-top-large:0px;--awb-spacing-right-large:1.92%;--awb-margin-bottom-large:50px;--awb-spacing-left-large:1.92%;--awb-width-medium:100%;--awb-order-medium:0;--awb-spacing-right-medium:1.92%;--awb-spacing-left-medium:1.92%;--awb-width-small:100%;--awb-order-small:0;--awb-spacing-right-small:1.92%;--awb-spacing-left-small:1.92%;\"><div class=\"fusion-column-wrapper fusion-column-has-shadow fusion-flex-justify-content-flex-start fusion-content-layout-column\"><div class=\"fusion-text fusion-text-1 fusion-text-no-margin\" style=\"--awb-content-alignment:justify;--awb-line-height:2;--awb-text-color:#ffffff;--awb-margin-top:40px;--awb-margin-right:40px;--awb-margin-bottom:-10px;--awb-margin-left:40px;\"><p><img decoding=\"async\" class=\"lazyload wp-image-1690 alignleft\" src=\"https:\/\/gerzsonpal.hu\/wp-content\/uploads\/2015\/11\/Gerzson_logo.jpg\" data-orig-src=\"https:\/\/gerzsonpal.hu\/wp-content\/uploads\/2015\/11\/Gerzson_logo.jpg\" alt=\"\" width=\"353\" height=\"272\" srcset=\"data:image\/svg+xml,%3Csvg%20xmlns%3D%27http%3A%2F%2Fwww.w3.org%2F2000%2Fsvg%27%20width%3D%27353%27%20height%3D%27272%27%20viewBox%3D%270%200%20353%20272%27%3E%3Crect%20width%3D%27353%27%20height%3D%27272%27%20fill-opacity%3D%220%22%2F%3E%3C%2Fsvg%3E\" data-srcset=\"https:\/\/gerzsonpal.hu\/wp-content\/uploads\/2015\/11\/Gerzson_logo-200x154.jpg 200w, https:\/\/gerzsonpal.hu\/wp-content\/uploads\/2015\/11\/Gerzson_logo-300x231.jpg 300w, https:\/\/gerzsonpal.hu\/wp-content\/uploads\/2015\/11\/Gerzson_logo-400x308.jpg 400w, https:\/\/gerzsonpal.hu\/wp-content\/uploads\/2015\/11\/Gerzson_logo-600x462.jpg 600w, https:\/\/gerzsonpal.hu\/wp-content\/uploads\/2015\/11\/Gerzson_logo.jpg 624w\" data-sizes=\"auto\" data-orig-sizes=\"(max-width: 353px) 100vw, 353px\" \/>Gerzson P\u00e1l M\u0171v\u00e9szeti Alap\u00edtv\u00e1ny (Gerzson P\u00e1l Art Foundation)<\/p>\n<p>The Foundation was established in 2012. It is based in Szigliget and its aim is to preserve the memory of the artist and his work. To this end, the Foundation supports research and the collection of documentation concerning P\u00e1l Gerzson&#8217;s work, as well as the communication and dissemination of the resulting information.<br \/>\nP\u00e1l Gerzson&#8217;s archives are currently being entered into a <a href=\"https:\/\/gerzsonarchivum.org\/\">database<\/a>. It contains reproductions of works, sketches, studies, various notes, photos, correspondence, various documents as well as secondary literature.<\/p>\n<\/div><\/div><\/div><\/div><\/div>\n","protected":false},"excerpt":{"rendered":"","protected":false},"author":1,"featured_media":0,"parent":0,"menu_order":0,"comment_status":"open","ping_status":"closed","template":"","meta":{"footnotes":""},"class_list":["post-3752","page","type-page","status-publish","hentry"],"_links":{"self":[{"href":"https:\/\/gerzsonpal.hu\/en\/wp-json\/wp\/v2\/pages\/3752","targetHints":{"allow":["GET"]}}],"collection":[{"href":"https:\/\/gerzsonpal.hu\/en\/wp-json\/wp\/v2\/pages"}],"about":[{"href":"https:\/\/gerzsonpal.hu\/en\/wp-json\/wp\/v2\/types\/page"}],"author":[{"embeddable":true,"href":"https:\/\/gerzsonpal.hu\/en\/wp-json\/wp\/v2\/users\/1"}],"replies":[{"embeddable":true,"href":"https:\/\/gerzsonpal.hu\/en\/wp-json\/wp\/v2\/comments?post=3752"}],"version-history":[{"count":16,"href":"https:\/\/gerzsonpal.hu\/en\/wp-json\/wp\/v2\/pages\/3752\/revisions"}],"predecessor-version":[{"id":4541,"href":"https:\/\/gerzsonpal.hu\/en\/wp-json\/wp\/v2\/pages\/3752\/revisions\/4541"}],"wp:attachment":[{"href":"https:\/\/gerzsonpal.hu\/en\/wp-json\/wp\/v2\/media?parent=3752"}],"curies":[{"name":"wp","href":"https:\/\/api.w.org\/{rel}","templated":true}]}}