{"id":3789,"date":"2024-12-27T15:22:48","date_gmt":"2024-12-27T14:22:48","guid":{"rendered":"https:\/\/gerzsonpal.hu\/le-professeur\/"},"modified":"2026-01-09T02:56:21","modified_gmt":"2026-01-09T01:56:21","slug":"le-professeur","status":"publish","type":"page","link":"https:\/\/gerzsonpal.hu\/en\/biographie\/le-professeur\/","title":{"rendered":"The Master"},"content":{"rendered":"<p><div class=\"fusion-fullwidth fullwidth-box fusion-builder-row-1 fusion-flex-container has-pattern-background has-mask-background nonhundred-percent-fullwidth non-hundred-percent-height-scrolling\" style=\"--awb-border-radius-top-left:0px;--awb-border-radius-top-right:0px;--awb-border-radius-bottom-right:0px;--awb-border-radius-bottom-left:0px;--awb-padding-bottom:0px;--awb-margin-bottom:0px;--awb-background-color:rgba(229,194,137,0.31);--awb-flex-wrap:wrap;\" ><div class=\"fusion-builder-row fusion-row fusion-flex-align-items-flex-start fusion-flex-content-wrap\" style=\"max-width:1216.8px;margin-left: calc(-4% \/ 2 );margin-right: calc(-4% \/ 2 );\"><div class=\"fusion-layout-column fusion_builder_column fusion-builder-column-0 fusion_builder_column_1_1 1_1 fusion-flex-column\" style=\"--awb-bg-size:cover;--awb-width-large:100%;--awb-margin-top-large:0px;--awb-spacing-right-large:1.92%;--awb-margin-bottom-large:50px;--awb-spacing-left-large:1.92%;--awb-width-medium:100%;--awb-order-medium:0;--awb-spacing-right-medium:1.92%;--awb-spacing-left-medium:1.92%;--awb-width-small:100%;--awb-order-small:0;--awb-spacing-right-small:1.92%;--awb-spacing-left-small:1.92%;\"><div class=\"fusion-column-wrapper fusion-column-has-shadow fusion-flex-justify-content-flex-start fusion-content-layout-column\"><div class=\"fusion-text fusion-text-1 fusion-text-no-margin\" style=\"--awb-content-alignment:justify;--awb-line-height:1.5;--awb-text-color:#ffffff;--awb-margin-top:40px;--awb-margin-right:40px;--awb-margin-bottom:-20px;--awb-margin-left:40px;\"><p><strong>P\u00e1l Gerzson taught for decades, first at the Budapest School of Applied Arts between 1960 and 1974, and then at the Budapest Academy of Fine Arts between 1974 and 1996. Many of his students are now renowned artists. <\/strong><\/p>\n<p>\u00ab P\u00e1l Gerzson was my teacher, a stern and consistent young man, with clear and intelligent speech; we, his students, were proud to learn from him. \u00bb <em>P\u00e1l<\/em> <em>Antal<\/em>, <em>graphic artist<\/em><\/p>\n<p>\u00ab He wasn&#8217;t talkative, it&#8217;s true. He corrected us with few words to always get to the point. \u00bb <em>M\u00e1rta G\u00f6b\u00f6ly\u00f6s, textile artist<\/em><\/p>\n<p>\u00ab Then he said a few simple sentences to ponder. Try to draw as if you only had 5 minutes. Observe everything, fine, but only let the essential elements appear on the paper. \u00bb <em>Csaba \u00c1sztai, painter<\/em><\/p>\n<p>\u00ab Every summer, we spent a month in Szigliget, where the beauty of the landscape enchanted us. The mind was then freed and the imagination cascaded to the Balaton. \u00bb <em>Magda V\u00e1g\u00f3, painter<\/em><\/p>\n<p>\u00ab Our master exhorted us to professional integrity and a great deal of humility when we had a brush wriggling between our fingers and the searching fervor, we opened our eyes and our souls. \u00bb <em>Csaba Szegedi, painter<\/em><\/p>\n<p>\u00ab He brought to our attention the richness and beauty of the pictorial tradition and of human culture in general. \u00bb <em>Erzs\u00e9bet<\/em> <em>Egri<\/em>, <em>painter<\/em> <em>artist<\/em><\/p>\n<p>\u00ab I understand today how conscious he was of representing the substance of his teaching: there are pictorial values that span the ages that we must reconquer, show again and again, day after day, with talent, diligent and passionate work. \u00bb <em>M\u00e1rton<\/em> <em>Magyari<\/em>, <em>painter<\/em><\/p>\n<p>\u00ab The Master liked to come to work early. Upon arriving, he would invite early-rising students to his studio for tea. These sessions were incredibly instructive. He would talk about his own paintings. He would discuss every possible subject that occupied him, from the conception of the idea of representation through images, to the solutions to compositional problems, down to the smallest details of painting technique. He spoke of the miracles of Szigliget, of the painter Egry, and of the lights of the Pannonian landscape. \u00bb <em>B\u00e9la Garamv\u00f6lgyi, painter<\/em><\/p>\n<p>\u00ab His colorism could be explained by the mystery of the melodies that remain in the head and that we hum after a concert. It is the evocative forces of colors and the system of multi-lame correlations, precisely tuned, that create this ethereal and captivating artistic effect, inaccessible to many people. \u00bb <em>G\u00e1bor Tari,<\/em> <em>painter<\/em> <em>artist<\/em><\/p>\n<p>\u00ab In addition to the frequent correction sessions in the studio, from time to time, we had the opportunity to go up to the third floor to bring a larger compilation of our creations. These consultations also allowed us to have permanent access to his studio, to follow the evolution of his painting, the birth, the progress of his paintings. While sipping tea or coffee and \u2013 let&#8217;s face it \u2013 enveloped in the smog of a blonde, we analyzed our &#8216;harvests&#8217; with him then, after the discussion, we left him, armed with his teachings and values to digest. \u00bb <em>Ifj. Durk\u00f3 <\/em> <em>Zsolt, painter<\/em><\/p>\n<p>\u00ab His speech served as a lesson for me for life: How could checkmate be the fault of the chessboard? In a situation close to checkmate, turning the board over instead of making the effort is an immeasurable escape. If we take checkmate, we put the pawns back in place and begin the rematch. \u00bb <em>Tam\u00e1s Cserna<\/em>, <em>painter<\/em><\/p>\n<p>\u00ab At the Higher School, our training took place in two different locations: in our shared studio, number 13 on the second floor, and in the Master&#8217;s studio, one floor above. Downstairs, we discussed everyday problems that arose during our studies, while upstairs, over terribly strong tea, we discussed all other topics, and sometimes also the Master&#8217;s works. \u00bb <em>Gy\u00f6rgy<\/em> <em>Bokor<\/em>, <em>painter<\/em> <em>artist<\/em><\/p>\n<p>\u00ab His corrections were always laser-cut to perfection. He illustrated the essence of his critiques with examples from art history or through works by the greatest painters. One learned a lot from him: understanding a work, the essence of reasoning through images. In order to grasp and absorb his corrections, one first had to be able to stay afloat in his erudition. \u00bb <em>Andr\u00e1s Kecsk\u00e9s<\/em>, <em>painter<\/em> <em>artist<\/em><\/p>\n<\/div><\/div><\/div><\/div><\/div><div class=\"fusion-fullwidth fullwidth-box fusion-builder-row-2 fusion-flex-container has-pattern-background has-mask-background nonhundred-percent-fullwidth non-hundred-percent-height-scrolling\" style=\"--awb-border-radius-top-left:0px;--awb-border-radius-top-right:0px;--awb-border-radius-bottom-right:0px;--awb-border-radius-bottom-left:0px;--awb-margin-top:40px;--awb-background-color:rgba(0,0,0,0);--awb-flex-wrap:wrap;\" ><div class=\"fusion-builder-row fusion-row fusion-flex-align-items-flex-start fusion-flex-content-wrap\" style=\"max-width:1216.8px;margin-left: calc(-4% \/ 2 );margin-right: calc(-4% \/ 2 );\"><div class=\"fusion-layout-column fusion_builder_column fusion-builder-column-1 fusion_builder_column_1_1 1_1 fusion-flex-column\" style=\"--awb-bg-size:cover;--awb-width-large:100%;--awb-margin-top-large:0px;--awb-spacing-right-large:1.92%;--awb-margin-bottom-large:50px;--awb-spacing-left-large:1.92%;--awb-width-medium:100%;--awb-order-medium:0;--awb-spacing-right-medium:1.92%;--awb-spacing-left-medium:1.92%;--awb-width-small:100%;--awb-order-small:0;--awb-spacing-right-small:1.92%;--awb-spacing-left-small:1.92%;\"><div class=\"fusion-column-wrapper fusion-column-has-shadow fusion-flex-justify-content-flex-start fusion-content-layout-column\"><div class=\"awb-gallery-wrapper awb-gallery-wrapper-1 button-span-no\" style=\"--more-btn-alignment:center;\"><div style=\"margin:-5px;--awb-bordersize:0px;\" class=\"fusion-gallery fusion-gallery-container fusion-grid-3 fusion-columns-total-15 fusion-gallery-layout-grid fusion-gallery-1\"><div style=\"padding:5px;\" class=\"fusion-grid-column fusion-gallery-column fusion-gallery-column-3\"><div class=\"fusion-gallery-image awb-imageframe-style awb-imageframe-style-resa\"><a href=\"https:\/\/www.aranyrajzszog.hu\/szerzo\/antal-pal?year=2019\" data-title=\"Antal P\u00e1l\" title=\"Antal P\u00e1l\" rel=\"noreferrer\" data-rel=\"iLightbox[gallery_image_1]\" class=\"fusion-lightbox\" target=\"_blank\"><img decoding=\"async\" src=\"https:\/\/gerzsonpal.hu\/wp-content\/uploads\/2026\/01\/Antal-Pal-460x295.jpg\" width=\"460\" height=\"295\" alt=\"\" title=\"Antal P\u00e1l\" aria-label=\"Antal P\u00e1l\" class=\"img-responsive wp-image-4622 fusion-gallery-image-size-fixed\"  \/><div class=\"awb-imageframe-caption-container\"><div class=\"awb-imageframe-caption\"><h2 class=\"awb-imageframe-caption-title\">Antal P\u00e1l<\/h2><\/div><\/div><\/a><\/div><\/div><div style=\"padding:5px;\" class=\"fusion-grid-column fusion-gallery-column fusion-gallery-column-3\"><div class=\"fusion-gallery-image awb-imageframe-style awb-imageframe-style-resa\"><a href=\"https:\/\/asztai.hu\/\" data-title=\"\u00c1sztai Csaba\" title=\"\u00c1sztai Csaba\" rel=\"noreferrer\" data-rel=\"iLightbox[gallery_image_1]\" class=\"fusion-lightbox\" target=\"_blank\"><img decoding=\"async\" src=\"https:\/\/gerzsonpal.hu\/wp-content\/uploads\/2025\/05\/Asztai-Csaba-460x295.jpeg\" width=\"460\" height=\"295\" alt=\"\" title=\"\u00c1sztai Csaba\" aria-label=\"\u00c1sztai Csaba\" class=\"img-responsive wp-image-3279 fusion-gallery-image-size-fixed\" srcset=\"https:\/\/gerzsonpal.hu\/wp-content\/uploads\/2025\/05\/Asztai-Csaba-460x295.jpeg 460w, https:\/\/gerzsonpal.hu\/wp-content\/uploads\/2025\/05\/Asztai-Csaba-624x400.jpeg 624w\" sizes=\"(max-width: 460px) 100vw, 460px\" \/><div class=\"awb-imageframe-caption-container\"><div class=\"awb-imageframe-caption\"><h2 class=\"awb-imageframe-caption-title\">\u00c1sztai Csaba<\/h2><\/div><\/div><\/a><\/div><\/div><div style=\"padding:5px;\" class=\"fusion-grid-column fusion-gallery-column fusion-gallery-column-3\"><div class=\"fusion-gallery-image awb-imageframe-style awb-imageframe-style-resa\"><a href=\"https:\/\/www.facebook.com\/profile.php?id=100065720656566\" data-title=\"Bokor Gy\u00f6rgy\" title=\"Bokor Gy\u00f6rgy\" rel=\"noreferrer\" data-rel=\"iLightbox[gallery_image_1]\" class=\"fusion-lightbox\" target=\"_blank\"><img decoding=\"async\" src=\"https:\/\/gerzsonpal.hu\/wp-content\/uploads\/2025\/04\/Bokor-Gyorgy-460x295.jpg\" width=\"460\" height=\"295\" alt=\"\" title=\"Bokor Gy\u00f6rgy\" aria-label=\"Bokor Gy\u00f6rgy\" class=\"img-responsive wp-image-2859 fusion-gallery-image-size-fixed\"  \/><div class=\"awb-imageframe-caption-container\"><div class=\"awb-imageframe-caption\"><h2 class=\"awb-imageframe-caption-title\">Bokor Gy\u00f6rgy<\/h2><\/div><\/div><\/a><\/div><\/div><div class=\"clearfix\"><\/div><div style=\"padding:5px;\" class=\"fusion-grid-column fusion-gallery-column fusion-gallery-column-3\"><div class=\"fusion-gallery-image awb-imageframe-style awb-imageframe-style-resa\"><a href=\"https:\/\/gerzsonpal.hu\/wp-content\/uploads\/2025\/05\/Cserna-Tamas--scaled.jpg\" data-title=\"Cserna Tam\u00e1s\" title=\"Cserna Tam\u00e1s\" rel=\"noreferrer\" data-rel=\"iLightbox[gallery_image_1]\" class=\"fusion-lightbox\" target=\"_blank\"><img decoding=\"async\" src=\"https:\/\/gerzsonpal.hu\/wp-content\/uploads\/2025\/05\/Cserna-Tamas--460x295.jpg\" width=\"460\" height=\"295\" alt=\"\" title=\"Cserna Tam\u00e1s\" aria-label=\"Cserna Tam\u00e1s\" class=\"img-responsive wp-image-3271 fusion-gallery-image-size-fixed\"  \/><div class=\"awb-imageframe-caption-container\"><div class=\"awb-imageframe-caption\"><h2 class=\"awb-imageframe-caption-title\">Cserna Tam\u00e1s<\/h2><\/div><\/div><\/a><\/div><\/div><div style=\"padding:5px;\" class=\"fusion-grid-column fusion-gallery-column fusion-gallery-column-3\"><div class=\"fusion-gallery-image awb-imageframe-style awb-imageframe-style-resa\"><a href=\"https:\/\/www.facebook.com\/erzsebet.egri.315\" data-title=\"Egri Erzs\u00e9bet\" title=\"Egri Erzs\u00e9bet\" rel=\"noreferrer\" data-rel=\"iLightbox[gallery_image_1]\" class=\"fusion-lightbox\" target=\"_blank\"><img decoding=\"async\" src=\"https:\/\/gerzsonpal.hu\/wp-content\/uploads\/2025\/04\/Egri-Erzsebet-460x295.jpg\" width=\"460\" height=\"295\" alt=\"\" title=\"Egri Erzs\u00e9bet\" aria-label=\"Egri Erzs\u00e9bet\" class=\"img-responsive wp-image-2851 fusion-gallery-image-size-fixed\"  \/><div class=\"awb-imageframe-caption-container\"><div class=\"awb-imageframe-caption\"><h2 class=\"awb-imageframe-caption-title\">Egri Erzs\u00e9bet<\/h2><\/div><\/div><\/a><\/div><\/div><div style=\"padding:5px;\" class=\"fusion-grid-column fusion-gallery-column fusion-gallery-column-3\"><div class=\"fusion-gallery-image awb-imageframe-style awb-imageframe-style-resa\"><a href=\"http:\/\/www.fuzesgergely.hu\/\" data-title=\"F\u00fczes Gergely\" title=\"F\u00fczes Gergely\" rel=\"noreferrer\" data-rel=\"iLightbox[gallery_image_1]\" class=\"fusion-lightbox\" target=\"_blank\"><img decoding=\"async\" src=\"https:\/\/gerzsonpal.hu\/wp-content\/uploads\/2025\/04\/Fuzes-Gergely-460x295.jpg\" width=\"460\" height=\"295\" alt=\"\" title=\"F\u00fczes Gergely\" aria-label=\"F\u00fczes Gergely\" class=\"img-responsive wp-image-2847 fusion-gallery-image-size-fixed\"  \/><div class=\"awb-imageframe-caption-container\"><div class=\"awb-imageframe-caption\"><h2 class=\"awb-imageframe-caption-title\">F\u00fczes Gergely<\/h2><\/div><\/div><\/a><\/div><\/div><div class=\"clearfix\"><\/div><div style=\"padding:5px;\" class=\"fusion-grid-column fusion-gallery-column fusion-gallery-column-3\"><div class=\"fusion-gallery-image awb-imageframe-style awb-imageframe-style-resa\"><a href=\"https:\/\/www.facebook.com\/bela.garamvolgyi.73\/\" data-title=\"Garamv\u00f6lgyi B\u00e9la\" title=\"Garamv\u00f6lgyi B\u00e9la\" rel=\"noreferrer\" data-rel=\"iLightbox[gallery_image_1]\" class=\"fusion-lightbox\" target=\"_blank\"><img decoding=\"async\" src=\"https:\/\/gerzsonpal.hu\/wp-content\/uploads\/2025\/04\/Garamvolgyi-Bela-460x295.jpg\" width=\"460\" height=\"295\" alt=\"\" title=\"Garamv\u00f6lgyi B\u00e9la\" aria-label=\"Garamv\u00f6lgyi B\u00e9la\" class=\"img-responsive wp-image-2843 fusion-gallery-image-size-fixed\"  \/><div class=\"awb-imageframe-caption-container\"><div class=\"awb-imageframe-caption\"><h2 class=\"awb-imageframe-caption-title\">Garamv\u00f6lgyi B\u00e9la<\/h2><\/div><\/div><\/a><\/div><\/div><div style=\"padding:5px;\" class=\"fusion-grid-column fusion-gallery-column fusion-gallery-column-3\"><div class=\"fusion-gallery-image awb-imageframe-style awb-imageframe-style-resa\"><a href=\"https:\/\/www.facebook.com\/profile.php?id=100012774795218&amp;sk=about\" data-title=\"G\u00f6b\u00f6ly\u00f6s M\u00e1rta\" title=\"G\u00f6b\u00f6ly\u00f6s M\u00e1rta\" rel=\"noreferrer\" data-rel=\"iLightbox[gallery_image_1]\" class=\"fusion-lightbox\" target=\"_blank\"><img decoding=\"async\" src=\"https:\/\/gerzsonpal.hu\/wp-content\/uploads\/2026\/01\/Gobolyos-Marta-2-460x295.jpg\" width=\"460\" height=\"295\" alt=\"\" title=\"G\u00f6b\u00f6ly\u00f6s M\u00e1rta\" aria-label=\"G\u00f6b\u00f6ly\u00f6s M\u00e1rta\" class=\"img-responsive wp-image-4621 fusion-gallery-image-size-fixed\"  \/><div class=\"awb-imageframe-caption-container\"><div class=\"awb-imageframe-caption\"><h2 class=\"awb-imageframe-caption-title\">G\u00f6b\u00f6ly\u00f6s M\u00e1rta<\/h2><\/div><\/div><\/a><\/div><\/div><div style=\"padding:5px;\" class=\"fusion-grid-column fusion-gallery-column fusion-gallery-column-3\"><div class=\"fusion-gallery-image awb-imageframe-style awb-imageframe-style-resa\"><a href=\"https:\/\/gerzsonpal.hu\/wp-content\/uploads\/2025\/04\/ifj.-Durko-Zsolt.jpg\" data-title=\"ifj. Durk\u00f3 Zsolt\" title=\"ifj. Durk\u00f3 Zsolt\" rel=\"noreferrer\" data-rel=\"iLightbox[gallery_image_1]\" class=\"fusion-lightbox\" target=\"_blank\"><img decoding=\"async\" src=\"https:\/\/gerzsonpal.hu\/wp-content\/uploads\/2025\/04\/ifj.-Durko-Zsolt-460x295.jpg\" width=\"460\" height=\"295\" alt=\"\" title=\"ifj. Durk\u00f3 Zsolt\" aria-label=\"ifj. Durk\u00f3 Zsolt\" class=\"img-responsive wp-image-2839 fusion-gallery-image-size-fixed\"  \/><div class=\"awb-imageframe-caption-container\"><div class=\"awb-imageframe-caption\"><h2 class=\"awb-imageframe-caption-title\">ifj. Durk\u00f3 Zsolt<\/h2><\/div><\/div><\/a><\/div><\/div><div class=\"clearfix\"><\/div><div style=\"padding:5px;\" class=\"fusion-grid-column fusion-gallery-column fusion-gallery-column-3\"><div class=\"fusion-gallery-image awb-imageframe-style awb-imageframe-style-resa\"><a href=\"https:\/\/www.kecskesandras.com\/\" data-title=\"Kecsk\u00e9s Andr\u00e1s\" title=\"Kecsk\u00e9s Andr\u00e1s\" rel=\"noreferrer\" data-rel=\"iLightbox[gallery_image_1]\" class=\"fusion-lightbox\" target=\"_blank\"><img decoding=\"async\" src=\"https:\/\/gerzsonpal.hu\/wp-content\/uploads\/2025\/04\/Kecskes-Andras-460x295.jpg\" width=\"460\" height=\"295\" alt=\"\" title=\"Kecsk\u00e9s Andr\u00e1s\" aria-label=\"Kecsk\u00e9s Andr\u00e1s\" class=\"img-responsive wp-image-2835 fusion-gallery-image-size-fixed\"  \/><div class=\"awb-imageframe-caption-container\"><div class=\"awb-imageframe-caption\"><h2 class=\"awb-imageframe-caption-title\">Kecsk\u00e9s Andr\u00e1s<\/h2><\/div><\/div><\/a><\/div><\/div><div style=\"padding:5px;\" class=\"fusion-grid-column fusion-gallery-column fusion-gallery-column-3\"><div class=\"fusion-gallery-image awb-imageframe-style awb-imageframe-style-resa\"><a href=\"https:\/\/magyarimarton.hu\/\" data-title=\"Magyari M\u00e1rton\" title=\"Magyari M\u00e1rton\" rel=\"noreferrer\" data-rel=\"iLightbox[gallery_image_1]\" class=\"fusion-lightbox\" target=\"_blank\"><img decoding=\"async\" src=\"https:\/\/gerzsonpal.hu\/wp-content\/uploads\/2025\/04\/Magyari-Marton-460x295.jpg\" width=\"460\" height=\"295\" alt=\"\" title=\"Magyari M\u00e1rton\" aria-label=\"Magyari M\u00e1rton\" class=\"img-responsive wp-image-2831 fusion-gallery-image-size-fixed\"  \/><div class=\"awb-imageframe-caption-container\"><div class=\"awb-imageframe-caption\"><h2 class=\"awb-imageframe-caption-title\">Magyari M\u00e1rton<\/h2><\/div><\/div><\/a><\/div><\/div><div style=\"padding:5px;\" class=\"fusion-grid-column fusion-gallery-column fusion-gallery-column-3\"><div class=\"fusion-gallery-image awb-imageframe-style awb-imageframe-style-resa\"><a href=\"https:\/\/miksabalint.hu\/\" data-title=\"Miksa B\u00e1lint\" title=\"Miksa B\u00e1lint\" rel=\"noreferrer\" data-rel=\"iLightbox[gallery_image_1]\" class=\"fusion-lightbox\" target=\"_blank\"><img decoding=\"async\" src=\"https:\/\/gerzsonpal.hu\/wp-content\/uploads\/2026\/01\/Miksa_Balint-3-460x295.jpg\" width=\"460\" height=\"295\" alt=\"\" title=\"Miksa B\u00e1lint\" aria-label=\"Miksa B\u00e1lint\" class=\"img-responsive wp-image-4620 fusion-gallery-image-size-fixed\"  \/><div class=\"awb-imageframe-caption-container\"><div class=\"awb-imageframe-caption\"><h2 class=\"awb-imageframe-caption-title\">Miksa B\u00e1lint<\/h2><\/div><\/div><\/a><\/div><\/div><div class=\"clearfix\"><\/div><div style=\"padding:5px;\" class=\"fusion-grid-column fusion-gallery-column fusion-gallery-column-3\"><div class=\"fusion-gallery-image awb-imageframe-style awb-imageframe-style-resa\"><a href=\"https:\/\/szegedicsaba.hu\/hu\/\" data-title=\"Szegedi Csaba\" title=\"Szegedi Csaba\" rel=\"noreferrer\" data-rel=\"iLightbox[gallery_image_1]\" class=\"fusion-lightbox\" target=\"_blank\"><img decoding=\"async\" src=\"https:\/\/gerzsonpal.hu\/wp-content\/uploads\/2025\/04\/Szegedi-Csaba-460x295.jpg\" width=\"460\" height=\"295\" alt=\"\" title=\"Szegedi Csaba\" aria-label=\"Szegedi Csaba\" class=\"img-responsive wp-image-2827 fusion-gallery-image-size-fixed\"  \/><div class=\"awb-imageframe-caption-container\"><div class=\"awb-imageframe-caption\"><h2 class=\"awb-imageframe-caption-title\">Szegedi Csaba<\/h2><\/div><\/div><\/a><\/div><\/div><div style=\"padding:5px;\" class=\"fusion-grid-column fusion-gallery-column fusion-gallery-column-3\"><div class=\"fusion-gallery-image awb-imageframe-style awb-imageframe-style-resa\"><a href=\"https:\/\/www.facebook.com\/gabriel.dionyzos\" data-title=\"Tari G\u00e1bor\" title=\"Tari G\u00e1bor\" rel=\"noreferrer\" data-rel=\"iLightbox[gallery_image_1]\" class=\"fusion-lightbox\" target=\"_blank\"><img decoding=\"async\" src=\"https:\/\/gerzsonpal.hu\/wp-content\/uploads\/2025\/04\/Tari-Gabor-460x295.jpg\" width=\"460\" height=\"295\" alt=\"\" title=\"Tari G\u00e1bor\" aria-label=\"Tari G\u00e1bor\" class=\"img-responsive wp-image-2823 fusion-gallery-image-size-fixed\"  \/><div class=\"awb-imageframe-caption-container\"><div class=\"awb-imageframe-caption\"><h2 class=\"awb-imageframe-caption-title\">Tari G\u00e1bor<\/h2><\/div><\/div><\/a><\/div><\/div><div style=\"padding:5px;\" class=\"fusion-grid-column fusion-gallery-column fusion-gallery-column-3\"><div class=\"fusion-gallery-image awb-imageframe-style awb-imageframe-style-resa\"><a href=\"http:\/\/www.artezi.hu\/artist.php?formFieldpicture=vago\" data-title=\"V\u00e1g\u00f3 Magda\" title=\"V\u00e1g\u00f3 Magda\" rel=\"noreferrer\" data-rel=\"iLightbox[gallery_image_1]\" class=\"fusion-lightbox\" target=\"_blank\"><img decoding=\"async\" src=\"https:\/\/gerzsonpal.hu\/wp-content\/uploads\/2025\/04\/Vago-Magda-460x295.jpg\" width=\"460\" height=\"295\" alt=\"\" title=\"V\u00e1g\u00f3 Magda\" aria-label=\"V\u00e1g\u00f3 Magda\" class=\"img-responsive wp-image-2819 fusion-gallery-image-size-fixed\"  \/><div class=\"awb-imageframe-caption-container\"><div class=\"awb-imageframe-caption\"><h2 class=\"awb-imageframe-caption-title\">V\u00e1g\u00f3 Magda<\/h2><\/div><\/div><\/a><\/div><\/div><div class=\"clearfix\"><\/div><\/div><\/div><\/div><\/div><\/div><\/div><\/p>\n","protected":false},"excerpt":{"rendered":"","protected":false},"author":1,"featured_media":0,"parent":3422,"menu_order":0,"comment_status":"closed","ping_status":"closed","template":"","meta":{"footnotes":""},"class_list":["post-3789","page","type-page","status-publish","hentry"],"_links":{"self":[{"href":"https:\/\/gerzsonpal.hu\/en\/wp-json\/wp\/v2\/pages\/3789","targetHints":{"allow":["GET"]}}],"collection":[{"href":"https:\/\/gerzsonpal.hu\/en\/wp-json\/wp\/v2\/pages"}],"about":[{"href":"https:\/\/gerzsonpal.hu\/en\/wp-json\/wp\/v2\/types\/page"}],"author":[{"embeddable":true,"href":"https:\/\/gerzsonpal.hu\/en\/wp-json\/wp\/v2\/users\/1"}],"replies":[{"embeddable":true,"href":"https:\/\/gerzsonpal.hu\/en\/wp-json\/wp\/v2\/comments?post=3789"}],"version-history":[{"count":14,"href":"https:\/\/gerzsonpal.hu\/en\/wp-json\/wp\/v2\/pages\/3789\/revisions"}],"predecessor-version":[{"id":4624,"href":"https:\/\/gerzsonpal.hu\/en\/wp-json\/wp\/v2\/pages\/3789\/revisions\/4624"}],"up":[{"embeddable":true,"href":"https:\/\/gerzsonpal.hu\/en\/wp-json\/wp\/v2\/pages\/3422"}],"wp:attachment":[{"href":"https:\/\/gerzsonpal.hu\/en\/wp-json\/wp\/v2\/media?parent=3789"}],"curies":[{"name":"wp","href":"https:\/\/api.w.org\/{rel}","templated":true}]}}