{"id":3416,"date":"2025-07-02T00:38:03","date_gmt":"2025-07-01T22:38:03","guid":{"rendered":"https:\/\/gerzsonpal.hu\/biographie\/"},"modified":"2026-01-02T18:01:44","modified_gmt":"2026-01-02T17:01:44","slug":"biographie","status":"publish","type":"page","link":"https:\/\/gerzsonpal.hu\/es\/biographie\/","title":{"rendered":"Biograf\u00eda"},"content":{"rendered":"<p><div class=\"fusion-fullwidth fullwidth-box fusion-builder-row-1 fusion-flex-container has-pattern-background has-mask-background nonhundred-percent-fullwidth non-hundred-percent-height-scrolling\" style=\"--awb-background-position:left top;--awb-border-sizes-top:0px;--awb-border-sizes-bottom:0px;--awb-border-sizes-left:0px;--awb-border-sizes-right:0px;--awb-border-radius-top-left:0px;--awb-border-radius-top-right:0px;--awb-border-radius-bottom-right:0px;--awb-border-radius-bottom-left:0px;--awb-padding-top:0px;--awb-padding-right:30px;--awb-padding-bottom:0px;--awb-padding-left:30px;--awb-margin-top:20px;--awb-margin-bottom:50px;--awb-background-color:rgba(229,194,137,0.31);--awb-flex-wrap:wrap;\" ><div class=\"fusion-builder-row fusion-row fusion-flex-align-items-flex-start fusion-flex-content-wrap\" style=\"max-width:1216.8px;margin-left: calc(-4% \/ 2 );margin-right: calc(-4% \/ 2 );\"><div class=\"fusion-layout-column fusion_builder_column fusion-builder-column-0 fusion_builder_column_1_1 1_1 fusion-flex-column\" style=\"--awb-bg-blend:overlay;--awb-bg-size:cover;--awb-width-large:100%;--awb-margin-top-large:0px;--awb-spacing-right-large:1.92%;--awb-margin-bottom-large:30px;--awb-spacing-left-large:1.92%;--awb-width-medium:100%;--awb-spacing-right-medium:1.92%;--awb-spacing-left-medium:1.92%;--awb-width-small:100%;--awb-spacing-right-small:1.92%;--awb-spacing-left-small:1.92%;\"><div class=\"fusion-column-wrapper fusion-flex-justify-content-flex-start fusion-content-layout-column\"><div class=\"fusion-text fusion-text-1 fusion-text-no-margin\" style=\"--awb-content-alignment:justify;--awb-line-height:1.7;--awb-text-color:#ffffff;--awb-margin-top:30px;--awb-margin-bottom:30px;\"><p><img decoding=\"async\" class=\"lazyload  wp-image-1269 alignleft\" src=\"data:image\/svg+xml,%3Csvg%20xmlns%3D%27http%3A%2F%2Fwww.w3.org%2F2000%2Fsvg%27%20width%3D%27199%27%20height%3D%27153%27%20viewBox%3D%270%200%20199%20153%27%3E%3Crect%20width%3D%27199%27%20height%3D%27153%27%20fill-opacity%3D%220%22%2F%3E%3C%2Fsvg%3E\" data-orig-src=\"https:\/\/gerzsonpal.hu\/wp-content\/uploads\/2015\/11\/photo-bio.jpg\" alt=\"\" width=\"199\" height=\"153\">P\u00e1l Gerzson naci\u00f3 el 25 de enero de 1931 en Hird (en el sur de Hungr\u00eda). Muri\u00f3 en Budapest el 27 de mayo de 2008. Su familia a menudo se mov\u00eda, a causa de los nombramientos del padre, veterinario en diferentes regiones, y de las limitaciones relacionadas con la situaci\u00f3n de la guerra. P\u00e1l Gerzson comenz\u00f3 sus estudios en el Gymnasium Nagykaroly (ahora en Rumania), continu\u00f3 en Ungv\u00e1r (ahora en Ucrania) y termin\u00f3 en K\u0151szeg, donde se gradu\u00f3 en 1949. Istv\u00e1n Lelkes, su profesor de dibujo, not\u00f3 su talento y lo dirigi\u00f3 a la Escuela de Bellas Artes de Budapest, donde Gerzson estudi\u00f3 hasta 1953. Sus profesores son J\u00e1nos Kmetty, Gyula Hincz y Endre Domanovszky.. Ese mismo a\u00f1o se cas\u00f3 con una colega de Bellas Artes. La pareja tendr\u00e1 tres hijos. Realiz\u00f3 estudios geometr\u00eda en la Universidad de Budapest, donde se gradu\u00f3 en 1955.<\/p>\n<p>Desde 1953, P\u00e1l Gerzson fue miembro del Estudio de J\u00f3venes Artistas (Fiatal M\u0171v\u00e9szek St\u00fadi\u00f3ja) y, a partir de 1955, del Fondo Art\u00edstico (M\u0171v\u00e9szeti Alap). Fue profesor en la Escuela de Artes Aplicadas de Budapest desde 1960 hasta 1974. Se convirti\u00f3 en miembro de la Assiciaci\u00f3n H\u00fangara de Bella Artes en 1964. Fue nombrado profesor en Bellas Artes en 1974 y ense\u00f1\u00f3 all\u00ed hasta su retiro, en 1996. Durante 1988, fue uno de los fundadores de la Sociedad H\u00fangara de Bellas Artes (Magyar Sz\u00e9pm\u00edves T\u00e1rsas\u00e1g).  En 1992 fue uno de los fundadores de la Academia H\u00fangara de Arte. Entre 1992 y 1999, fue Presidente de la Asociaci\u00f3n H\u00fangara de Bellas Artes y Artes Aplicadas.<\/p>\n<p>Su trayectoria profesional es triple: pintor (expone regularmente desde 1954), profesor (36 a\u00f1os en total en las dos escuelas superiores) y figura importante en la vida p\u00fablica del arte en Hungr\u00eda.<\/p>\n<\/div><\/div><\/div><\/div><\/div><div class=\"fusion-fullwidth fullwidth-box fusion-builder-row-2 fusion-flex-container has-pattern-background has-mask-background hundred-percent-fullwidth non-hundred-percent-height-scrolling\" style=\"--awb-border-radius-top-left:0px;--awb-border-radius-top-right:0px;--awb-border-radius-bottom-right:0px;--awb-border-radius-bottom-left:0px;--awb-background-color:rgba(0,0,0,0);--awb-flex-wrap:wrap;\" ><div class=\"fusion-builder-row fusion-row fusion-flex-align-items-flex-start fusion-flex-content-wrap\" style=\"width:104% !important;max-width:104% !important;margin-left: calc(-4% \/ 2 );margin-right: calc(-4% \/ 2 );\"><div class=\"fusion-layout-column fusion_builder_column fusion-builder-column-1 fusion_builder_column_1_2 1_2 fusion-flex-column\" style=\"--awb-bg-size:cover;--awb-width-large:50%;--awb-margin-top-large:0px;--awb-spacing-right-large:3.84%;--awb-margin-bottom-large:50px;--awb-spacing-left-large:3.84%;--awb-width-medium:100%;--awb-order-medium:0;--awb-spacing-right-medium:1.92%;--awb-spacing-left-medium:1.92%;--awb-width-small:100%;--awb-order-small:0;--awb-spacing-right-small:1.92%;--awb-spacing-left-small:1.92%;\"><div class=\"fusion-column-wrapper fusion-column-has-shadow fusion-flex-justify-content-flex-start fusion-content-layout-column\"><div class=\"fusion-image-element \" style=\"--awb-aspect-ratio:4 \/ 3;--awb-caption-title-font-family:var(--h2_typography-font-family);--awb-caption-title-font-weight:var(--h2_typography-font-weight);--awb-caption-title-font-style:var(--h2_typography-font-style);--awb-caption-title-size:var(--h2_typography-font-size);--awb-caption-title-transform:var(--h2_typography-text-transform);--awb-caption-title-line-height:var(--h2_typography-line-height);--awb-caption-title-letter-spacing:var(--h2_typography-letter-spacing);\"><span class=\" fusion-imageframe imageframe-none imageframe-1 awb-imageframe-style awb-imageframe-style-dario has-aspect-ratio\"><a class=\"fusion-no-lightbox\" href=\"https:\/\/gerzsonpal.hu\/es\/biographie\/lartiste\/\" target=\"_self\" aria-label=\"L&#8217;artiste\"><img decoding=\"async\" width=\"2079\" height=\"1481\" alt=\"L&#039;artiste\" src=\"https:\/\/gerzsonpal.hu\/wp-content\/uploads\/2025\/03\/Lartiste.jpg\" data-orig-src=\"https:\/\/gerzsonpal.hu\/wp-content\/uploads\/2025\/03\/Lartiste.jpg\" class=\"lazyload img-responsive wp-image-2314 img-with-aspect-ratio\" data-parent-fit=\"cover\" data-parent-container=\".fusion-image-element\" srcset=\"data:image\/svg+xml,%3Csvg%20xmlns%3D%27http%3A%2F%2Fwww.w3.org%2F2000%2Fsvg%27%20width%3D%272079%27%20height%3D%271481%27%20viewBox%3D%270%200%202079%201481%27%3E%3Crect%20width%3D%272079%27%20height%3D%271481%27%20fill-opacity%3D%220%22%2F%3E%3C%2Fsvg%3E\" data-srcset=\"https:\/\/gerzsonpal.hu\/wp-content\/uploads\/2025\/03\/Lartiste-200x142.jpg 200w, https:\/\/gerzsonpal.hu\/wp-content\/uploads\/2025\/03\/Lartiste-400x285.jpg 400w, https:\/\/gerzsonpal.hu\/wp-content\/uploads\/2025\/03\/Lartiste-600x427.jpg 600w, https:\/\/gerzsonpal.hu\/wp-content\/uploads\/2025\/03\/Lartiste-800x570.jpg 800w, https:\/\/gerzsonpal.hu\/wp-content\/uploads\/2025\/03\/Lartiste-1200x855.jpg 1200w, https:\/\/gerzsonpal.hu\/wp-content\/uploads\/2025\/03\/Lartiste.jpg 2079w\" data-sizes=\"auto\" data-orig-sizes=\"(max-width: 1024px) 100vw, (max-width: 640px) 100vw, 600px\" \/><div class=\"awb-imageframe-caption-container\"><div class=\"awb-imageframe-caption\"><h2 class=\"awb-imageframe-caption-title\">EL ARTISTA<\/h2><\/div><\/div><\/a><\/span><\/div><\/div><\/div><div class=\"fusion-layout-column fusion_builder_column fusion-builder-column-2 fusion_builder_column_1_2 1_2 fusion-flex-column\" style=\"--awb-bg-size:cover;--awb-width-large:50%;--awb-margin-top-large:0px;--awb-spacing-right-large:3.84%;--awb-margin-bottom-large:50px;--awb-spacing-left-large:3.84%;--awb-width-medium:100%;--awb-order-medium:0;--awb-spacing-right-medium:1.92%;--awb-spacing-left-medium:1.92%;--awb-width-small:100%;--awb-order-small:0;--awb-spacing-right-small:1.92%;--awb-spacing-left-small:1.92%;\"><div class=\"fusion-column-wrapper fusion-column-has-shadow fusion-flex-justify-content-flex-start fusion-content-layout-column\"><div class=\"fusion-image-element \" style=\"--awb-aspect-ratio:4 \/ 3;--awb-caption-title-font-family:var(--h2_typography-font-family);--awb-caption-title-font-weight:var(--h2_typography-font-weight);--awb-caption-title-font-style:var(--h2_typography-font-style);--awb-caption-title-size:var(--h2_typography-font-size);--awb-caption-title-transform:var(--h2_typography-text-transform);--awb-caption-title-line-height:var(--h2_typography-line-height);--awb-caption-title-letter-spacing:var(--h2_typography-letter-spacing);\"><span class=\" fusion-imageframe imageframe-none imageframe-2 awb-imageframe-style awb-imageframe-style-dario has-aspect-ratio\"><a class=\"fusion-no-lightbox\" href=\"https:\/\/gerzsonpal.hu\/es\/biographie\/le-professeur\/\" target=\"_self\" aria-label=\"Prof_3\"><img decoding=\"async\" width=\"1080\" height=\"660\" src=\"https:\/\/gerzsonpal.hu\/wp-content\/uploads\/2015\/11\/Prof_3.jpg\" data-orig-src=\"https:\/\/gerzsonpal.hu\/wp-content\/uploads\/2015\/11\/Prof_3.jpg\" class=\"lazyload img-responsive wp-image-2762 img-with-aspect-ratio\" data-parent-fit=\"cover\" data-parent-container=\".fusion-image-element\" alt srcset=\"data:image\/svg+xml,%3Csvg%20xmlns%3D%27http%3A%2F%2Fwww.w3.org%2F2000%2Fsvg%27%20width%3D%271080%27%20height%3D%27660%27%20viewBox%3D%270%200%201080%20660%27%3E%3Crect%20width%3D%271080%27%20height%3D%27660%27%20fill-opacity%3D%220%22%2F%3E%3C%2Fsvg%3E\" data-srcset=\"https:\/\/gerzsonpal.hu\/wp-content\/uploads\/2015\/11\/Prof_3-200x122.jpg 200w, https:\/\/gerzsonpal.hu\/wp-content\/uploads\/2015\/11\/Prof_3-400x244.jpg 400w, https:\/\/gerzsonpal.hu\/wp-content\/uploads\/2015\/11\/Prof_3-600x367.jpg 600w, https:\/\/gerzsonpal.hu\/wp-content\/uploads\/2015\/11\/Prof_3-800x489.jpg 800w, https:\/\/gerzsonpal.hu\/wp-content\/uploads\/2015\/11\/Prof_3.jpg 1080w\" data-sizes=\"auto\" data-orig-sizes=\"(max-width: 1024px) 100vw, (max-width: 640px) 100vw, 600px\" \/><div class=\"awb-imageframe-caption-container\"><div class=\"awb-imageframe-caption\"><h2 class=\"awb-imageframe-caption-title\">EL PROFESOR<\/h2><\/div><\/div><\/a><\/span><\/div><\/div><\/div><\/div><\/div><\/p>\n","protected":false},"excerpt":{"rendered":"","protected":false},"author":1,"featured_media":0,"parent":0,"menu_order":0,"comment_status":"open","ping_status":"closed","template":"","meta":{"footnotes":""},"class_list":["post-3416","page","type-page","status-publish","hentry"],"_links":{"self":[{"href":"https:\/\/gerzsonpal.hu\/es\/wp-json\/wp\/v2\/pages\/3416","targetHints":{"allow":["GET"]}}],"collection":[{"href":"https:\/\/gerzsonpal.hu\/es\/wp-json\/wp\/v2\/pages"}],"about":[{"href":"https:\/\/gerzsonpal.hu\/es\/wp-json\/wp\/v2\/types\/page"}],"author":[{"embeddable":true,"href":"https:\/\/gerzsonpal.hu\/es\/wp-json\/wp\/v2\/users\/1"}],"replies":[{"embeddable":true,"href":"https:\/\/gerzsonpal.hu\/es\/wp-json\/wp\/v2\/comments?post=3416"}],"version-history":[{"count":11,"href":"https:\/\/gerzsonpal.hu\/es\/wp-json\/wp\/v2\/pages\/3416\/revisions"}],"predecessor-version":[{"id":4432,"href":"https:\/\/gerzsonpal.hu\/es\/wp-json\/wp\/v2\/pages\/3416\/revisions\/4432"}],"wp:attachment":[{"href":"https:\/\/gerzsonpal.hu\/es\/wp-json\/wp\/v2\/media?parent=3416"}],"curies":[{"name":"wp","href":"https:\/\/api.w.org\/{rel}","templated":true}]}}