{"id":3523,"date":"2025-07-02T00:38:16","date_gmt":"2025-07-01T22:38:16","guid":{"rendered":"https:\/\/gerzsonpal.hu\/loeuvre\/"},"modified":"2026-01-02T18:51:15","modified_gmt":"2026-01-02T17:51:15","slug":"loeuvre","status":"publish","type":"page","link":"https:\/\/gerzsonpal.hu\/es\/loeuvre\/","title":{"rendered":"Obras"},"content":{"rendered":"<p><div class=\"fusion-fullwidth fullwidth-box fusion-builder-row-1 fusion-flex-container has-pattern-background has-mask-background nonhundred-percent-fullwidth non-hundred-percent-height-scrolling\" style=\"--awb-border-radius-top-left:0px;--awb-border-radius-top-right:0px;--awb-border-radius-bottom-right:0px;--awb-border-radius-bottom-left:0px;--awb-padding-bottom:0px;--awb-margin-bottom:0px;--awb-background-color:rgba(0,0,0,0);--awb-flex-wrap:wrap;\" ><div class=\"fusion-builder-row fusion-row fusion-flex-align-items-flex-start fusion-flex-content-wrap\" style=\"max-width:1216.8px;margin-left: calc(-4% \/ 2 );margin-right: calc(-4% \/ 2 );\"><div class=\"fusion-layout-column fusion_builder_column fusion-builder-column-0 fusion_builder_column_1_1 1_1 fusion-flex-column\" style=\"--awb-bg-size:cover;--awb-width-large:100%;--awb-margin-top-large:0px;--awb-spacing-right-large:1.92%;--awb-margin-bottom-large:0px;--awb-spacing-left-large:1.92%;--awb-width-medium:100%;--awb-order-medium:0;--awb-spacing-right-medium:1.92%;--awb-spacing-left-medium:1.92%;--awb-width-small:100%;--awb-order-small:0;--awb-spacing-right-small:1.92%;--awb-spacing-left-small:1.92%;\"><div class=\"fusion-column-wrapper fusion-column-has-shadow fusion-flex-justify-content-flex-start fusion-content-layout-column\"><div class=\"fusion-content-boxes content-boxes columns row fusion-columns-1 fusion-columns-total-1 fusion-content-boxes-1 content-boxes-icon-with-title content-left\" style=\"--awb-body-color:#ffffff;--awb-title-color:#ffffff;--awb-hover-accent-color:var(--awb-color4);--awb-circle-hover-accent-color:var(--awb-color4);--awb-item-margin-bottom:40px;\" data-animationOffset=\"top-into-view\"><div style=\"--awb-backgroundcolor:rgba(229,194,137,0.31);\" class=\"fusion-column content-box-column content-box-column content-box-column-1 col-lg-12 col-md-12 col-sm-12 fusion-content-box-hover content-box-column-last content-box-column-last-in-row\"><div class=\"col content-box-wrapper content-wrapper-background link-area-link-icon content-icon-wrapper-yes icon-hover-animation-fade\" data-animationOffset=\"top-into-view\"><div class=\"fusion-clearfix\"><\/div><div class=\"content-container\">\n<p>Los a\u00f1os sesenta marcaron el per\u00edodo de apertura de la pintura h\u00fangara y su gradual emancipaci\u00f3n tras d\u00e9cadas bajo el yugo de sucesivas dictaduras hasta la Segunda Guerra Mundial. Fue en este contexto que P\u00e1l Gerzson, pintor, se socializ\u00f3. Su visi\u00f3n pict\u00f3rica figurativa cruz\u00f3 el umbral hacia el mundo de la abstracci\u00f3n. Invent\u00f3 una singular estructura de patrones que m\u00e1s tarde se convertir\u00eda en el principal sello distintivo de su pintura, de este estilo pict\u00f3rico casi a\u00e9reo que toma prestadas sus fuentes esenciales de inspiraci\u00f3n de la naturaleza y el arte. Traz\u00f3 su propio camino, su poes\u00eda l\u00edrica pict\u00f3rica \u00abgerzsoniana\u00bb independiente. La naturaleza estuvo presente a lo largo de toda su carrera. Fue, sin duda, la principal fuente de inspiraci\u00f3n; sin embargo, nunca la represent\u00f3, sino que la explor\u00f3 mediante la transposici\u00f3n. <em>(Extracto de un texto de Bal\u00e1zs Feledy)<\/em><\/p>\n<\/div><\/div><\/div><div class=\"fusion-clearfix\"><\/div><\/div><\/div><\/div><\/div><\/div><div class=\"fusion-fullwidth fullwidth-box fusion-builder-row-2 fusion-flex-container has-pattern-background has-mask-background nonhundred-percent-fullwidth non-hundred-percent-height-scrolling\" style=\"--awb-border-radius-top-left:0px;--awb-border-radius-top-right:0px;--awb-border-radius-bottom-right:0px;--awb-border-radius-bottom-left:0px;--awb-background-color:rgba(0,0,0,0);--awb-flex-wrap:wrap;\" ><div class=\"fusion-builder-row fusion-row fusion-flex-align-items-flex-start fusion-flex-content-wrap\" style=\"max-width:1216.8px;margin-left: calc(-4% \/ 2 );margin-right: calc(-4% \/ 2 );\"><div class=\"fusion-layout-column fusion_builder_column fusion-builder-column-1 fusion_builder_column_1_2 1_2 fusion-flex-column\" style=\"--awb-bg-size:cover;--awb-width-large:50%;--awb-margin-top-large:-50px;--awb-spacing-right-large:3.84%;--awb-margin-bottom-large:50px;--awb-spacing-left-large:3.84%;--awb-width-medium:100%;--awb-order-medium:0;--awb-spacing-right-medium:1.92%;--awb-spacing-left-medium:1.92%;--awb-width-small:100%;--awb-order-small:0;--awb-spacing-right-small:1.92%;--awb-spacing-left-small:1.92%;\"><div class=\"fusion-column-wrapper fusion-column-has-shadow fusion-flex-justify-content-flex-start fusion-content-layout-column\"><div class=\"fusion-image-element \" style=\"--awb-aspect-ratio:4 \/ 3;--awb-caption-title-font-family:var(--h2_typography-font-family);--awb-caption-title-font-weight:var(--h2_typography-font-weight);--awb-caption-title-font-style:var(--h2_typography-font-style);--awb-caption-title-size:var(--h2_typography-font-size);--awb-caption-title-transform:var(--h2_typography-text-transform);--awb-caption-title-line-height:var(--h2_typography-line-height);--awb-caption-title-letter-spacing:var(--h2_typography-letter-spacing);\"><span class=\" fusion-imageframe imageframe-none imageframe-1 awb-imageframe-style awb-imageframe-style-dario has-aspect-ratio\"><a class=\"fusion-no-lightbox\" href=\"https:\/\/gerzsonpal.hu\/es\/loeuvre\/peintures\/\" target=\"_self\" aria-label=\"Couverture du bloc Peintures\"><img decoding=\"async\" width=\"929\" height=\"650\" src=\"https:\/\/gerzsonpal.hu\/wp-content\/uploads\/2015\/11\/Couverture-du-bloc-Peintures.jpg\" data-orig-src=\"https:\/\/gerzsonpal.hu\/wp-content\/uploads\/2015\/11\/Couverture-du-bloc-Peintures.jpg\" class=\"lazyload img-responsive wp-image-2522 img-with-aspect-ratio\" data-parent-fit=\"cover\" data-parent-container=\".fusion-image-element\" alt srcset=\"data:image\/svg+xml,%3Csvg%20xmlns%3D%27http%3A%2F%2Fwww.w3.org%2F2000%2Fsvg%27%20width%3D%27929%27%20height%3D%27650%27%20viewBox%3D%270%200%20929%20650%27%3E%3Crect%20width%3D%27929%27%20height%3D%27650%27%20fill-opacity%3D%220%22%2F%3E%3C%2Fsvg%3E\" data-srcset=\"https:\/\/gerzsonpal.hu\/wp-content\/uploads\/2015\/11\/Couverture-du-bloc-Peintures-200x140.jpg 200w, https:\/\/gerzsonpal.hu\/wp-content\/uploads\/2015\/11\/Couverture-du-bloc-Peintures-400x280.jpg 400w, https:\/\/gerzsonpal.hu\/wp-content\/uploads\/2015\/11\/Couverture-du-bloc-Peintures-600x420.jpg 600w, https:\/\/gerzsonpal.hu\/wp-content\/uploads\/2015\/11\/Couverture-du-bloc-Peintures-800x560.jpg 800w, https:\/\/gerzsonpal.hu\/wp-content\/uploads\/2015\/11\/Couverture-du-bloc-Peintures.jpg 929w\" data-sizes=\"auto\" data-orig-sizes=\"(max-width: 1024px) 100vw, (max-width: 640px) 100vw, 600px\" \/><div class=\"awb-imageframe-caption-container\"><div class=\"awb-imageframe-caption\"><h2 class=\"awb-imageframe-caption-title\">PINTURAS<\/h2><\/div><\/div><\/a><\/span><\/div><\/div><\/div><div class=\"fusion-layout-column fusion_builder_column fusion-builder-column-2 fusion_builder_column_1_2 1_2 fusion-flex-column\" style=\"--awb-bg-size:cover;--awb-width-large:50%;--awb-margin-top-large:-50px;--awb-spacing-right-large:3.84%;--awb-margin-bottom-large:50px;--awb-spacing-left-large:3.84%;--awb-width-medium:100%;--awb-order-medium:0;--awb-spacing-right-medium:1.92%;--awb-spacing-left-medium:1.92%;--awb-width-small:100%;--awb-order-small:0;--awb-spacing-right-small:1.92%;--awb-spacing-left-small:1.92%;\"><div class=\"fusion-column-wrapper fusion-column-has-shadow fusion-flex-justify-content-flex-start fusion-content-layout-column\"><div class=\"fusion-image-element \" style=\"--awb-aspect-ratio:4 \/ 3;--awb-caption-title-font-family:var(--h2_typography-font-family);--awb-caption-title-font-weight:var(--h2_typography-font-weight);--awb-caption-title-font-style:var(--h2_typography-font-style);--awb-caption-title-size:var(--h2_typography-font-size);--awb-caption-title-transform:var(--h2_typography-text-transform);--awb-caption-title-line-height:var(--h2_typography-line-height);--awb-caption-title-letter-spacing:var(--h2_typography-letter-spacing);\"><span class=\" fusion-imageframe imageframe-none imageframe-2 awb-imageframe-style awb-imageframe-style-dario has-aspect-ratio\"><a class=\"fusion-no-lightbox\" href=\"https:\/\/gerzsonpal.hu\/es\/loeuvre\/aquarelles\/\" target=\"_self\" aria-label=\"Couverture du bloc Aquarelles\"><img decoding=\"async\" width=\"902\" height=\"650\" src=\"https:\/\/gerzsonpal.hu\/wp-content\/uploads\/2025\/04\/Couverture-du-bloc-Aquarelles.jpg\" data-orig-src=\"https:\/\/gerzsonpal.hu\/wp-content\/uploads\/2025\/04\/Couverture-du-bloc-Aquarelles.jpg\" class=\"lazyload img-responsive wp-image-2506 img-with-aspect-ratio\" data-parent-fit=\"cover\" data-parent-container=\".fusion-image-element\" alt srcset=\"data:image\/svg+xml,%3Csvg%20xmlns%3D%27http%3A%2F%2Fwww.w3.org%2F2000%2Fsvg%27%20width%3D%27902%27%20height%3D%27650%27%20viewBox%3D%270%200%20902%20650%27%3E%3Crect%20width%3D%27902%27%20height%3D%27650%27%20fill-opacity%3D%220%22%2F%3E%3C%2Fsvg%3E\" data-srcset=\"https:\/\/gerzsonpal.hu\/wp-content\/uploads\/2025\/04\/Couverture-du-bloc-Aquarelles-200x144.jpg 200w, https:\/\/gerzsonpal.hu\/wp-content\/uploads\/2025\/04\/Couverture-du-bloc-Aquarelles-400x288.jpg 400w, https:\/\/gerzsonpal.hu\/wp-content\/uploads\/2025\/04\/Couverture-du-bloc-Aquarelles-600x432.jpg 600w, https:\/\/gerzsonpal.hu\/wp-content\/uploads\/2025\/04\/Couverture-du-bloc-Aquarelles-800x576.jpg 800w, https:\/\/gerzsonpal.hu\/wp-content\/uploads\/2025\/04\/Couverture-du-bloc-Aquarelles.jpg 902w\" data-sizes=\"auto\" data-orig-sizes=\"(max-width: 1024px) 100vw, (max-width: 640px) 100vw, 600px\" \/><div class=\"awb-imageframe-caption-container\"><div class=\"awb-imageframe-caption\"><h2 class=\"awb-imageframe-caption-title\">ACUARELAS<\/h2><\/div><\/div><\/a><\/span><\/div><\/div><\/div><div class=\"fusion-layout-column fusion_builder_column fusion-builder-column-3 fusion_builder_column_1_2 1_2 fusion-flex-column\" style=\"--awb-bg-size:cover;--awb-width-large:50%;--awb-margin-top-large:0px;--awb-spacing-right-large:3.84%;--awb-margin-bottom-large:50px;--awb-spacing-left-large:3.84%;--awb-width-medium:100%;--awb-order-medium:0;--awb-spacing-right-medium:1.92%;--awb-spacing-left-medium:1.92%;--awb-width-small:100%;--awb-order-small:0;--awb-spacing-right-small:1.92%;--awb-spacing-left-small:1.92%;\"><div class=\"fusion-column-wrapper fusion-column-has-shadow fusion-flex-justify-content-flex-start fusion-content-layout-column\"><div class=\"fusion-image-element \" style=\"--awb-aspect-ratio:4 \/ 3;--awb-caption-title-font-family:var(--h2_typography-font-family);--awb-caption-title-font-weight:var(--h2_typography-font-weight);--awb-caption-title-font-style:var(--h2_typography-font-style);--awb-caption-title-size:var(--h2_typography-font-size);--awb-caption-title-transform:var(--h2_typography-text-transform);--awb-caption-title-line-height:var(--h2_typography-line-height);--awb-caption-title-letter-spacing:var(--h2_typography-letter-spacing);\"><span class=\" fusion-imageframe imageframe-none imageframe-3 awb-imageframe-style awb-imageframe-style-dario has-aspect-ratio\"><a class=\"fusion-no-lightbox\" href=\"https:\/\/gerzsonpal.hu\/es\/loeuvre\/dessins\/\" target=\"_self\" aria-label=\"Couverture du bloc Dessins\"><img decoding=\"async\" width=\"763\" height=\"650\" src=\"https:\/\/gerzsonpal.hu\/wp-content\/uploads\/2015\/11\/Couverture-du-bloc-Dessins.jpg\" data-orig-src=\"https:\/\/gerzsonpal.hu\/wp-content\/uploads\/2015\/11\/Couverture-du-bloc-Dessins.jpg\" class=\"lazyload img-responsive wp-image-2518 img-with-aspect-ratio\" data-parent-fit=\"cover\" data-parent-container=\".fusion-image-element\" alt srcset=\"data:image\/svg+xml,%3Csvg%20xmlns%3D%27http%3A%2F%2Fwww.w3.org%2F2000%2Fsvg%27%20width%3D%27763%27%20height%3D%27650%27%20viewBox%3D%270%200%20763%20650%27%3E%3Crect%20width%3D%27763%27%20height%3D%27650%27%20fill-opacity%3D%220%22%2F%3E%3C%2Fsvg%3E\" data-srcset=\"https:\/\/gerzsonpal.hu\/wp-content\/uploads\/2015\/11\/Couverture-du-bloc-Dessins-200x170.jpg 200w, https:\/\/gerzsonpal.hu\/wp-content\/uploads\/2015\/11\/Couverture-du-bloc-Dessins-400x341.jpg 400w, https:\/\/gerzsonpal.hu\/wp-content\/uploads\/2015\/11\/Couverture-du-bloc-Dessins-600x511.jpg 600w, https:\/\/gerzsonpal.hu\/wp-content\/uploads\/2015\/11\/Couverture-du-bloc-Dessins.jpg 763w\" data-sizes=\"auto\" data-orig-sizes=\"(max-width: 1024px) 100vw, (max-width: 640px) 100vw, 600px\" \/><div class=\"awb-imageframe-caption-container\"><div class=\"awb-imageframe-caption\"><h2 class=\"awb-imageframe-caption-title\">DIBUJOS<\/h2><\/div><\/div><\/a><\/span><\/div><\/div><\/div><div class=\"fusion-layout-column fusion_builder_column fusion-builder-column-4 fusion_builder_column_1_2 1_2 fusion-flex-column\" style=\"--awb-bg-size:cover;--awb-width-large:50%;--awb-margin-top-large:0px;--awb-spacing-right-large:3.84%;--awb-margin-bottom-large:50px;--awb-spacing-left-large:3.84%;--awb-width-medium:100%;--awb-order-medium:0;--awb-spacing-right-medium:1.92%;--awb-spacing-left-medium:1.92%;--awb-width-small:100%;--awb-order-small:0;--awb-spacing-right-small:1.92%;--awb-spacing-left-small:1.92%;\"><div class=\"fusion-column-wrapper fusion-column-has-shadow fusion-flex-justify-content-flex-start fusion-content-layout-column\"><div class=\"fusion-image-element \" style=\"--awb-aspect-ratio:4 \/ 3;--awb-caption-title-font-family:var(--h2_typography-font-family);--awb-caption-title-font-weight:var(--h2_typography-font-weight);--awb-caption-title-font-style:var(--h2_typography-font-style);--awb-caption-title-size:var(--h2_typography-font-size);--awb-caption-title-transform:var(--h2_typography-text-transform);--awb-caption-title-line-height:var(--h2_typography-line-height);--awb-caption-title-letter-spacing:var(--h2_typography-letter-spacing);\"><span class=\" fusion-imageframe imageframe-none imageframe-4 awb-imageframe-style awb-imageframe-style-dario has-aspect-ratio\"><a class=\"fusion-no-lightbox\" href=\"https:\/\/gerzsonpal.hu\/es\/loeuvre\/divers\/\" target=\"_self\" aria-label=\"Couverture de l&#8217;album Textiles et bijoux\"><img decoding=\"async\" width=\"573\" height=\"480\" src=\"https:\/\/gerzsonpal.hu\/wp-content\/uploads\/2025\/04\/Couverture-de-lalbum-Textiles-et-bijoux.jpg\" data-orig-src=\"https:\/\/gerzsonpal.hu\/wp-content\/uploads\/2025\/04\/Couverture-de-lalbum-Textiles-et-bijoux.jpg\" class=\"lazyload img-responsive wp-image-2674 img-with-aspect-ratio\" data-parent-fit=\"cover\" data-parent-container=\".fusion-image-element\" alt srcset=\"data:image\/svg+xml,%3Csvg%20xmlns%3D%27http%3A%2F%2Fwww.w3.org%2F2000%2Fsvg%27%20width%3D%27573%27%20height%3D%27480%27%20viewBox%3D%270%200%20573%20480%27%3E%3Crect%20width%3D%27573%27%20height%3D%27480%27%20fill-opacity%3D%220%22%2F%3E%3C%2Fsvg%3E\" data-srcset=\"https:\/\/gerzsonpal.hu\/wp-content\/uploads\/2025\/04\/Couverture-de-lalbum-Textiles-et-bijoux-200x168.jpg 200w, https:\/\/gerzsonpal.hu\/wp-content\/uploads\/2025\/04\/Couverture-de-lalbum-Textiles-et-bijoux-400x335.jpg 400w, https:\/\/gerzsonpal.hu\/wp-content\/uploads\/2025\/04\/Couverture-de-lalbum-Textiles-et-bijoux.jpg 573w\" data-sizes=\"auto\" data-orig-sizes=\"(max-width: 1024px) 100vw, (max-width: 640px) 100vw, 573px\" \/><div class=\"awb-imageframe-caption-container\"><div class=\"awb-imageframe-caption\"><h2 class=\"awb-imageframe-caption-title\">OTROS<\/h2><\/div><\/div><\/a><\/span><\/div><\/div><\/div><\/div><\/div><\/p>\n","protected":false},"excerpt":{"rendered":"","protected":false},"author":1,"featured_media":0,"parent":0,"menu_order":0,"comment_status":"open","ping_status":"closed","template":"","meta":{"footnotes":""},"class_list":["post-3523","page","type-page","status-publish","hentry"],"_links":{"self":[{"href":"https:\/\/gerzsonpal.hu\/es\/wp-json\/wp\/v2\/pages\/3523","targetHints":{"allow":["GET"]}}],"collection":[{"href":"https:\/\/gerzsonpal.hu\/es\/wp-json\/wp\/v2\/pages"}],"about":[{"href":"https:\/\/gerzsonpal.hu\/es\/wp-json\/wp\/v2\/types\/page"}],"author":[{"embeddable":true,"href":"https:\/\/gerzsonpal.hu\/es\/wp-json\/wp\/v2\/users\/1"}],"replies":[{"embeddable":true,"href":"https:\/\/gerzsonpal.hu\/es\/wp-json\/wp\/v2\/comments?post=3523"}],"version-history":[{"count":16,"href":"https:\/\/gerzsonpal.hu\/es\/wp-json\/wp\/v2\/pages\/3523\/revisions"}],"predecessor-version":[{"id":4497,"href":"https:\/\/gerzsonpal.hu\/es\/wp-json\/wp\/v2\/pages\/3523\/revisions\/4497"}],"wp:attachment":[{"href":"https:\/\/gerzsonpal.hu\/es\/wp-json\/wp\/v2\/media?parent=3523"}],"curies":[{"name":"wp","href":"https:\/\/api.w.org\/{rel}","templated":true}]}}