{"id":3708,"date":"2025-04-15T04:27:59","date_gmt":"2025-04-15T02:27:59","guid":{"rendered":"https:\/\/gerzsonpal.hu\/loeuvre\/peintures\/annees-1980-1990\/"},"modified":"2025-07-14T13:25:27","modified_gmt":"2025-07-14T11:25:27","slug":"annees-1980-1990","status":"publish","type":"page","link":"https:\/\/gerzsonpal.hu\/es\/loeuvre\/peintures\/annees-1980-1990\/","title":{"rendered":"D\u00e9cada de 1980 y 1990"},"content":{"rendered":"<div class=\"fusion-fullwidth fullwidth-box fusion-builder-row-1 fusion-flex-container has-pattern-background has-mask-background nonhundred-percent-fullwidth non-hundred-percent-height-scrolling\" style=\"--awb-border-radius-top-left:0px;--awb-border-radius-top-right:0px;--awb-border-radius-bottom-right:0px;--awb-border-radius-bottom-left:0px;--awb-flex-wrap:wrap;\" ><div class=\"fusion-builder-row fusion-row fusion-flex-align-items-flex-start fusion-flex-content-wrap\" style=\"max-width:1216.8px;margin-left: calc(-4% \/ 2 );margin-right: calc(-4% \/ 2 );\"><div class=\"fusion-layout-column fusion_builder_column fusion-builder-column-0 fusion_builder_column_1_1 1_1 fusion-flex-column\" style=\"--awb-bg-size:cover;--awb-width-large:100%;--awb-margin-top-large:0px;--awb-spacing-right-large:1.92%;--awb-margin-bottom-large:50px;--awb-spacing-left-large:1.92%;--awb-width-medium:100%;--awb-order-medium:0;--awb-spacing-right-medium:1.92%;--awb-spacing-left-medium:1.92%;--awb-width-small:100%;--awb-order-small:0;--awb-spacing-right-small:1.92%;--awb-spacing-left-small:1.92%;\"><div class=\"fusion-column-wrapper fusion-column-has-shadow fusion-flex-justify-content-flex-start fusion-content-layout-column\"><div class=\"awb-gallery-wrapper awb-gallery-wrapper-1 button-span-no\" style=\"--more-btn-alignment:center;\"><div style=\"margin:-5px;--awb-bordersize:0px;\" class=\"fusion-gallery fusion-gallery-container fusion-grid-3 fusion-columns-total-12 fusion-gallery-layout-grid fusion-gallery-1\"><div style=\"padding:5px;\" class=\"fusion-grid-column fusion-gallery-column fusion-gallery-column-3 hover-type-none awb-imageframe-style awb-imageframe-style-below awb-imageframe-style-1\"><div class=\"fusion-gallery-image\"><a href=\"https:\/\/gerzsonpal.hu\/wp-content\/uploads\/2025\/04\/Cim_nelkul_1980_id_676-1.jpg\" data-title=\"Cim n\u00e9lk\u00fcl 1980\" title=\"Cim n\u00e9lk\u00fcl 1980\" rel=\"noreferrer\" data-rel=\"iLightbox[gallery_image_1]\" class=\"fusion-lightbox\" target=\"_self\"><img decoding=\"async\" src=\"https:\/\/gerzsonpal.hu\/wp-content\/uploads\/2025\/04\/Cim_nelkul_1980_id_676-1-460x295.jpg\" width=\"460\" height=\"295\" alt=\"\" title=\"Cim n\u00e9lk\u00fcl 1980\" aria-label=\"Cim n\u00e9lk\u00fcl 1980\" class=\"img-responsive wp-image-1833 fusion-gallery-image-size-fixed\"  \/><\/a><\/div><div class=\"awb-imageframe-caption-container\"><div class=\"awb-imageframe-caption\"><h2 class=\"awb-imageframe-caption-title\">Cim n\u00e9lk\u00fcl 1980<\/h2><\/div><\/div><\/div><div style=\"padding:5px;\" class=\"fusion-grid-column fusion-gallery-column fusion-gallery-column-3 hover-type-none awb-imageframe-style awb-imageframe-style-below awb-imageframe-style-1\"><div class=\"fusion-gallery-image\"><a href=\"https:\/\/gerzsonpal.hu\/wp-content\/uploads\/2025\/04\/Falusi_este_1981.jpg\" data-title=\"Falusi este 1981\" title=\"Falusi este 1981\" rel=\"noreferrer\" data-rel=\"iLightbox[gallery_image_1]\" class=\"fusion-lightbox\" target=\"_self\"><img decoding=\"async\" src=\"https:\/\/gerzsonpal.hu\/wp-content\/uploads\/2025\/04\/Falusi_este_1981-460x295.jpg\" width=\"460\" height=\"295\" alt=\"\" title=\"Falusi este 1981\" aria-label=\"Falusi este 1981\" class=\"img-responsive wp-image-1815 fusion-gallery-image-size-fixed\"  \/><\/a><\/div><div class=\"awb-imageframe-caption-container\"><div class=\"awb-imageframe-caption\"><h2 class=\"awb-imageframe-caption-title\">Falusi este 1981<\/h2><\/div><\/div><\/div><div style=\"padding:5px;\" class=\"fusion-grid-column fusion-gallery-column fusion-gallery-column-3 hover-type-none awb-imageframe-style awb-imageframe-style-below awb-imageframe-style-1\"><div class=\"fusion-gallery-image\"><a href=\"https:\/\/gerzsonpal.hu\/wp-content\/uploads\/2025\/04\/Gemma_1981-1.jpg\" data-title=\"Gemma 1981\" title=\"Gemma 1981\" rel=\"noreferrer\" data-rel=\"iLightbox[gallery_image_1]\" class=\"fusion-lightbox\" target=\"_self\"><img decoding=\"async\" src=\"https:\/\/gerzsonpal.hu\/wp-content\/uploads\/2025\/04\/Gemma_1981-1-460x295.jpg\" width=\"460\" height=\"295\" alt=\"\" title=\"Gemma 1981\" aria-label=\"Gemma 1981\" class=\"img-responsive wp-image-1818 fusion-gallery-image-size-fixed\"  \/><\/a><\/div><div class=\"awb-imageframe-caption-container\"><div class=\"awb-imageframe-caption\"><h2 class=\"awb-imageframe-caption-title\">Gemma 1981<\/h2><\/div><\/div><\/div><div class=\"clearfix\"><\/div><div style=\"padding:5px;\" class=\"fusion-grid-column fusion-gallery-column fusion-gallery-column-3 hover-type-none awb-imageframe-style awb-imageframe-style-below awb-imageframe-style-1\"><div class=\"fusion-gallery-image\"><a href=\"https:\/\/gerzsonpal.hu\/wp-content\/uploads\/2025\/04\/Oszi_taj_1982-1.jpg\" data-title=\"\u00d6szi t\u00e1j 1982\" title=\"\u00d6szi t\u00e1j 1982\" rel=\"noreferrer\" data-rel=\"iLightbox[gallery_image_1]\" class=\"fusion-lightbox\" target=\"_self\"><img decoding=\"async\" src=\"https:\/\/gerzsonpal.hu\/wp-content\/uploads\/2025\/04\/Oszi_taj_1982-1-460x295.jpg\" width=\"460\" height=\"295\" alt=\"\" title=\"\u00d6szi t\u00e1j 1982\" aria-label=\"\u00d6szi t\u00e1j 1982\" class=\"img-responsive wp-image-1822 fusion-gallery-image-size-fixed\"  \/><\/a><\/div><div class=\"awb-imageframe-caption-container\"><div class=\"awb-imageframe-caption\"><h2 class=\"awb-imageframe-caption-title\">\u00d6szi t\u00e1j 1982<\/h2><\/div><\/div><\/div><div style=\"padding:5px;\" class=\"fusion-grid-column fusion-gallery-column fusion-gallery-column-3 hover-type-none awb-imageframe-style awb-imageframe-style-below awb-imageframe-style-1\"><div class=\"fusion-gallery-image\"><a href=\"https:\/\/gerzsonpal.hu\/wp-content\/uploads\/2025\/04\/Tavaszi_kep-1983.jpg\" data-title=\"Tavaszi k\u00e9p 1983\" title=\"Tavaszi k\u00e9p 1983\" rel=\"noreferrer\" data-rel=\"iLightbox[gallery_image_1]\" class=\"fusion-lightbox\" target=\"_self\"><img decoding=\"async\" src=\"https:\/\/gerzsonpal.hu\/wp-content\/uploads\/2025\/04\/Tavaszi_kep-1983-460x295.jpg\" width=\"460\" height=\"295\" alt=\"\" title=\"Tavaszi k\u00e9p 1983\" aria-label=\"Tavaszi k\u00e9p 1983\" class=\"img-responsive wp-image-1830 fusion-gallery-image-size-fixed\"  \/><\/a><\/div><div class=\"awb-imageframe-caption-container\"><div class=\"awb-imageframe-caption\"><h2 class=\"awb-imageframe-caption-title\">Tavaszi k\u00e9p 1983<\/h2><\/div><\/div><\/div><div style=\"padding:5px;\" class=\"fusion-grid-column fusion-gallery-column fusion-gallery-column-3 hover-type-none awb-imageframe-style awb-imageframe-style-below awb-imageframe-style-1\"><div class=\"fusion-gallery-image\"><a href=\"https:\/\/gerzsonpal.hu\/wp-content\/uploads\/2025\/04\/Szel_es_napsutes_1983-2.jpg\" data-title=\"Sz\u00e9l \u00e9s naps\u00fct\u00e9s 1983\" title=\"Sz\u00e9l \u00e9s naps\u00fct\u00e9s 1983\" rel=\"noreferrer\" data-rel=\"iLightbox[gallery_image_1]\" class=\"fusion-lightbox\" target=\"_self\"><img decoding=\"async\" src=\"https:\/\/gerzsonpal.hu\/wp-content\/uploads\/2025\/04\/Szel_es_napsutes_1983-2-460x295.jpg\" width=\"460\" height=\"295\" alt=\"\" title=\"Sz\u00e9l \u00e9s naps\u00fct\u00e9s 1983\" aria-label=\"Sz\u00e9l \u00e9s naps\u00fct\u00e9s 1983\" class=\"img-responsive wp-image-1835 fusion-gallery-image-size-fixed\"  \/><\/a><\/div><div class=\"awb-imageframe-caption-container\"><div class=\"awb-imageframe-caption\"><h2 class=\"awb-imageframe-caption-title\">Sz\u00e9l \u00e9s naps\u00fct\u00e9s 1983<\/h2><\/div><\/div><\/div><div class=\"clearfix\"><\/div><div style=\"padding:5px;\" class=\"fusion-grid-column fusion-gallery-column fusion-gallery-column-3 hover-type-none awb-imageframe-style awb-imageframe-style-below awb-imageframe-style-1\"><div class=\"fusion-gallery-image\"><a href=\"https:\/\/gerzsonpal.hu\/wp-content\/uploads\/2025\/04\/Dombok_1985.jpg\" data-title=\"Dombok 1985\" title=\"Dombok 1985\" rel=\"noreferrer\" data-rel=\"iLightbox[gallery_image_1]\" class=\"fusion-lightbox\" target=\"_self\"><img decoding=\"async\" src=\"https:\/\/gerzsonpal.hu\/wp-content\/uploads\/2025\/04\/Dombok_1985-460x295.jpg\" width=\"460\" height=\"295\" alt=\"\" title=\"Dombok 1985\" aria-label=\"Dombok 1985\" class=\"img-responsive wp-image-1812 fusion-gallery-image-size-fixed\"  \/><\/a><\/div><div class=\"awb-imageframe-caption-container\"><div class=\"awb-imageframe-caption\"><h2 class=\"awb-imageframe-caption-title\">Dombok 1985<\/h2><\/div><\/div><\/div><div style=\"padding:5px;\" class=\"fusion-grid-column fusion-gallery-column fusion-gallery-column-3 hover-type-none awb-imageframe-style awb-imageframe-style-below awb-imageframe-style-1\"><div class=\"fusion-gallery-image\"><a href=\"https:\/\/gerzsonpal.hu\/wp-content\/uploads\/2025\/04\/Megfelelesek-II.-1984.jpg\" data-title=\"Megfelel\u00e9sek II. 1984\" title=\"Megfelel\u00e9sek II. 1984\" rel=\"noreferrer\" data-rel=\"iLightbox[gallery_image_1]\" class=\"fusion-lightbox\" target=\"_self\"><img decoding=\"async\" src=\"https:\/\/gerzsonpal.hu\/wp-content\/uploads\/2025\/04\/Megfelelesek-II.-1984-460x295.jpg\" width=\"460\" height=\"295\" alt=\"\" title=\"Megfelel\u00e9sek II. 1984\" aria-label=\"Megfelel\u00e9sek II. 1984\" class=\"img-responsive wp-image-1821 fusion-gallery-image-size-fixed\"  \/><\/a><\/div><div class=\"awb-imageframe-caption-container\"><div class=\"awb-imageframe-caption\"><h2 class=\"awb-imageframe-caption-title\">Megfelel\u00e9sek II. 1984<\/h2><\/div><\/div><\/div><div style=\"padding:5px;\" class=\"fusion-grid-column fusion-gallery-column fusion-gallery-column-3 hover-type-none awb-imageframe-style awb-imageframe-style-below awb-imageframe-style-1\"><div class=\"fusion-gallery-image\"><a href=\"https:\/\/gerzsonpal.hu\/wp-content\/uploads\/2025\/04\/Szigliget_1990_id_1525-1.jpg\" data-title=\"Szigliget 1990\" title=\"Szigliget 1990\" rel=\"noreferrer\" data-rel=\"iLightbox[gallery_image_1]\" class=\"fusion-lightbox\" target=\"_self\"><img decoding=\"async\" src=\"https:\/\/gerzsonpal.hu\/wp-content\/uploads\/2025\/04\/Szigliget_1990_id_1525-1-460x295.jpg\" width=\"460\" height=\"295\" alt=\"\" title=\"Szigliget 1990\" aria-label=\"Szigliget 1990\" class=\"img-responsive wp-image-1827 fusion-gallery-image-size-fixed\"  \/><\/a><\/div><div class=\"awb-imageframe-caption-container\"><div class=\"awb-imageframe-caption\"><h2 class=\"awb-imageframe-caption-title\">Szigliget 1990<\/h2><\/div><\/div><\/div><div class=\"clearfix\"><\/div><div style=\"padding:5px;\" class=\"fusion-grid-column fusion-gallery-column fusion-gallery-column-3 hover-type-none awb-imageframe-style awb-imageframe-style-below awb-imageframe-style-1\"><div class=\"fusion-gallery-image\"><a href=\"https:\/\/gerzsonpal.hu\/wp-content\/uploads\/2025\/04\/Kert_ablakon_at_1992.jpg\" data-title=\"Kert ablakon \u00e1t 1992\" title=\"Kert ablakon \u00e1t 1992\" rel=\"noreferrer\" data-rel=\"iLightbox[gallery_image_1]\" class=\"fusion-lightbox\" target=\"_self\"><img decoding=\"async\" src=\"https:\/\/gerzsonpal.hu\/wp-content\/uploads\/2025\/04\/Kert_ablakon_at_1992-460x295.jpg\" width=\"460\" height=\"295\" alt=\"\" title=\"Kert ablakon \u00e1t 1992\" aria-label=\"Kert ablakon \u00e1t 1992\" class=\"img-responsive wp-image-1820 fusion-gallery-image-size-fixed\"  \/><\/a><\/div><div class=\"awb-imageframe-caption-container\"><div class=\"awb-imageframe-caption\"><h2 class=\"awb-imageframe-caption-title\">Kert ablakon \u00e1t 1992<\/h2><\/div><\/div><\/div><div style=\"padding:5px;\" class=\"fusion-grid-column fusion-gallery-column fusion-gallery-column-3 hover-type-none awb-imageframe-style awb-imageframe-style-below awb-imageframe-style-1\"><div class=\"fusion-gallery-image\"><a href=\"https:\/\/gerzsonpal.hu\/wp-content\/uploads\/2025\/04\/Domb_1993.jpg\" data-title=\"Domb 1993\" title=\"Domb 1993\" rel=\"noreferrer\" data-rel=\"iLightbox[gallery_image_1]\" class=\"fusion-lightbox\" target=\"_self\"><img decoding=\"async\" src=\"https:\/\/gerzsonpal.hu\/wp-content\/uploads\/2025\/04\/Domb_1993-460x295.jpg\" width=\"460\" height=\"295\" alt=\"\" title=\"Domb 1993\" aria-label=\"Domb 1993\" class=\"img-responsive wp-image-1811 fusion-gallery-image-size-fixed\"  \/><\/a><\/div><div class=\"awb-imageframe-caption-container\"><div class=\"awb-imageframe-caption\"><h2 class=\"awb-imageframe-caption-title\">Domb 1993<\/h2><\/div><\/div><\/div><div style=\"padding:5px;\" class=\"fusion-grid-column fusion-gallery-column fusion-gallery-column-3 hover-type-none awb-imageframe-style awb-imageframe-style-below awb-imageframe-style-1\"><div class=\"fusion-gallery-image\"><a href=\"https:\/\/gerzsonpal.hu\/wp-content\/uploads\/2025\/04\/Upanisadok_I-1998.jpg\" data-title=\"Upanisadok I. 1998\" title=\"Upanisadok I. 1998\" rel=\"noreferrer\" data-rel=\"iLightbox[gallery_image_1]\" class=\"fusion-lightbox\" target=\"_self\"><img decoding=\"async\" src=\"https:\/\/gerzsonpal.hu\/wp-content\/uploads\/2025\/04\/Upanisadok_I-1998-460x295.jpg\" width=\"460\" height=\"295\" alt=\"\" title=\"Upanisadok I. 1998\" aria-label=\"Upanisadok I. 1998\" class=\"img-responsive wp-image-1832 fusion-gallery-image-size-fixed\"  \/><\/a><\/div><div class=\"awb-imageframe-caption-container\"><div class=\"awb-imageframe-caption\"><h2 class=\"awb-imageframe-caption-title\">Upanisadok I. 1998<\/h2><\/div><\/div><\/div><div class=\"clearfix\"><\/div><\/div><\/div><\/div><\/div><\/div><\/div>\n","protected":false},"excerpt":{"rendered":"","protected":false},"author":4,"featured_media":0,"parent":3385,"menu_order":0,"comment_status":"closed","ping_status":"closed","template":"","meta":{"footnotes":""},"class_list":["post-3708","page","type-page","status-publish","hentry"],"_links":{"self":[{"href":"https:\/\/gerzsonpal.hu\/es\/wp-json\/wp\/v2\/pages\/3708","targetHints":{"allow":["GET"]}}],"collection":[{"href":"https:\/\/gerzsonpal.hu\/es\/wp-json\/wp\/v2\/pages"}],"about":[{"href":"https:\/\/gerzsonpal.hu\/es\/wp-json\/wp\/v2\/types\/page"}],"author":[{"embeddable":true,"href":"https:\/\/gerzsonpal.hu\/es\/wp-json\/wp\/v2\/users\/4"}],"replies":[{"embeddable":true,"href":"https:\/\/gerzsonpal.hu\/es\/wp-json\/wp\/v2\/comments?post=3708"}],"version-history":[{"count":1,"href":"https:\/\/gerzsonpal.hu\/es\/wp-json\/wp\/v2\/pages\/3708\/revisions"}],"predecessor-version":[{"id":3709,"href":"https:\/\/gerzsonpal.hu\/es\/wp-json\/wp\/v2\/pages\/3708\/revisions\/3709"}],"up":[{"embeddable":true,"href":"https:\/\/gerzsonpal.hu\/es\/wp-json\/wp\/v2\/pages\/3385"}],"wp:attachment":[{"href":"https:\/\/gerzsonpal.hu\/es\/wp-json\/wp\/v2\/media?parent=3708"}],"curies":[{"name":"wp","href":"https:\/\/api.w.org\/{rel}","templated":true}]}}