{"id":3769,"date":"2025-07-02T00:39:30","date_gmt":"2025-07-01T22:39:30","guid":{"rendered":"https:\/\/gerzsonpal.hu\/la-fondation\/"},"modified":"2025-12-30T18:11:35","modified_gmt":"2025-12-30T17:11:35","slug":"la-fondation","status":"publish","type":"page","link":"https:\/\/gerzsonpal.hu\/es\/la-fondation\/","title":{"rendered":"La Fundaci\u00f3n"},"content":{"rendered":"<div class=\"fusion-fullwidth fullwidth-box fusion-builder-row-1 fusion-flex-container has-pattern-background has-mask-background nonhundred-percent-fullwidth non-hundred-percent-height-scrolling\" style=\"--awb-border-radius-top-left:0px;--awb-border-radius-top-right:0px;--awb-border-radius-bottom-right:0px;--awb-border-radius-bottom-left:0px;--awb-background-color:rgba(229,194,137,0.31);--awb-flex-wrap:wrap;\" ><div class=\"fusion-builder-row fusion-row fusion-flex-align-items-flex-start fusion-flex-content-wrap\" style=\"max-width:1216.8px;margin-left: calc(-4% \/ 2 );margin-right: calc(-4% \/ 2 );\"><div class=\"fusion-layout-column fusion_builder_column fusion-builder-column-0 fusion_builder_column_1_1 1_1 fusion-flex-column\" style=\"--awb-bg-size:cover;--awb-width-large:100%;--awb-margin-top-large:0px;--awb-spacing-right-large:1.92%;--awb-margin-bottom-large:50px;--awb-spacing-left-large:1.92%;--awb-width-medium:100%;--awb-order-medium:0;--awb-spacing-right-medium:1.92%;--awb-spacing-left-medium:1.92%;--awb-width-small:100%;--awb-order-small:0;--awb-spacing-right-small:1.92%;--awb-spacing-left-small:1.92%;\"><div class=\"fusion-column-wrapper fusion-column-has-shadow fusion-flex-justify-content-flex-start fusion-content-layout-column\"><div class=\"fusion-text fusion-text-1 fusion-text-no-margin\" style=\"--awb-content-alignment:justify;--awb-line-height:2;--awb-text-color:#ffffff;--awb-margin-top:40px;--awb-margin-right:40px;--awb-margin-bottom:-10px;--awb-margin-left:40px;\"><p><img decoding=\"async\" class=\"lazyload wp-image-1690 alignleft\" src=\"https:\/\/gerzsonpal.hu\/wp-content\/uploads\/2015\/11\/Gerzson_logo.jpg\" data-orig-src=\"https:\/\/gerzsonpal.hu\/wp-content\/uploads\/2015\/11\/Gerzson_logo.jpg\" alt=\"\" width=\"353\" height=\"272\" srcset=\"data:image\/svg+xml,%3Csvg%20xmlns%3D%27http%3A%2F%2Fwww.w3.org%2F2000%2Fsvg%27%20width%3D%27353%27%20height%3D%27272%27%20viewBox%3D%270%200%20353%20272%27%3E%3Crect%20width%3D%27353%27%20height%3D%27272%27%20fill-opacity%3D%220%22%2F%3E%3C%2Fsvg%3E\" data-srcset=\"https:\/\/gerzsonpal.hu\/wp-content\/uploads\/2015\/11\/Gerzson_logo-200x154.jpg 200w, https:\/\/gerzsonpal.hu\/wp-content\/uploads\/2015\/11\/Gerzson_logo-300x231.jpg 300w, https:\/\/gerzsonpal.hu\/wp-content\/uploads\/2015\/11\/Gerzson_logo-400x308.jpg 400w, https:\/\/gerzsonpal.hu\/wp-content\/uploads\/2015\/11\/Gerzson_logo-600x462.jpg 600w, https:\/\/gerzsonpal.hu\/wp-content\/uploads\/2015\/11\/Gerzson_logo.jpg 624w\" data-sizes=\"auto\" data-orig-sizes=\"(max-width: 353px) 100vw, 353px\" \/>Gerzson P\u00e1l M\u0171v\u00e9szeti Alap\u00edtv\u00e1ny (Fundaci\u00f3n de Arte P\u00e1l Gerzson)<\/p>\n<p>La Fundaci\u00f3n se cre\u00f3 en 2012. Su sede est\u00e1 en Szigliget y su objetivo es preservar la memoria del artista y su obra. Para ello, la Fundaci\u00f3n apoya la investigaci\u00f3n y la documentaci\u00f3n de la obra de P\u00e1l Gerzson, as\u00ed como la comunicaci\u00f3n y difusi\u00f3n de la informaci\u00f3n resultante.<br \/>Los archivos de P\u00e1l Gerzson se est\u00e1n registrando actualmente en una <a href=\"https:\/\/gerzsonarchivum.org\/\">base de datos<\/a>. Contiene reproducciones de obras, bocetos, estudios, notas diversas, fotograf\u00edas, correspondencia, documentos diversos as\u00ed como literatura secundaria.<\/p>\n<\/div><\/div><\/div><\/div><\/div>\n","protected":false},"excerpt":{"rendered":"","protected":false},"author":1,"featured_media":0,"parent":0,"menu_order":0,"comment_status":"open","ping_status":"closed","template":"","meta":{"footnotes":""},"class_list":["post-3769","page","type-page","status-publish","hentry"],"_links":{"self":[{"href":"https:\/\/gerzsonpal.hu\/es\/wp-json\/wp\/v2\/pages\/3769","targetHints":{"allow":["GET"]}}],"collection":[{"href":"https:\/\/gerzsonpal.hu\/es\/wp-json\/wp\/v2\/pages"}],"about":[{"href":"https:\/\/gerzsonpal.hu\/es\/wp-json\/wp\/v2\/types\/page"}],"author":[{"embeddable":true,"href":"https:\/\/gerzsonpal.hu\/es\/wp-json\/wp\/v2\/users\/1"}],"replies":[{"embeddable":true,"href":"https:\/\/gerzsonpal.hu\/es\/wp-json\/wp\/v2\/comments?post=3769"}],"version-history":[{"count":15,"href":"https:\/\/gerzsonpal.hu\/es\/wp-json\/wp\/v2\/pages\/3769\/revisions"}],"predecessor-version":[{"id":4190,"href":"https:\/\/gerzsonpal.hu\/es\/wp-json\/wp\/v2\/pages\/3769\/revisions\/4190"}],"wp:attachment":[{"href":"https:\/\/gerzsonpal.hu\/es\/wp-json\/wp\/v2\/media?parent=3769"}],"curies":[{"name":"wp","href":"https:\/\/api.w.org\/{rel}","templated":true}]}}