{"id":3803,"date":"2024-12-27T15:22:48","date_gmt":"2024-12-27T14:22:48","guid":{"rendered":"https:\/\/gerzsonpal.hu\/le-professeur\/"},"modified":"2026-01-09T03:01:17","modified_gmt":"2026-01-09T02:01:17","slug":"le-professeur","status":"publish","type":"page","link":"https:\/\/gerzsonpal.hu\/es\/biographie\/le-professeur\/","title":{"rendered":"El maestro"},"content":{"rendered":"<p><div class=\"fusion-fullwidth fullwidth-box fusion-builder-row-1 fusion-flex-container has-pattern-background has-mask-background nonhundred-percent-fullwidth non-hundred-percent-height-scrolling\" style=\"--awb-border-radius-top-left:0px;--awb-border-radius-top-right:0px;--awb-border-radius-bottom-right:0px;--awb-border-radius-bottom-left:0px;--awb-padding-bottom:0px;--awb-margin-bottom:0px;--awb-background-color:rgba(229,194,137,0.31);--awb-flex-wrap:wrap;\" ><div class=\"fusion-builder-row fusion-row fusion-flex-align-items-flex-start fusion-flex-content-wrap\" style=\"max-width:1216.8px;margin-left: calc(-4% \/ 2 );margin-right: calc(-4% \/ 2 );\"><div class=\"fusion-layout-column fusion_builder_column fusion-builder-column-0 fusion_builder_column_1_1 1_1 fusion-flex-column\" style=\"--awb-bg-size:cover;--awb-width-large:100%;--awb-margin-top-large:0px;--awb-spacing-right-large:1.92%;--awb-margin-bottom-large:50px;--awb-spacing-left-large:1.92%;--awb-width-medium:100%;--awb-order-medium:0;--awb-spacing-right-medium:1.92%;--awb-spacing-left-medium:1.92%;--awb-width-small:100%;--awb-order-small:0;--awb-spacing-right-small:1.92%;--awb-spacing-left-small:1.92%;\"><div class=\"fusion-column-wrapper fusion-column-has-shadow fusion-flex-justify-content-flex-start fusion-content-layout-column\"><div class=\"fusion-text fusion-text-1 fusion-text-no-margin\" style=\"--awb-content-alignment:justify;--awb-line-height:1.5;--awb-text-color:#ffffff;--awb-margin-top:40px;--awb-margin-right:40px;--awb-margin-bottom:-20px;--awb-margin-left:40px;\"><p><strong>P\u00e1l Gerzson ense\u00f1\u00f3 durante d\u00e9cadas, primero en la Universidad de Artes Aplicadas de Budapest entre 1960 y 1974, y luego en la Universidad de Bellas Artes de Budapest entre 1974 y 1996. Muchos de sus alumnos son hoy artistas de renombre.<\/strong><\/p>\n<p>\u00ab P\u00e1l Gerzson fue mi maestro, un joven severo y coherente, de habla clara e inteligente; Nosotros, sus estudiantes, est\u00e1bamos orgullosos de aprender de \u00e9l. \u00bb <em>P\u00e1l<\/em> <em>Antal<\/em>, <em>dise\u00f1ador gr\u00e1fico<\/em><\/p>\n<p>\u00ab No era hablador, es cierto. Nos correg\u00eda con pocas palabras para ir siempre al grano. \u00bb <em>M\u00e1rta G\u00f6b\u00f6ly\u00f6s, artista textil<\/em><\/p>\n<p>\u00ab Luego dijo unas frases sencillas para reflexionar. Intenta dibujar como si s\u00f3lo tuvieras 5 minutos. Observa todo, pero deja que s\u00f3lo aparezcan en el papel los elementos esenciales. \u00bb <em>Csaba \u00c1sztai, pintor<\/em><\/p>\n<p>\u00ab Cada verano pas\u00e1bamos un mes en Szigliget, donde qued\u00e1bamos encantados con la belleza del paisaje. La mente entonces qued\u00f3 liberada y la imaginaci\u00f3n descendi\u00f3 en cascada hasta el Balaton. \u00bb <em>Magda V\u00e1g\u00f3, pintor<\/em><\/p>\n<p>\u00ab Nuestro maestro nos exhortaba a la integridad profesional y a mucha humildad, cuando, con el pincel retorci\u00e9ndose entre los dedos y el fervor escudri\u00f1ador, abr\u00edamos los ojos y el alma. \u00bb <em>Csaba Szegedi, pintor<\/em><\/p>\n<p>\u00ab Nos llam\u00f3 la atenci\u00f3n sobre la riqueza y belleza de la tradici\u00f3n pict\u00f3rica y de la cultura humana en general. \u00bb <em>Erzs\u00e9bet<\/em> <em>Egri<\/em>, <em>pin<\/em><em>tor<\/em><\/p>\n<p>\u00ab Comprendo hoy su conciencia de representar la sustancia de su ense\u00f1anza: hay valores pict\u00f3ricos que atraviesan los tiempos y que debemos reconquistar, mostrar una y otra vez, d\u00eda tras d\u00eda, con talento, con trabajo asiduo y apasionado. \u00bb <em>M\u00e1rton<\/em> <em>Magyari<\/em>, <em>pintor<\/em><\/p>\n<p>\u00ab El Maestro sol\u00eda venir a trabajar temprano. Al llegar, ten\u00eda la costumbre de invitar al alumno madrugador a tomar un t\u00e9 en su taller. Estas sesiones eran incre\u00edblemente instructivas. Hablaba de sus propios cuadros. Evocaba todos los temas posibles que lo ocupaban: la concepci\u00f3n de la idea de la representaci\u00f3n mediante la imagen, las soluciones aportadas a los problemas de composici\u00f3n, hasta los m\u00e1s m\u00ednimos detalles de la t\u00e9cnica pict\u00f3rica. Hablaba de los milagros de Szigliget, del pintor Egry, de las luces del paisaje de Panonia. \u00bb <em>B\u00e9la Garamv\u00f6lgyi, pintor<\/em><\/p>\n<p>\u00ab Su colorismo podr\u00eda explicarse por el misterio de las melod\u00edas que quedan en la cabeza y que a\u00fan tarareamos despu\u00e9s de un concierto. Son las fuerzas evocadoras de los colores y el sistema de correlaciones de m\u00faltiples l\u00e1minas, armonizadas con precisi\u00f3n, las que crean este efecto art\u00edstico a\u00e9reo y cautivador, inaccesible para muchas personas. \u00bb <em>G\u00e1bor Tari,<\/em> <em>pin<\/em><em>tor<\/em><\/p>\n<p>\u00ab Adem\u00e1s de las frecuentes sesiones de correcci\u00f3n en el taller, de vez en cuando ten\u00edamos la oportunidad de subir al tercer piso para traer una recopilaci\u00f3n m\u00e1s grande de nuestras creaciones. Estas consultas nos permitieron tambi\u00e9n tener acceso permanente a su estudio, para seguir la evoluci\u00f3n de su pintura, el nacimiento, el progreso de sus cuadros. Bebiendo t\u00e9 o caf\u00e9 y \u2013admit\u00e1moslo\u2013 envueltos en el smog de una rubia, analiz\u00e1bamos con \u00e9l nuestras \u2018cosechas\u2019 y luego, tras la discusi\u00f3n, lo dej\u00e1bamos, armados con sus ense\u00f1anzas y valores para digerir. \u00bb <em>Ifj. Durk\u00f3<\/em> <em>Zsolt, pintor<\/em><\/p>\n<p>\u00ab Su discurso me sirvi\u00f3 como lecci\u00f3n para la vida: \u00bfen qu\u00e9 sentido un jaque mate podr\u00eda ser culpa del tablero de ajedrez? En una situaci\u00f3n cercana al mate, volcar el tablero en lugar de hacer el esfuerzo necesario es una huida inconmensurable. Si uno recibe jaque mate, se vuelven a colocar las piezas y se comienza la revancha. \u00bb <em>Tam\u00e1s Cserna<\/em>, <em>pintor<\/em><\/p>\n<p>\u00ab En la Escuela Superior, nuestra formaci\u00f3n se desarroll\u00f3 en dos lugares diferentes, en nuestro taller compartido, el n\u00famero 13 en el 2\u00ba piso, y en el taller del M\u00e1ster, el piso superior. Abajo discut\u00edamos los problemas cotidianos que surg\u00edan durante nuestros estudios, mientras que arriba, mientras beb\u00edamos un t\u00e9 terriblemente fuerte, discut\u00edamos todos los dem\u00e1s temas, y a veces tambi\u00e9n las obras del Maestro. \u00bb <em>Gy\u00f6rgy<\/em> <em>Bokor<\/em>, <em>pin<\/em><em>tor<\/em><\/p>\n<p>\u00ab Sus correcciones eran siempre de una precisi\u00f3n milim\u00e9trica. Ilustr\u00f3 la mayor\u00eda de sus cr\u00edticas con ejemplos de la historia del arte o a trav\u00e9s de las obras de los m\u00e1s grandes pintores. Aprendimos mucho de \u00e9l, entendiendo una obra, la esencia del razonamiento a trav\u00e9s de im\u00e1genes. Para comprender y asimilar sus correcciones, primero hab\u00eda que saber mantenerse a flote en su erudici\u00f3n. \u00bb <em>Andr\u00e1s Kecsk\u00e9s<\/em>, <em>pin<\/em><em>tor<\/em><\/p>\n<\/div><\/div><\/div><\/div><\/div><div class=\"fusion-fullwidth fullwidth-box fusion-builder-row-2 fusion-flex-container has-pattern-background has-mask-background nonhundred-percent-fullwidth non-hundred-percent-height-scrolling\" style=\"--awb-border-radius-top-left:0px;--awb-border-radius-top-right:0px;--awb-border-radius-bottom-right:0px;--awb-border-radius-bottom-left:0px;--awb-margin-top:40px;--awb-background-color:rgba(0,0,0,0);--awb-flex-wrap:wrap;\" ><div class=\"fusion-builder-row fusion-row fusion-flex-align-items-flex-start fusion-flex-content-wrap\" style=\"max-width:1216.8px;margin-left: calc(-4% \/ 2 );margin-right: calc(-4% \/ 2 );\"><div class=\"fusion-layout-column fusion_builder_column fusion-builder-column-1 fusion_builder_column_1_1 1_1 fusion-flex-column\" style=\"--awb-bg-size:cover;--awb-width-large:100%;--awb-margin-top-large:0px;--awb-spacing-right-large:1.92%;--awb-margin-bottom-large:50px;--awb-spacing-left-large:1.92%;--awb-width-medium:100%;--awb-order-medium:0;--awb-spacing-right-medium:1.92%;--awb-spacing-left-medium:1.92%;--awb-width-small:100%;--awb-order-small:0;--awb-spacing-right-small:1.92%;--awb-spacing-left-small:1.92%;\"><div class=\"fusion-column-wrapper fusion-column-has-shadow fusion-flex-justify-content-flex-start fusion-content-layout-column\"><div class=\"awb-gallery-wrapper awb-gallery-wrapper-1 button-span-no\" style=\"--more-btn-alignment:center;\"><div style=\"margin:-5px;--awb-bordersize:0px;\" class=\"fusion-gallery fusion-gallery-container fusion-grid-3 fusion-columns-total-15 fusion-gallery-layout-grid fusion-gallery-1\"><div style=\"padding:5px;\" class=\"fusion-grid-column fusion-gallery-column fusion-gallery-column-3\"><div class=\"fusion-gallery-image awb-imageframe-style awb-imageframe-style-resa\"><a href=\"https:\/\/www.aranyrajzszog.hu\/szerzo\/antal-pal?year=2019\" data-title=\"Antal P\u00e1l\" title=\"Antal P\u00e1l\" rel=\"noreferrer\" data-rel=\"iLightbox[gallery_image_1]\" class=\"fusion-lightbox\" target=\"_blank\"><img decoding=\"async\" src=\"https:\/\/gerzsonpal.hu\/wp-content\/uploads\/2026\/01\/Antal-Pal-460x295.jpg\" width=\"460\" height=\"295\" alt=\"\" title=\"Antal P\u00e1l\" aria-label=\"Antal P\u00e1l\" class=\"img-responsive wp-image-4632 fusion-gallery-image-size-fixed\"  \/><div class=\"awb-imageframe-caption-container\"><div class=\"awb-imageframe-caption\"><h2 class=\"awb-imageframe-caption-title\">Antal P\u00e1l<\/h2><\/div><\/div><\/a><\/div><\/div><div style=\"padding:5px;\" class=\"fusion-grid-column fusion-gallery-column fusion-gallery-column-3\"><div class=\"fusion-gallery-image awb-imageframe-style awb-imageframe-style-resa\"><a href=\"https:\/\/asztai.hu\/\" data-title=\"\u00c1sztai Csaba\" title=\"\u00c1sztai Csaba\" rel=\"noreferrer\" data-rel=\"iLightbox[gallery_image_1]\" class=\"fusion-lightbox\" target=\"_blank\"><img decoding=\"async\" src=\"https:\/\/gerzsonpal.hu\/wp-content\/uploads\/2025\/05\/Asztai-Csaba-460x295.jpeg\" width=\"460\" height=\"295\" alt=\"\" title=\"\u00c1sztai Csaba\" aria-label=\"\u00c1sztai Csaba\" class=\"img-responsive wp-image-3282 fusion-gallery-image-size-fixed\" srcset=\"https:\/\/gerzsonpal.hu\/wp-content\/uploads\/2025\/05\/Asztai-Csaba-460x295.jpeg 460w, https:\/\/gerzsonpal.hu\/wp-content\/uploads\/2025\/05\/Asztai-Csaba-624x400.jpeg 624w\" sizes=\"(max-width: 460px) 100vw, 460px\" \/><div class=\"awb-imageframe-caption-container\"><div class=\"awb-imageframe-caption\"><h2 class=\"awb-imageframe-caption-title\">\u00c1sztai Csaba<\/h2><\/div><\/div><\/a><\/div><\/div><div style=\"padding:5px;\" class=\"fusion-grid-column fusion-gallery-column fusion-gallery-column-3\"><div class=\"fusion-gallery-image awb-imageframe-style awb-imageframe-style-resa\"><a href=\"https:\/\/www.facebook.com\/profile.php?id=100065720656566\" data-title=\"Bokor Gy\u00f6rgy\" title=\"Bokor Gy\u00f6rgy\" rel=\"noreferrer\" data-rel=\"iLightbox[gallery_image_1]\" class=\"fusion-lightbox\" target=\"_blank\"><img decoding=\"async\" src=\"https:\/\/gerzsonpal.hu\/wp-content\/uploads\/2025\/04\/Bokor-Gyorgy-460x295.jpg\" width=\"460\" height=\"295\" alt=\"\" title=\"Bokor Gy\u00f6rgy\" aria-label=\"Bokor Gy\u00f6rgy\" class=\"img-responsive wp-image-2862 fusion-gallery-image-size-fixed\"  \/><div class=\"awb-imageframe-caption-container\"><div class=\"awb-imageframe-caption\"><h2 class=\"awb-imageframe-caption-title\">Bokor Gy\u00f6rgy<\/h2><\/div><\/div><\/a><\/div><\/div><div class=\"clearfix\"><\/div><div style=\"padding:5px;\" class=\"fusion-grid-column fusion-gallery-column fusion-gallery-column-3\"><div class=\"fusion-gallery-image awb-imageframe-style awb-imageframe-style-resa\"><a href=\"https:\/\/gerzsonpal.hu\/wp-content\/uploads\/2025\/05\/Cserna-Tamas--scaled.jpg\" data-title=\"Cserna Tam\u00e1s\" title=\"Cserna Tam\u00e1s\" rel=\"noreferrer\" data-rel=\"iLightbox[gallery_image_1]\" class=\"fusion-lightbox\" target=\"_blank\"><img decoding=\"async\" src=\"https:\/\/gerzsonpal.hu\/wp-content\/uploads\/2025\/05\/Cserna-Tamas--460x295.jpg\" width=\"460\" height=\"295\" alt=\"\" title=\"Cserna Tam\u00e1s\" aria-label=\"Cserna Tam\u00e1s\" class=\"img-responsive wp-image-3274 fusion-gallery-image-size-fixed\"  \/><div class=\"awb-imageframe-caption-container\"><div class=\"awb-imageframe-caption\"><h2 class=\"awb-imageframe-caption-title\">Cserna Tam\u00e1s<\/h2><\/div><\/div><\/a><\/div><\/div><div style=\"padding:5px;\" class=\"fusion-grid-column fusion-gallery-column fusion-gallery-column-3\"><div class=\"fusion-gallery-image awb-imageframe-style awb-imageframe-style-resa\"><a href=\"https:\/\/www.facebook.com\/erzsebet.egri.315\" data-title=\"Egri Erzs\u00e9bet\" title=\"Egri Erzs\u00e9bet\" rel=\"noreferrer\" data-rel=\"iLightbox[gallery_image_1]\" class=\"fusion-lightbox\" target=\"_blank\"><img decoding=\"async\" src=\"https:\/\/gerzsonpal.hu\/wp-content\/uploads\/2025\/04\/Egri-Erzsebet-460x295.jpg\" width=\"460\" height=\"295\" alt=\"\" title=\"Egri Erzs\u00e9bet\" aria-label=\"Egri Erzs\u00e9bet\" class=\"img-responsive wp-image-2854 fusion-gallery-image-size-fixed\"  \/><div class=\"awb-imageframe-caption-container\"><div class=\"awb-imageframe-caption\"><h2 class=\"awb-imageframe-caption-title\">Egri Erzs\u00e9bet<\/h2><\/div><\/div><\/a><\/div><\/div><div style=\"padding:5px;\" class=\"fusion-grid-column fusion-gallery-column fusion-gallery-column-3\"><div class=\"fusion-gallery-image awb-imageframe-style awb-imageframe-style-resa\"><a href=\"http:\/\/www.fuzesgergely.hu\/\" data-title=\"F\u00fczes Gergely\" title=\"F\u00fczes Gergely\" rel=\"noreferrer\" data-rel=\"iLightbox[gallery_image_1]\" class=\"fusion-lightbox\" target=\"_blank\"><img decoding=\"async\" src=\"https:\/\/gerzsonpal.hu\/wp-content\/uploads\/2025\/04\/Fuzes-Gergely-460x295.jpg\" width=\"460\" height=\"295\" alt=\"\" title=\"F\u00fczes Gergely\" aria-label=\"F\u00fczes Gergely\" class=\"img-responsive wp-image-2850 fusion-gallery-image-size-fixed\"  \/><div class=\"awb-imageframe-caption-container\"><div class=\"awb-imageframe-caption\"><h2 class=\"awb-imageframe-caption-title\">F\u00fczes Gergely<\/h2><\/div><\/div><\/a><\/div><\/div><div class=\"clearfix\"><\/div><div style=\"padding:5px;\" class=\"fusion-grid-column fusion-gallery-column fusion-gallery-column-3\"><div class=\"fusion-gallery-image awb-imageframe-style awb-imageframe-style-resa\"><a href=\"https:\/\/www.facebook.com\/bela.garamvolgyi.73\/\" data-title=\"Garamv\u00f6lgyi B\u00e9la\" title=\"Garamv\u00f6lgyi B\u00e9la\" rel=\"noreferrer\" data-rel=\"iLightbox[gallery_image_1]\" class=\"fusion-lightbox\" target=\"_blank\"><img decoding=\"async\" src=\"https:\/\/gerzsonpal.hu\/wp-content\/uploads\/2025\/04\/Garamvolgyi-Bela-460x295.jpg\" width=\"460\" height=\"295\" alt=\"\" title=\"Garamv\u00f6lgyi B\u00e9la\" aria-label=\"Garamv\u00f6lgyi B\u00e9la\" class=\"img-responsive wp-image-2846 fusion-gallery-image-size-fixed\"  \/><div class=\"awb-imageframe-caption-container\"><div class=\"awb-imageframe-caption\"><h2 class=\"awb-imageframe-caption-title\">Garamv\u00f6lgyi B\u00e9la<\/h2><\/div><\/div><\/a><\/div><\/div><div style=\"padding:5px;\" class=\"fusion-grid-column fusion-gallery-column fusion-gallery-column-3\"><div class=\"fusion-gallery-image awb-imageframe-style awb-imageframe-style-resa\"><a href=\"https:\/\/www.facebook.com\/profile.php?id=100012774795218&amp;sk=about\" data-title=\"G\u00f6b\u00f6ly\u00f6s M\u00e1rta\" title=\"G\u00f6b\u00f6ly\u00f6s M\u00e1rta\" rel=\"noreferrer\" data-rel=\"iLightbox[gallery_image_1]\" class=\"fusion-lightbox\" target=\"_blank\"><img decoding=\"async\" src=\"https:\/\/gerzsonpal.hu\/wp-content\/uploads\/2026\/01\/Gobolyos-Marta-2-460x295.jpg\" width=\"460\" height=\"295\" alt=\"\" title=\"G\u00f6b\u00f6ly\u00f6s M\u00e1rta\" aria-label=\"G\u00f6b\u00f6ly\u00f6s M\u00e1rta\" class=\"img-responsive wp-image-4631 fusion-gallery-image-size-fixed\"  \/><div class=\"awb-imageframe-caption-container\"><div class=\"awb-imageframe-caption\"><h2 class=\"awb-imageframe-caption-title\">G\u00f6b\u00f6ly\u00f6s M\u00e1rta<\/h2><\/div><\/div><\/a><\/div><\/div><div style=\"padding:5px;\" class=\"fusion-grid-column fusion-gallery-column fusion-gallery-column-3\"><div class=\"fusion-gallery-image awb-imageframe-style awb-imageframe-style-resa\"><a href=\"https:\/\/gerzsonpal.hu\/wp-content\/uploads\/2025\/04\/ifj.-Durko-Zsolt.jpg\" data-title=\"ifj. Durk\u00f3 Zsolt\" title=\"ifj. Durk\u00f3 Zsolt\" rel=\"noreferrer\" data-rel=\"iLightbox[gallery_image_1]\" class=\"fusion-lightbox\" target=\"_blank\"><img decoding=\"async\" src=\"https:\/\/gerzsonpal.hu\/wp-content\/uploads\/2025\/04\/ifj.-Durko-Zsolt-460x295.jpg\" width=\"460\" height=\"295\" alt=\"\" title=\"ifj. Durk\u00f3 Zsolt\" aria-label=\"ifj. Durk\u00f3 Zsolt\" class=\"img-responsive wp-image-2842 fusion-gallery-image-size-fixed\"  \/><div class=\"awb-imageframe-caption-container\"><div class=\"awb-imageframe-caption\"><h2 class=\"awb-imageframe-caption-title\">ifj. Durk\u00f3 Zsolt<\/h2><\/div><\/div><\/a><\/div><\/div><div class=\"clearfix\"><\/div><div style=\"padding:5px;\" class=\"fusion-grid-column fusion-gallery-column fusion-gallery-column-3\"><div class=\"fusion-gallery-image awb-imageframe-style awb-imageframe-style-resa\"><a href=\"https:\/\/www.kecskesandras.com\/\" data-title=\"Kecsk\u00e9s Andr\u00e1s\" title=\"Kecsk\u00e9s Andr\u00e1s\" rel=\"noreferrer\" data-rel=\"iLightbox[gallery_image_1]\" class=\"fusion-lightbox\" target=\"_blank\"><img decoding=\"async\" src=\"https:\/\/gerzsonpal.hu\/wp-content\/uploads\/2025\/04\/Kecskes-Andras-460x295.jpg\" width=\"460\" height=\"295\" alt=\"\" title=\"Kecsk\u00e9s Andr\u00e1s\" aria-label=\"Kecsk\u00e9s Andr\u00e1s\" class=\"img-responsive wp-image-2838 fusion-gallery-image-size-fixed\"  \/><div class=\"awb-imageframe-caption-container\"><div class=\"awb-imageframe-caption\"><h2 class=\"awb-imageframe-caption-title\">Kecsk\u00e9s Andr\u00e1s<\/h2><\/div><\/div><\/a><\/div><\/div><div style=\"padding:5px;\" class=\"fusion-grid-column fusion-gallery-column fusion-gallery-column-3\"><div class=\"fusion-gallery-image awb-imageframe-style awb-imageframe-style-resa\"><a href=\"https:\/\/magyarimarton.hu\/\" data-title=\"Magyari M\u00e1rton\" title=\"Magyari M\u00e1rton\" rel=\"noreferrer\" data-rel=\"iLightbox[gallery_image_1]\" class=\"fusion-lightbox\" target=\"_blank\"><img decoding=\"async\" src=\"https:\/\/gerzsonpal.hu\/wp-content\/uploads\/2025\/04\/Magyari-Marton-460x295.jpg\" width=\"460\" height=\"295\" alt=\"\" title=\"Magyari M\u00e1rton\" aria-label=\"Magyari M\u00e1rton\" class=\"img-responsive wp-image-2834 fusion-gallery-image-size-fixed\"  \/><div class=\"awb-imageframe-caption-container\"><div class=\"awb-imageframe-caption\"><h2 class=\"awb-imageframe-caption-title\">Magyari M\u00e1rton<\/h2><\/div><\/div><\/a><\/div><\/div><div style=\"padding:5px;\" class=\"fusion-grid-column fusion-gallery-column fusion-gallery-column-3\"><div class=\"fusion-gallery-image awb-imageframe-style awb-imageframe-style-resa\"><a href=\"https:\/\/miksabalint.hu\/\" data-title=\"Miksa B\u00e1lint\" title=\"Miksa B\u00e1lint\" rel=\"noreferrer\" data-rel=\"iLightbox[gallery_image_1]\" class=\"fusion-lightbox\" target=\"_blank\"><img decoding=\"async\" src=\"https:\/\/gerzsonpal.hu\/wp-content\/uploads\/2026\/01\/Miksa_Balint-3-460x295.jpg\" width=\"460\" height=\"295\" alt=\"\" title=\"Miksa B\u00e1lint\" aria-label=\"Miksa B\u00e1lint\" class=\"img-responsive wp-image-4630 fusion-gallery-image-size-fixed\"  \/><div class=\"awb-imageframe-caption-container\"><div class=\"awb-imageframe-caption\"><h2 class=\"awb-imageframe-caption-title\">Miksa B\u00e1lint<\/h2><\/div><\/div><\/a><\/div><\/div><div class=\"clearfix\"><\/div><div style=\"padding:5px;\" class=\"fusion-grid-column fusion-gallery-column fusion-gallery-column-3\"><div class=\"fusion-gallery-image awb-imageframe-style awb-imageframe-style-resa\"><a href=\"https:\/\/szegedicsaba.hu\/hu\/\" data-title=\"Szegedi Csaba\" title=\"Szegedi Csaba\" rel=\"noreferrer\" data-rel=\"iLightbox[gallery_image_1]\" class=\"fusion-lightbox\" target=\"_blank\"><img decoding=\"async\" src=\"https:\/\/gerzsonpal.hu\/wp-content\/uploads\/2025\/04\/Szegedi-Csaba-460x295.jpg\" width=\"460\" height=\"295\" alt=\"\" title=\"Szegedi Csaba\" aria-label=\"Szegedi Csaba\" class=\"img-responsive wp-image-2830 fusion-gallery-image-size-fixed\"  \/><div class=\"awb-imageframe-caption-container\"><div class=\"awb-imageframe-caption\"><h2 class=\"awb-imageframe-caption-title\">Szegedi Csaba<\/h2><\/div><\/div><\/a><\/div><\/div><div style=\"padding:5px;\" class=\"fusion-grid-column fusion-gallery-column fusion-gallery-column-3\"><div class=\"fusion-gallery-image awb-imageframe-style awb-imageframe-style-resa\"><a href=\"https:\/\/www.facebook.com\/gabriel.dionyzos\" data-title=\"Tari G\u00e1bor\" title=\"Tari G\u00e1bor\" rel=\"noreferrer\" data-rel=\"iLightbox[gallery_image_1]\" class=\"fusion-lightbox\" target=\"_blank\"><img decoding=\"async\" src=\"https:\/\/gerzsonpal.hu\/wp-content\/uploads\/2025\/04\/Tari-Gabor-460x295.jpg\" width=\"460\" height=\"295\" alt=\"\" title=\"Tari G\u00e1bor\" aria-label=\"Tari G\u00e1bor\" class=\"img-responsive wp-image-2826 fusion-gallery-image-size-fixed\"  \/><div class=\"awb-imageframe-caption-container\"><div class=\"awb-imageframe-caption\"><h2 class=\"awb-imageframe-caption-title\">Tari G\u00e1bor<\/h2><\/div><\/div><\/a><\/div><\/div><div style=\"padding:5px;\" class=\"fusion-grid-column fusion-gallery-column fusion-gallery-column-3\"><div class=\"fusion-gallery-image awb-imageframe-style awb-imageframe-style-resa\"><a href=\"http:\/\/www.artezi.hu\/artist.php?formFieldpicture=vago\" data-title=\"V\u00e1g\u00f3 Magda\" title=\"V\u00e1g\u00f3 Magda\" rel=\"noreferrer\" data-rel=\"iLightbox[gallery_image_1]\" class=\"fusion-lightbox\" target=\"_blank\"><img decoding=\"async\" src=\"https:\/\/gerzsonpal.hu\/wp-content\/uploads\/2025\/04\/Vago-Magda-460x295.jpg\" width=\"460\" height=\"295\" alt=\"\" title=\"V\u00e1g\u00f3 Magda\" aria-label=\"V\u00e1g\u00f3 Magda\" class=\"img-responsive wp-image-2822 fusion-gallery-image-size-fixed\"  \/><div class=\"awb-imageframe-caption-container\"><div class=\"awb-imageframe-caption\"><h2 class=\"awb-imageframe-caption-title\">V\u00e1g\u00f3 Magda<\/h2><\/div><\/div><\/a><\/div><\/div><div class=\"clearfix\"><\/div><\/div><\/div><\/div><\/div><\/div><\/div><\/p>\n","protected":false},"excerpt":{"rendered":"","protected":false},"author":1,"featured_media":0,"parent":3416,"menu_order":0,"comment_status":"closed","ping_status":"closed","template":"","meta":{"footnotes":""},"class_list":["post-3803","page","type-page","status-publish","hentry"],"_links":{"self":[{"href":"https:\/\/gerzsonpal.hu\/es\/wp-json\/wp\/v2\/pages\/3803","targetHints":{"allow":["GET"]}}],"collection":[{"href":"https:\/\/gerzsonpal.hu\/es\/wp-json\/wp\/v2\/pages"}],"about":[{"href":"https:\/\/gerzsonpal.hu\/es\/wp-json\/wp\/v2\/types\/page"}],"author":[{"embeddable":true,"href":"https:\/\/gerzsonpal.hu\/es\/wp-json\/wp\/v2\/users\/1"}],"replies":[{"embeddable":true,"href":"https:\/\/gerzsonpal.hu\/es\/wp-json\/wp\/v2\/comments?post=3803"}],"version-history":[{"count":28,"href":"https:\/\/gerzsonpal.hu\/es\/wp-json\/wp\/v2\/pages\/3803\/revisions"}],"predecessor-version":[{"id":4633,"href":"https:\/\/gerzsonpal.hu\/es\/wp-json\/wp\/v2\/pages\/3803\/revisions\/4633"}],"up":[{"embeddable":true,"href":"https:\/\/gerzsonpal.hu\/es\/wp-json\/wp\/v2\/pages\/3416"}],"wp:attachment":[{"href":"https:\/\/gerzsonpal.hu\/es\/wp-json\/wp\/v2\/media?parent=3803"}],"curies":[{"name":"wp","href":"https:\/\/api.w.org\/{rel}","templated":true}]}}