{"id":3351,"date":"2021-05-20T16:44:02","date_gmt":"2021-05-20T14:44:02","guid":{"rendered":"https:\/\/gerzsonpal.hu\/accueil\/"},"modified":"2026-01-02T18:40:12","modified_gmt":"2026-01-02T17:40:12","slug":"accueil","status":"publish","type":"page","link":"https:\/\/gerzsonpal.hu\/hu\/","title":{"rendered":"Kezd\u0151lap"},"content":{"rendered":"<p><div class=\"fusion-fullwidth fullwidth-box fusion-builder-row-1 fusion-flex-container has-pattern-background has-mask-background nonhundred-percent-fullwidth non-hundred-percent-height-scrolling\" style=\"--awb-background-position:left top;--awb-border-sizes-top:0px;--awb-border-sizes-bottom:0px;--awb-border-sizes-left:0px;--awb-border-sizes-right:0px;--awb-border-radius-top-left:0px;--awb-border-radius-top-right:0px;--awb-border-radius-bottom-right:0px;--awb-border-radius-bottom-left:0px;--awb-padding-top:0px;--awb-padding-bottom:2.5%;--awb-margin-top:0px;--awb-background-color:rgba(0,0,0,0);--awb-flex-wrap:wrap;--awb-flex-wrap-medium:wrap;\" ><div class=\"fusion-builder-row fusion-row fusion-flex-align-items-flex-start fusion-flex-content-wrap\" style=\"max-width:calc( 1170px + 0px );margin-left: calc(-0px \/ 2 );margin-right: calc(-0px \/ 2 );\"><div class=\"fusion-layout-column fusion_builder_column fusion-builder-column-0 fusion_builder_column_1_1 1_1 fusion-flex-column\" style=\"--awb-padding-top:0%;--awb-padding-right:15%;--awb-padding-bottom:0%;--awb-padding-left:15%;--awb-bg-blend:overlay;--awb-bg-size:cover;--awb-width-large:100%;--awb-margin-top-large:0px;--awb-spacing-right-large:0px;--awb-margin-bottom-large:50px;--awb-spacing-left-large:0px;--awb-width-medium:100%;--awb-spacing-right-medium:0px;--awb-spacing-left-medium:0px;--awb-width-small:100%;--awb-spacing-right-small:0px;--awb-margin-bottom-small:20px;--awb-spacing-left-small:0px;\"><div class=\"fusion-column-wrapper fusion-flex-justify-content-flex-start fusion-content-layout-column\"><div class=\"fusion-text fusion-text-1\" style=\"--awb-content-alignment:center;--awb-font-size:20px;--awb-line-height:1.7;--awb-text-color:#ffffff;\"><p>Gerzson P\u00e1l fest\u0151m\u0171v\u00e9sz honlapja a m\u0171v\u00e9sz \u00e9let\u00e9t, alkot\u00e1sait<br \/>\n\u00e9s az ezek nagy r\u00e9sz\u00e9t inspir\u00e1l\u00f3 szigligeti t\u00e1jat mutatja be.<\/p>\n<\/div><\/div><\/div><\/div><\/div><div class=\"fusion-fullwidth fullwidth-box fusion-builder-row-2 fusion-flex-container has-pattern-background has-mask-background nonhundred-percent-fullwidth non-hundred-percent-height-scrolling\" style=\"--awb-border-radius-top-left:0px;--awb-border-radius-top-right:0px;--awb-border-radius-bottom-right:0px;--awb-border-radius-bottom-left:0px;--awb-background-color:rgba(0,0,0,0);--awb-flex-wrap:wrap;\" ><div class=\"fusion-builder-row fusion-row fusion-flex-align-items-flex-start fusion-flex-content-wrap\" style=\"max-width:1216.8px;margin-left: calc(-4% \/ 2 );margin-right: calc(-4% \/ 2 );\"><div class=\"fusion-layout-column fusion_builder_column fusion-builder-column-1 fusion_builder_column_1_1 1_1 fusion-flex-column\" style=\"--awb-bg-size:cover;--awb-width-large:100%;--awb-margin-top-large:0px;--awb-spacing-right-large:1.92%;--awb-margin-bottom-large:50px;--awb-spacing-left-large:1.92%;--awb-width-medium:100%;--awb-order-medium:0;--awb-spacing-right-medium:1.92%;--awb-spacing-left-medium:1.92%;--awb-width-small:100%;--awb-order-small:0;--awb-spacing-right-small:1.92%;--awb-spacing-left-small:1.92%;\"><div class=\"fusion-column-wrapper fusion-column-has-shadow fusion-flex-justify-content-flex-start fusion-content-layout-column\"><div class=\"awb-gallery-wrapper awb-gallery-wrapper-1 button-span-no\" style=\"--more-btn-alignment:center;\"><div style=\"margin:-22px;--awb-aspect-ratio:4 \/ 3;--awb-bordersize:0px;--awb-caption-title-size:30px;--awb-caption-overlay-color:rgba(255,255,255,0);\" class=\"fusion-gallery fusion-gallery-container fusion-grid-2 fusion-columns-total-4 fusion-gallery-layout-grid fusion-gallery-1 has-aspect-ratio\"><div style=\"padding:22.5px;\" class=\"fusion-grid-column fusion-gallery-column fusion-gallery-column-2\"><div class=\"fusion-gallery-image awb-imageframe-style awb-imageframe-style-dario\"><a href=\"https:\/\/gerzsonpal.hu\/hu\/biographie\/\" data-title=\"\u00c9letrajz\" title=\"\u00c9letrajz\" rel=\"noreferrer\" data-rel=\"iLightbox[gallery_image_1]\" class=\"fusion-lightbox\" target=\"_self\"><img decoding=\"async\" src=\"https:\/\/gerzsonpal.hu\/wp-content\/uploads\/2015\/11\/1984.jpg\" data-orig-src=\"https:\/\/gerzsonpal.hu\/wp-content\/uploads\/2015\/11\/1984.jpg\" width=\"476\" height=\"300\" alt=\"\" title=\"\u00c9letrajz\" aria-label=\"\u00c9letrajz\" class=\"lazyload img-responsive wp-image-2289\" srcset=\"data:image\/svg+xml,%3Csvg%20xmlns%3D%27http%3A%2F%2Fwww.w3.org%2F2000%2Fsvg%27%20width%3D%27476%27%20height%3D%27300%27%20viewBox%3D%270%200%20476%20300%27%3E%3Crect%20width%3D%27476%27%20height%3D%27300%27%20fill-opacity%3D%220%22%2F%3E%3C%2Fsvg%3E\" data-srcset=\"https:\/\/gerzsonpal.hu\/wp-content\/uploads\/2015\/11\/1984-200x126.jpg 200w, https:\/\/gerzsonpal.hu\/wp-content\/uploads\/2015\/11\/1984-400x252.jpg 400w, https:\/\/gerzsonpal.hu\/wp-content\/uploads\/2015\/11\/1984.jpg 476w\" data-sizes=\"auto\" data-orig-sizes=\"(min-width: 2200px) 100vw, (min-width: 822px) 574px, (min-width: 640px) 822px, \" \/><div class=\"awb-imageframe-caption-container\"><div class=\"awb-imageframe-caption\"><h2 class=\"awb-imageframe-caption-title\">\u00c9letrajz<\/h2><\/div><\/div><\/a><\/div><\/div><div style=\"padding:22.5px;\" class=\"fusion-grid-column fusion-gallery-column fusion-gallery-column-2\"><div class=\"fusion-gallery-image awb-imageframe-style awb-imageframe-style-dario\"><a href=\"https:\/\/gerzsonpal.hu\/hu\/loeuvre\/\" data-title=\"L&#8217;\u0152uvre\" title=\"L&#8217;\u0152uvre\" rel=\"noreferrer\" data-rel=\"iLightbox[gallery_image_1]\" class=\"fusion-lightbox\" target=\"_self\"><img decoding=\"async\" src=\"https:\/\/gerzsonpal.hu\/wp-content\/uploads\/2015\/11\/pinceau-e1733161310520.jpg\" data-orig-src=\"https:\/\/gerzsonpal.hu\/wp-content\/uploads\/2015\/11\/pinceau-e1733161310520.jpg\" width=\"476\" height=\"300\" alt=\"\" title=\"L&#8217;\u0152uvre\" aria-label=\"L&#8217;\u0152uvre\" class=\"lazyload img-responsive wp-image-2293\" srcset=\"data:image\/svg+xml,%3Csvg%20xmlns%3D%27http%3A%2F%2Fwww.w3.org%2F2000%2Fsvg%27%20width%3D%27476%27%20height%3D%27300%27%20viewBox%3D%270%200%20476%20300%27%3E%3Crect%20width%3D%27476%27%20height%3D%27300%27%20fill-opacity%3D%220%22%2F%3E%3C%2Fsvg%3E\" data-srcset=\"https:\/\/gerzsonpal.hu\/wp-content\/uploads\/2015\/11\/pinceau-e1733161310520-200x126.jpg 200w, https:\/\/gerzsonpal.hu\/wp-content\/uploads\/2015\/11\/pinceau-e1733161310520-400x252.jpg 400w, https:\/\/gerzsonpal.hu\/wp-content\/uploads\/2015\/11\/pinceau-e1733161310520.jpg 476w\" data-sizes=\"auto\" data-orig-sizes=\"(min-width: 2200px) 100vw, (min-width: 822px) 574px, (min-width: 640px) 822px, \" \/><div class=\"awb-imageframe-caption-container\"><div class=\"awb-imageframe-caption\"><h2 class=\"awb-imageframe-caption-title\">L&#8217;\u0152uvre<\/h2><\/div><\/div><\/a><\/div><\/div><div class=\"clearfix\"><\/div><div style=\"padding:22.5px;\" class=\"fusion-grid-column fusion-gallery-column fusion-gallery-column-2\"><div class=\"fusion-gallery-image awb-imageframe-style awb-imageframe-style-dario\"><a href=\"https:\/\/gerzsonpal.hu\/hu\/szigliget\/\" data-title=\"Szigliget\" title=\"Szigliget\" rel=\"noreferrer\" data-rel=\"iLightbox[gallery_image_1]\" class=\"fusion-lightbox\" target=\"_self\"><img decoding=\"async\" src=\"https:\/\/gerzsonpal.hu\/wp-content\/uploads\/2015\/11\/copie-de-mes-photos20002-e1733161367993.jpg\" data-orig-src=\"https:\/\/gerzsonpal.hu\/wp-content\/uploads\/2015\/11\/copie-de-mes-photos20002-e1733161367993.jpg\" width=\"476\" height=\"300\" alt=\"\" title=\"Szigliget\" aria-label=\"Szigliget\" class=\"lazyload img-responsive wp-image-2297\" srcset=\"data:image\/svg+xml,%3Csvg%20xmlns%3D%27http%3A%2F%2Fwww.w3.org%2F2000%2Fsvg%27%20width%3D%27476%27%20height%3D%27300%27%20viewBox%3D%270%200%20476%20300%27%3E%3Crect%20width%3D%27476%27%20height%3D%27300%27%20fill-opacity%3D%220%22%2F%3E%3C%2Fsvg%3E\" data-srcset=\"https:\/\/gerzsonpal.hu\/wp-content\/uploads\/2015\/11\/copie-de-mes-photos20002-e1733161367993-200x126.jpg 200w, https:\/\/gerzsonpal.hu\/wp-content\/uploads\/2015\/11\/copie-de-mes-photos20002-e1733161367993-400x252.jpg 400w, https:\/\/gerzsonpal.hu\/wp-content\/uploads\/2015\/11\/copie-de-mes-photos20002-e1733161367993.jpg 476w\" data-sizes=\"auto\" data-orig-sizes=\"(min-width: 2200px) 100vw, (min-width: 822px) 574px, (min-width: 640px) 822px, \" \/><div class=\"awb-imageframe-caption-container\"><div class=\"awb-imageframe-caption\"><h2 class=\"awb-imageframe-caption-title\">Szigliget<\/h2><\/div><\/div><\/a><\/div><\/div><div style=\"padding:22.5px;\" class=\"fusion-grid-column fusion-gallery-column fusion-gallery-column-2\"><div class=\"fusion-gallery-image awb-imageframe-style awb-imageframe-style-dario\"><a href=\"https:\/\/gerzsonpal.hu\/hu\/la-fondation\/\" data-title=\"Az alap\u00edtv\u00e1ny\" title=\"Az alap\u00edtv\u00e1ny\" rel=\"noreferrer\" data-rel=\"iLightbox[gallery_image_1]\" class=\"fusion-lightbox\" target=\"_self\"><img decoding=\"async\" src=\"https:\/\/gerzsonpal.hu\/wp-content\/uploads\/2024\/11\/Gerzson_logo-e1751407509471.jpg\" data-orig-src=\"https:\/\/gerzsonpal.hu\/wp-content\/uploads\/2024\/11\/Gerzson_logo-e1751407509471.jpg\" width=\"476\" height=\"300\" alt=\"\" title=\"Az alap\u00edtv\u00e1ny\" aria-label=\"Az alap\u00edtv\u00e1ny\" class=\"lazyload img-responsive wp-image-2269\" srcset=\"data:image\/svg+xml,%3Csvg%20xmlns%3D%27http%3A%2F%2Fwww.w3.org%2F2000%2Fsvg%27%20width%3D%27476%27%20height%3D%27300%27%20viewBox%3D%270%200%20476%20300%27%3E%3Crect%20width%3D%27476%27%20height%3D%27300%27%20fill-opacity%3D%220%22%2F%3E%3C%2Fsvg%3E\" data-srcset=\"https:\/\/gerzsonpal.hu\/wp-content\/uploads\/2024\/11\/Gerzson_logo-e1751407509471-200x126.jpg 200w, https:\/\/gerzsonpal.hu\/wp-content\/uploads\/2024\/11\/Gerzson_logo-e1751407509471-400x252.jpg 400w, https:\/\/gerzsonpal.hu\/wp-content\/uploads\/2024\/11\/Gerzson_logo-e1751407509471.jpg 476w\" data-sizes=\"auto\" data-orig-sizes=\"(min-width: 2200px) 100vw, (min-width: 822px) 574px, (min-width: 640px) 822px, \" \/><div class=\"awb-imageframe-caption-container\"><div class=\"awb-imageframe-caption\"><h2 class=\"awb-imageframe-caption-title\">Az alap\u00edtv\u00e1ny<\/h2><\/div><\/div><\/a><\/div><\/div><div class=\"clearfix\"><\/div><\/div><\/div><\/div><\/div><\/div><\/div><\/p>\n","protected":false},"excerpt":{"rendered":"","protected":false},"author":1,"featured_media":0,"parent":0,"menu_order":0,"comment_status":"closed","ping_status":"closed","template":"100-width.php","meta":{"footnotes":""},"class_list":["post-3351","page","type-page","status-publish","hentry"],"_links":{"self":[{"href":"https:\/\/gerzsonpal.hu\/hu\/wp-json\/wp\/v2\/pages\/3351","targetHints":{"allow":["GET"]}}],"collection":[{"href":"https:\/\/gerzsonpal.hu\/hu\/wp-json\/wp\/v2\/pages"}],"about":[{"href":"https:\/\/gerzsonpal.hu\/hu\/wp-json\/wp\/v2\/types\/page"}],"author":[{"embeddable":true,"href":"https:\/\/gerzsonpal.hu\/hu\/wp-json\/wp\/v2\/users\/1"}],"replies":[{"embeddable":true,"href":"https:\/\/gerzsonpal.hu\/hu\/wp-json\/wp\/v2\/comments?post=3351"}],"version-history":[{"count":16,"href":"https:\/\/gerzsonpal.hu\/hu\/wp-json\/wp\/v2\/pages\/3351\/revisions"}],"predecessor-version":[{"id":4487,"href":"https:\/\/gerzsonpal.hu\/hu\/wp-json\/wp\/v2\/pages\/3351\/revisions\/4487"}],"wp:attachment":[{"href":"https:\/\/gerzsonpal.hu\/hu\/wp-json\/wp\/v2\/media?parent=3351"}],"curies":[{"name":"wp","href":"https:\/\/api.w.org\/{rel}","templated":true}]}}