{"id":3409,"date":"2025-07-02T00:38:03","date_gmt":"2025-07-01T22:38:03","guid":{"rendered":"https:\/\/gerzsonpal.hu\/biographie\/"},"modified":"2026-01-02T18:01:42","modified_gmt":"2026-01-02T17:01:42","slug":"biographie","status":"publish","type":"page","link":"https:\/\/gerzsonpal.hu\/hu\/biographie\/","title":{"rendered":"\u00c9letrajz"},"content":{"rendered":"<p><div class=\"fusion-fullwidth fullwidth-box fusion-builder-row-1 fusion-flex-container has-pattern-background has-mask-background nonhundred-percent-fullwidth non-hundred-percent-height-scrolling\" style=\"--awb-background-position:left top;--awb-border-sizes-top:0px;--awb-border-sizes-bottom:0px;--awb-border-sizes-left:0px;--awb-border-sizes-right:0px;--awb-border-radius-top-left:0px;--awb-border-radius-top-right:0px;--awb-border-radius-bottom-right:0px;--awb-border-radius-bottom-left:0px;--awb-padding-top:0px;--awb-padding-right:30px;--awb-padding-bottom:0px;--awb-padding-left:30px;--awb-margin-top:20px;--awb-margin-bottom:50px;--awb-background-color:rgba(229,194,137,0.31);--awb-flex-wrap:wrap;\" ><div class=\"fusion-builder-row fusion-row fusion-flex-align-items-flex-start fusion-flex-content-wrap\" style=\"max-width:1216.8px;margin-left: calc(-4% \/ 2 );margin-right: calc(-4% \/ 2 );\"><div class=\"fusion-layout-column fusion_builder_column fusion-builder-column-0 fusion_builder_column_1_1 1_1 fusion-flex-column\" style=\"--awb-bg-blend:overlay;--awb-bg-size:cover;--awb-width-large:100%;--awb-margin-top-large:0px;--awb-spacing-right-large:1.92%;--awb-margin-bottom-large:30px;--awb-spacing-left-large:1.92%;--awb-width-medium:100%;--awb-spacing-right-medium:1.92%;--awb-spacing-left-medium:1.92%;--awb-width-small:100%;--awb-spacing-right-small:1.92%;--awb-spacing-left-small:1.92%;\"><div class=\"fusion-column-wrapper fusion-flex-justify-content-flex-start fusion-content-layout-column\"><div class=\"fusion-text fusion-text-1 fusion-text-no-margin\" style=\"--awb-content-alignment:justify;--awb-line-height:1.7;--awb-text-color:#ffffff;--awb-margin-top:30px;--awb-margin-bottom:30px;\"><p><img decoding=\"async\" class=\"lazyload  wp-image-1269 alignleft\" src=\"data:image\/svg+xml,%3Csvg%20xmlns%3D%27http%3A%2F%2Fwww.w3.org%2F2000%2Fsvg%27%20width%3D%27199%27%20height%3D%27153%27%20viewBox%3D%270%200%20199%20153%27%3E%3Crect%20width%3D%27199%27%20height%3D%27153%27%20fill-opacity%3D%220%22%2F%3E%3C%2Fsvg%3E\" data-orig-src=\"https:\/\/gerzsonpal.hu\/wp-content\/uploads\/2015\/11\/photo-bio.jpg\" alt=\"\" width=\"199\" height=\"153\">Gerzson P\u00e1l 1931. janu\u00e1r 25-\u00e9n sz\u00fcletett Hirden (Baranya megy\u00e9ben). 2008. m\u00e1jus 27-\u00e9n hunyt el Budapesten. A Gerzson csal\u00e1d az \u00e1llatorvos apa kinevez\u00e9seit \u00e9s k\u00e9s\u0151bb a h\u00e1bor\u00fas helyzet alakul\u00e1s\u00e1t k\u00f6vetve sokszor k\u00f6lt\u00f6zik. Gerzson P\u00e1l gimn\u00e1ziumi tanulm\u00e1nyait Nagyk\u00e1rolyban kezdi, majd Ungv\u00e1ron folytatja \u00e9s K\u0151szegen fejezi be. A Jurisich Mikl\u00f3s Gimn\u00e1ziumban \u00e9retts\u00e9gizik 1949-ben, ahol kiv\u00e1l\u00f3 rajztan\u00e1ra, id. Lelkes Istv\u00e1n felfigyel tehets\u00e9g\u00e9re. Innen ker\u00fcl a Magyar K\u00e9pz\u0151m\u0171v\u00e9szeti F\u0151iskol\u00e1ra, ahol mesterei Kmetty J\u00e1nos, Hincz Gyula \u00e9s Domanovszky Endre voltak. Tanulm\u00e1nyait 1953-ban fejezi be. Ugyanabban az \u00e9vben megh\u00e1zasodik. Egy f\u0151iskolai koll\u00e9gan\u0151j\u00e9t veszi feles\u00e9g\u00fcl. H\u00e1rom gyermek\u00fck sz\u00fcletik. 1953 \u00e9s 1955 k\u00f6z\u00f6tt az ELTE Geometria levelez\u0151 tagozat\u00e1n tanul \u00e9s diplom\u00e1zik.<\/p>\n<p>Gerzson P\u00e1l 1953-t\u00f3l a Fiatal M\u0171v\u00e9szek St\u00fadi\u00f3ja, majd 1955-t\u0151l a M\u0171v\u00e9szeti Alap tagja. A Magyar Iparm\u0171v\u00e9szeti F\u0151iskol\u00e1n tan\u00edt 1960 \u00e9s 1974 k\u00f6z\u00f6tt. 1964-t\u0151l tagja a Magyar K\u00e9pz\u0151m\u0171v\u00e9szek Sz\u00f6vets\u00e9g\u00e9nek. 1974 \u00e9s 1996 k\u00f6z\u00f6tt a Magyar K\u00e9pz\u0151m\u0171v\u00e9szeti F\u0151iskola tan\u00e1ra. 1988-ban, bar\u00e1taival megalak\u00edtja a Magyar Sz\u00e9pm\u00edves T\u00e1rsas\u00e1got. 1992-t\u0151l alap\u00edt\u00f3 tagja a Magyar M\u0171v\u00e9szeti Akad\u00e9mi\u00e1nak. 1992 \u00e9s 1999 k\u00f6z\u00f6tt a Magyar K\u00e9pz\u0151m\u0171v\u00e9szek \u00e9s Iparm\u0171v\u00e9szek Sz\u00f6vets\u00e9g\u00e9nek eln\u00f6ke.<\/p>\n<p>M\u0171v\u00e9szi \u00e9let\u00fatja h\u00e1rom sz\u00e1lon fut: fest\u0151 (1954 \u00f3ta rendszeresen ki\u00e1ll\u00edt), tan\u00e1r (a k\u00e9t f\u0151iskol\u00e1n, \u00f6sszesen 36 \u00e9vig tan\u00edt) \u00e9s a m\u0171v\u00e9szeti k\u00f6z\u00e9let fontos szerepl\u0151je.<\/p>\n<\/div><\/div><\/div><\/div><\/div><div class=\"fusion-fullwidth fullwidth-box fusion-builder-row-2 fusion-flex-container has-pattern-background has-mask-background hundred-percent-fullwidth non-hundred-percent-height-scrolling\" style=\"--awb-border-radius-top-left:0px;--awb-border-radius-top-right:0px;--awb-border-radius-bottom-right:0px;--awb-border-radius-bottom-left:0px;--awb-background-color:rgba(0,0,0,0);--awb-flex-wrap:wrap;\" ><div class=\"fusion-builder-row fusion-row fusion-flex-align-items-flex-start fusion-flex-content-wrap\" style=\"width:104% !important;max-width:104% !important;margin-left: calc(-4% \/ 2 );margin-right: calc(-4% \/ 2 );\"><div class=\"fusion-layout-column fusion_builder_column fusion-builder-column-1 fusion_builder_column_1_2 1_2 fusion-flex-column\" style=\"--awb-bg-size:cover;--awb-width-large:50%;--awb-margin-top-large:0px;--awb-spacing-right-large:3.84%;--awb-margin-bottom-large:50px;--awb-spacing-left-large:3.84%;--awb-width-medium:100%;--awb-order-medium:0;--awb-spacing-right-medium:1.92%;--awb-spacing-left-medium:1.92%;--awb-width-small:100%;--awb-order-small:0;--awb-spacing-right-small:1.92%;--awb-spacing-left-small:1.92%;\"><div class=\"fusion-column-wrapper fusion-column-has-shadow fusion-flex-justify-content-flex-start fusion-content-layout-column\"><div class=\"fusion-image-element \" style=\"--awb-aspect-ratio:4 \/ 3;--awb-caption-title-font-family:var(--h2_typography-font-family);--awb-caption-title-font-weight:var(--h2_typography-font-weight);--awb-caption-title-font-style:var(--h2_typography-font-style);--awb-caption-title-size:var(--h2_typography-font-size);--awb-caption-title-transform:var(--h2_typography-text-transform);--awb-caption-title-line-height:var(--h2_typography-line-height);--awb-caption-title-letter-spacing:var(--h2_typography-letter-spacing);\"><span class=\" fusion-imageframe imageframe-none imageframe-1 awb-imageframe-style awb-imageframe-style-dario has-aspect-ratio\"><a class=\"fusion-no-lightbox\" href=\"https:\/\/gerzsonpal.hu\/hu\/biographie\/lartiste\/\" target=\"_self\" aria-label=\"L&#8217;artiste\"><img decoding=\"async\" width=\"2079\" height=\"1481\" alt=\"L&#039;artiste\" src=\"https:\/\/gerzsonpal.hu\/wp-content\/uploads\/2025\/03\/Lartiste.jpg\" data-orig-src=\"https:\/\/gerzsonpal.hu\/wp-content\/uploads\/2025\/03\/Lartiste.jpg\" class=\"lazyload img-responsive wp-image-2313 img-with-aspect-ratio\" data-parent-fit=\"cover\" data-parent-container=\".fusion-image-element\" srcset=\"data:image\/svg+xml,%3Csvg%20xmlns%3D%27http%3A%2F%2Fwww.w3.org%2F2000%2Fsvg%27%20width%3D%272079%27%20height%3D%271481%27%20viewBox%3D%270%200%202079%201481%27%3E%3Crect%20width%3D%272079%27%20height%3D%271481%27%20fill-opacity%3D%220%22%2F%3E%3C%2Fsvg%3E\" data-srcset=\"https:\/\/gerzsonpal.hu\/wp-content\/uploads\/2025\/03\/Lartiste-200x142.jpg 200w, https:\/\/gerzsonpal.hu\/wp-content\/uploads\/2025\/03\/Lartiste-400x285.jpg 400w, https:\/\/gerzsonpal.hu\/wp-content\/uploads\/2025\/03\/Lartiste-600x427.jpg 600w, https:\/\/gerzsonpal.hu\/wp-content\/uploads\/2025\/03\/Lartiste-800x570.jpg 800w, https:\/\/gerzsonpal.hu\/wp-content\/uploads\/2025\/03\/Lartiste-1200x855.jpg 1200w, https:\/\/gerzsonpal.hu\/wp-content\/uploads\/2025\/03\/Lartiste.jpg 2079w\" data-sizes=\"auto\" data-orig-sizes=\"(max-width: 1024px) 100vw, (max-width: 640px) 100vw, 600px\" \/><div class=\"awb-imageframe-caption-container\"><div class=\"awb-imageframe-caption\"><h2 class=\"awb-imageframe-caption-title\">A M\u0170V\u00c9SZ<\/h2><\/div><\/div><\/a><\/span><\/div><\/div><\/div><div class=\"fusion-layout-column fusion_builder_column fusion-builder-column-2 fusion_builder_column_1_2 1_2 fusion-flex-column\" style=\"--awb-bg-size:cover;--awb-width-large:50%;--awb-margin-top-large:0px;--awb-spacing-right-large:3.84%;--awb-margin-bottom-large:50px;--awb-spacing-left-large:3.84%;--awb-width-medium:100%;--awb-order-medium:0;--awb-spacing-right-medium:1.92%;--awb-spacing-left-medium:1.92%;--awb-width-small:100%;--awb-order-small:0;--awb-spacing-right-small:1.92%;--awb-spacing-left-small:1.92%;\"><div class=\"fusion-column-wrapper fusion-column-has-shadow fusion-flex-justify-content-flex-start fusion-content-layout-column\"><div class=\"fusion-image-element \" style=\"--awb-aspect-ratio:4 \/ 3;--awb-caption-title-font-family:var(--h2_typography-font-family);--awb-caption-title-font-weight:var(--h2_typography-font-weight);--awb-caption-title-font-style:var(--h2_typography-font-style);--awb-caption-title-size:var(--h2_typography-font-size);--awb-caption-title-transform:var(--h2_typography-text-transform);--awb-caption-title-line-height:var(--h2_typography-line-height);--awb-caption-title-letter-spacing:var(--h2_typography-letter-spacing);\"><span class=\" fusion-imageframe imageframe-none imageframe-2 awb-imageframe-style awb-imageframe-style-dario has-aspect-ratio\"><a class=\"fusion-no-lightbox\" href=\"https:\/\/gerzsonpal.hu\/hu\/biographie\/le-professeur\/\" target=\"_self\" aria-label=\"Prof_3\"><img decoding=\"async\" width=\"1080\" height=\"660\" src=\"https:\/\/gerzsonpal.hu\/wp-content\/uploads\/2015\/11\/Prof_3.jpg\" data-orig-src=\"https:\/\/gerzsonpal.hu\/wp-content\/uploads\/2015\/11\/Prof_3.jpg\" class=\"lazyload img-responsive wp-image-2761 img-with-aspect-ratio\" data-parent-fit=\"cover\" data-parent-container=\".fusion-image-element\" alt srcset=\"data:image\/svg+xml,%3Csvg%20xmlns%3D%27http%3A%2F%2Fwww.w3.org%2F2000%2Fsvg%27%20width%3D%271080%27%20height%3D%27660%27%20viewBox%3D%270%200%201080%20660%27%3E%3Crect%20width%3D%271080%27%20height%3D%27660%27%20fill-opacity%3D%220%22%2F%3E%3C%2Fsvg%3E\" data-srcset=\"https:\/\/gerzsonpal.hu\/wp-content\/uploads\/2015\/11\/Prof_3-200x122.jpg 200w, https:\/\/gerzsonpal.hu\/wp-content\/uploads\/2015\/11\/Prof_3-400x244.jpg 400w, https:\/\/gerzsonpal.hu\/wp-content\/uploads\/2015\/11\/Prof_3-600x367.jpg 600w, https:\/\/gerzsonpal.hu\/wp-content\/uploads\/2015\/11\/Prof_3-800x489.jpg 800w, https:\/\/gerzsonpal.hu\/wp-content\/uploads\/2015\/11\/Prof_3.jpg 1080w\" data-sizes=\"auto\" data-orig-sizes=\"(max-width: 1024px) 100vw, (max-width: 640px) 100vw, 600px\" \/><div class=\"awb-imageframe-caption-container\"><div class=\"awb-imageframe-caption\"><h2 class=\"awb-imageframe-caption-title\">A MESTER<\/h2><\/div><\/div><\/a><\/span><\/div><\/div><\/div><\/div><\/div><\/p>\n","protected":false},"excerpt":{"rendered":"","protected":false},"author":1,"featured_media":0,"parent":0,"menu_order":0,"comment_status":"open","ping_status":"closed","template":"","meta":{"footnotes":""},"class_list":["post-3409","page","type-page","status-publish","hentry"],"_links":{"self":[{"href":"https:\/\/gerzsonpal.hu\/hu\/wp-json\/wp\/v2\/pages\/3409","targetHints":{"allow":["GET"]}}],"collection":[{"href":"https:\/\/gerzsonpal.hu\/hu\/wp-json\/wp\/v2\/pages"}],"about":[{"href":"https:\/\/gerzsonpal.hu\/hu\/wp-json\/wp\/v2\/types\/page"}],"author":[{"embeddable":true,"href":"https:\/\/gerzsonpal.hu\/hu\/wp-json\/wp\/v2\/users\/1"}],"replies":[{"embeddable":true,"href":"https:\/\/gerzsonpal.hu\/hu\/wp-json\/wp\/v2\/comments?post=3409"}],"version-history":[{"count":17,"href":"https:\/\/gerzsonpal.hu\/hu\/wp-json\/wp\/v2\/pages\/3409\/revisions"}],"predecessor-version":[{"id":4430,"href":"https:\/\/gerzsonpal.hu\/hu\/wp-json\/wp\/v2\/pages\/3409\/revisions\/4430"}],"wp:attachment":[{"href":"https:\/\/gerzsonpal.hu\/hu\/wp-json\/wp\/v2\/media?parent=3409"}],"curies":[{"name":"wp","href":"https:\/\/api.w.org\/{rel}","templated":true}]}}