{"id":3453,"date":"2025-02-06T11:14:57","date_gmt":"2025-02-06T10:14:57","guid":{"rendered":"https:\/\/gerzsonpal.hu\/la-litterature\/"},"modified":"2026-01-02T16:54:27","modified_gmt":"2026-01-02T15:54:27","slug":"la-litterature","status":"publish","type":"page","link":"https:\/\/gerzsonpal.hu\/hu\/biographie\/lartiste\/la-litterature\/","title":{"rendered":"Irodalom"},"content":{"rendered":"<p><div class=\"fusion-fullwidth fullwidth-box fusion-builder-row-1 fusion-flex-container has-pattern-background has-mask-background nonhundred-percent-fullwidth non-hundred-percent-height-scrolling\" style=\"--awb-border-radius-top-left:0px;--awb-border-radius-top-right:0px;--awb-border-radius-bottom-right:0px;--awb-border-radius-bottom-left:0px;--awb-margin-bottom:60px;--awb-background-color:rgba(229,194,137,0.31);--awb-flex-wrap:wrap;\" ><div class=\"fusion-builder-row fusion-row fusion-flex-align-items-flex-start fusion-flex-content-wrap\" style=\"max-width:1216.8px;margin-left: calc(-4% \/ 2 );margin-right: calc(-4% \/ 2 );\"><div class=\"fusion-layout-column fusion_builder_column fusion-builder-column-0 fusion_builder_column_1_1 1_1 fusion-flex-column\" style=\"--awb-bg-size:cover;--awb-width-large:100%;--awb-margin-top-large:0px;--awb-spacing-right-large:1.92%;--awb-margin-bottom-large:50px;--awb-spacing-left-large:1.92%;--awb-width-medium:100%;--awb-order-medium:0;--awb-spacing-right-medium:1.92%;--awb-spacing-left-medium:1.92%;--awb-width-small:100%;--awb-order-small:0;--awb-spacing-right-small:1.92%;--awb-spacing-left-small:1.92%;\"><div class=\"fusion-column-wrapper fusion-column-has-shadow fusion-flex-justify-content-flex-start fusion-content-layout-column\"><div class=\"fusion-text fusion-text-1 fusion-text-no-margin\" style=\"--awb-content-alignment:justify;--awb-line-height:1.5;--awb-text-color:#ffffff;--awb-margin-top:40px;--awb-margin-right:40px;--awb-margin-bottom:-20px;--awb-margin-left:40px;\"><p>Gerzson P\u00e1l p\u00e1lyafut\u00e1sa kezdete \u00f3ta szerepelt a sajt\u00f3ban. Ki\u00e1ll\u00edt\u00e1sait id\u00e9zt\u00e9k, recenzi\u00f3k \u00e9s kritik\u00e1k jelentek meg rendszeresen. A m\u0171v\u00e9szeti k\u00f6z\u00e9letben bet\u00f6lt\u00f6tt szerepe interj\u00fak \u00e9s nyilatkozatok megjelen\u00e9s\u00e9t eredm\u00e9nyezte a m\u00e9di\u00e1ban. Maga is j\u00f3 toll\u00fa \u00edr\u00f3, k\u00fcl\u00f6nb\u00f6z\u0151 gy\u0171jtem\u00e9nyes kiadv\u00e1nyokban \u00e9s foly\u00f3iratokban jelentek meg \u00edr\u00e1sai.<\/p>\n<\/div><\/div><\/div><\/div><\/div><div class=\"fusion-fullwidth fullwidth-box fusion-builder-row-2 fusion-flex-container has-pattern-background has-mask-background nonhundred-percent-fullwidth non-hundred-percent-height-scrolling\" style=\"--awb-border-radius-top-left:0px;--awb-border-radius-top-right:0px;--awb-border-radius-bottom-right:0px;--awb-border-radius-bottom-left:0px;--awb-background-color:rgba(0,0,0,0);--awb-flex-wrap:wrap;\" ><div class=\"fusion-builder-row fusion-row fusion-flex-align-items-flex-start fusion-flex-content-wrap\" style=\"max-width:1216.8px;margin-left: calc(-4% \/ 2 );margin-right: calc(-4% \/ 2 );\"><div class=\"fusion-layout-column fusion_builder_column fusion-builder-column-1 fusion_builder_column_1_1 1_1 fusion-flex-column\" style=\"--awb-bg-size:cover;--awb-width-large:100%;--awb-margin-top-large:0px;--awb-spacing-right-large:1.92%;--awb-margin-bottom-large:50px;--awb-spacing-left-large:1.92%;--awb-width-medium:100%;--awb-order-medium:0;--awb-spacing-right-medium:1.92%;--awb-spacing-left-medium:1.92%;--awb-width-small:100%;--awb-order-small:0;--awb-spacing-right-small:1.92%;--awb-spacing-left-small:1.92%;\"><div class=\"fusion-column-wrapper fusion-column-has-shadow fusion-flex-justify-content-flex-start fusion-content-layout-column\"><div class=\"awb-gallery-wrapper awb-gallery-wrapper-1 button-span-no\" style=\"--more-btn-alignment:center;\"><div style=\"margin:-5px;--awb-bordersize:0px;\" class=\"fusion-gallery fusion-gallery-container fusion-grid-6 fusion-columns-total-12 fusion-gallery-layout-grid fusion-gallery-1\"><div style=\"padding:5px;\" class=\"fusion-grid-column fusion-gallery-column fusion-gallery-column-6 hover-type-none\"><div class=\"fusion-gallery-image\"><a href=\"https:\/\/gerzsonpal.hu\/wp-content\/uploads\/2025\/04\/1966_Muveszet-1-scaled.jpg\" data-title=\"1966 M\u0171v\u00e9szet\" title=\"1966 M\u0171v\u00e9szet\" rel=\"noreferrer\" data-rel=\"iLightbox[gallery_image_1]\" class=\"fusion-lightbox\" target=\"_blank\"><img decoding=\"async\" src=\"https:\/\/gerzsonpal.hu\/wp-content\/uploads\/2025\/04\/1966_Muveszet-1-scaled.jpg\" data-orig-src=\"https:\/\/gerzsonpal.hu\/wp-content\/uploads\/2025\/04\/1966_Muveszet-1-scaled.jpg\" width=\"1920\" height=\"2560\" alt=\"\" title=\"1966 M\u0171v\u00e9szet\" aria-label=\"1966 M\u0171v\u00e9szet\" class=\"lazyload img-responsive wp-image-2461\" srcset=\"data:image\/svg+xml,%3Csvg%20xmlns%3D%27http%3A%2F%2Fwww.w3.org%2F2000%2Fsvg%27%20width%3D%271920%27%20height%3D%272560%27%20viewBox%3D%270%200%201920%202560%27%3E%3Crect%20width%3D%271920%27%20height%3D%272560%27%20fill-opacity%3D%220%22%2F%3E%3C%2Fsvg%3E\" data-srcset=\"https:\/\/gerzsonpal.hu\/wp-content\/uploads\/2025\/04\/1966_Muveszet-1-200x267.jpg 200w, https:\/\/gerzsonpal.hu\/wp-content\/uploads\/2025\/04\/1966_Muveszet-1-400x533.jpg 400w, https:\/\/gerzsonpal.hu\/wp-content\/uploads\/2025\/04\/1966_Muveszet-1-600x800.jpg 600w, https:\/\/gerzsonpal.hu\/wp-content\/uploads\/2025\/04\/1966_Muveszet-1-800x1067.jpg 800w, https:\/\/gerzsonpal.hu\/wp-content\/uploads\/2025\/04\/1966_Muveszet-1-1200x1600.jpg 1200w, https:\/\/gerzsonpal.hu\/wp-content\/uploads\/2025\/04\/1966_Muveszet-1-scaled.jpg 1920w\" data-sizes=\"auto\" data-orig-sizes=\"(min-width: 2200px) 100vw, (min-width: 1550px) 191px, (min-width: 1368px) 229px, (min-width: 1186px) 286px, (min-width: 1004px) 382px, (min-width: 822px) 573px, (min-width: 640px) 822px, \" \/><\/a><\/div><\/div><div style=\"padding:5px;\" class=\"fusion-grid-column fusion-gallery-column fusion-gallery-column-6 hover-type-none\"><div class=\"fusion-gallery-image\"><a href=\"https:\/\/gerzsonpal.hu\/wp-content\/uploads\/2025\/04\/1969_Muveszet-1-scaled.jpg\" data-title=\"1969 M\u0171v\u00e9szet\" title=\"1969 M\u0171v\u00e9szet\" rel=\"noreferrer\" data-rel=\"iLightbox[gallery_image_1]\" class=\"fusion-lightbox\" target=\"_blank\"><img decoding=\"async\" src=\"https:\/\/gerzsonpal.hu\/wp-content\/uploads\/2025\/04\/1969_Muveszet-1-scaled.jpg\" data-orig-src=\"https:\/\/gerzsonpal.hu\/wp-content\/uploads\/2025\/04\/1969_Muveszet-1-scaled.jpg\" width=\"1920\" height=\"2560\" alt=\"\" title=\"1969 M\u0171v\u00e9szet\" aria-label=\"1969 M\u0171v\u00e9szet\" class=\"lazyload img-responsive wp-image-2457\" srcset=\"data:image\/svg+xml,%3Csvg%20xmlns%3D%27http%3A%2F%2Fwww.w3.org%2F2000%2Fsvg%27%20width%3D%271920%27%20height%3D%272560%27%20viewBox%3D%270%200%201920%202560%27%3E%3Crect%20width%3D%271920%27%20height%3D%272560%27%20fill-opacity%3D%220%22%2F%3E%3C%2Fsvg%3E\" data-srcset=\"https:\/\/gerzsonpal.hu\/wp-content\/uploads\/2025\/04\/1969_Muveszet-1-200x267.jpg 200w, https:\/\/gerzsonpal.hu\/wp-content\/uploads\/2025\/04\/1969_Muveszet-1-400x533.jpg 400w, https:\/\/gerzsonpal.hu\/wp-content\/uploads\/2025\/04\/1969_Muveszet-1-600x800.jpg 600w, https:\/\/gerzsonpal.hu\/wp-content\/uploads\/2025\/04\/1969_Muveszet-1-800x1067.jpg 800w, https:\/\/gerzsonpal.hu\/wp-content\/uploads\/2025\/04\/1969_Muveszet-1-1200x1600.jpg 1200w, https:\/\/gerzsonpal.hu\/wp-content\/uploads\/2025\/04\/1969_Muveszet-1-scaled.jpg 1920w\" data-sizes=\"auto\" data-orig-sizes=\"(min-width: 2200px) 100vw, (min-width: 1550px) 191px, (min-width: 1368px) 229px, (min-width: 1186px) 286px, (min-width: 1004px) 382px, (min-width: 822px) 573px, (min-width: 640px) 822px, \" \/><\/a><\/div><\/div><div style=\"padding:5px;\" class=\"fusion-grid-column fusion-gallery-column fusion-gallery-column-6 hover-type-none\"><div class=\"fusion-gallery-image\"><a href=\"https:\/\/gerzsonpal.hu\/wp-content\/uploads\/2025\/04\/1976_Losonci.jpg\" data-title=\"1976 Losonci\" title=\"1976 Losonci\" rel=\"noreferrer\" data-rel=\"iLightbox[gallery_image_1]\" class=\"fusion-lightbox\" target=\"_blank\"><img decoding=\"async\" src=\"https:\/\/gerzsonpal.hu\/wp-content\/uploads\/2025\/04\/1976_Losonci.jpg\" data-orig-src=\"https:\/\/gerzsonpal.hu\/wp-content\/uploads\/2025\/04\/1976_Losonci.jpg\" width=\"1437\" height=\"1916\" alt=\"\" title=\"1976 Losonci\" aria-label=\"1976 Losonci\" class=\"lazyload img-responsive wp-image-2453\" srcset=\"data:image\/svg+xml,%3Csvg%20xmlns%3D%27http%3A%2F%2Fwww.w3.org%2F2000%2Fsvg%27%20width%3D%271437%27%20height%3D%271916%27%20viewBox%3D%270%200%201437%201916%27%3E%3Crect%20width%3D%271437%27%20height%3D%271916%27%20fill-opacity%3D%220%22%2F%3E%3C%2Fsvg%3E\" data-srcset=\"https:\/\/gerzsonpal.hu\/wp-content\/uploads\/2025\/04\/1976_Losonci-200x267.jpg 200w, https:\/\/gerzsonpal.hu\/wp-content\/uploads\/2025\/04\/1976_Losonci-400x533.jpg 400w, https:\/\/gerzsonpal.hu\/wp-content\/uploads\/2025\/04\/1976_Losonci-600x800.jpg 600w, https:\/\/gerzsonpal.hu\/wp-content\/uploads\/2025\/04\/1976_Losonci-800x1067.jpg 800w, https:\/\/gerzsonpal.hu\/wp-content\/uploads\/2025\/04\/1976_Losonci-1200x1600.jpg 1200w, https:\/\/gerzsonpal.hu\/wp-content\/uploads\/2025\/04\/1976_Losonci.jpg 1437w\" data-sizes=\"auto\" data-orig-sizes=\"(min-width: 2200px) 100vw, (min-width: 1550px) 191px, (min-width: 1368px) 229px, (min-width: 1186px) 286px, (min-width: 1004px) 382px, (min-width: 822px) 573px, (min-width: 640px) 822px, \" \/><\/a><\/div><\/div><div style=\"padding:5px;\" class=\"fusion-grid-column fusion-gallery-column fusion-gallery-column-6 hover-type-none\"><div class=\"fusion-gallery-image\"><a href=\"https:\/\/gerzsonpal.hu\/wp-content\/uploads\/2025\/04\/1977_Martsa.jpg\" data-title=\"1977 Martsa\" title=\"1977 Martsa\" rel=\"noreferrer\" data-rel=\"iLightbox[gallery_image_1]\" class=\"fusion-lightbox\" target=\"_blank\"><img decoding=\"async\" src=\"https:\/\/gerzsonpal.hu\/wp-content\/uploads\/2025\/04\/1977_Martsa.jpg\" data-orig-src=\"https:\/\/gerzsonpal.hu\/wp-content\/uploads\/2025\/04\/1977_Martsa.jpg\" width=\"1523\" height=\"2031\" alt=\"\" title=\"1977 Martsa\" aria-label=\"1977 Martsa\" class=\"lazyload img-responsive wp-image-2449\" srcset=\"data:image\/svg+xml,%3Csvg%20xmlns%3D%27http%3A%2F%2Fwww.w3.org%2F2000%2Fsvg%27%20width%3D%271523%27%20height%3D%272031%27%20viewBox%3D%270%200%201523%202031%27%3E%3Crect%20width%3D%271523%27%20height%3D%272031%27%20fill-opacity%3D%220%22%2F%3E%3C%2Fsvg%3E\" data-srcset=\"https:\/\/gerzsonpal.hu\/wp-content\/uploads\/2025\/04\/1977_Martsa-200x267.jpg 200w, https:\/\/gerzsonpal.hu\/wp-content\/uploads\/2025\/04\/1977_Martsa-400x533.jpg 400w, https:\/\/gerzsonpal.hu\/wp-content\/uploads\/2025\/04\/1977_Martsa-600x800.jpg 600w, https:\/\/gerzsonpal.hu\/wp-content\/uploads\/2025\/04\/1977_Martsa-800x1067.jpg 800w, https:\/\/gerzsonpal.hu\/wp-content\/uploads\/2025\/04\/1977_Martsa-1200x1600.jpg 1200w, https:\/\/gerzsonpal.hu\/wp-content\/uploads\/2025\/04\/1977_Martsa.jpg 1523w\" data-sizes=\"auto\" data-orig-sizes=\"(min-width: 2200px) 100vw, (min-width: 1550px) 191px, (min-width: 1368px) 229px, (min-width: 1186px) 286px, (min-width: 1004px) 382px, (min-width: 822px) 573px, (min-width: 640px) 822px, \" \/><\/a><\/div><\/div><div style=\"padding:5px;\" class=\"fusion-grid-column fusion-gallery-column fusion-gallery-column-6 hover-type-none\"><div class=\"fusion-gallery-image\"><a href=\"https:\/\/gerzsonpal.hu\/wp-content\/uploads\/2025\/04\/1996_Lancz-scaled.jpg\" data-title=\"1996 L\u00e1ncz\" title=\"1996 L\u00e1ncz\" rel=\"noreferrer\" data-rel=\"iLightbox[gallery_image_1]\" class=\"fusion-lightbox\" target=\"_self\"><img decoding=\"async\" src=\"https:\/\/gerzsonpal.hu\/wp-content\/uploads\/2025\/04\/1996_Lancz-scaled.jpg\" data-orig-src=\"https:\/\/gerzsonpal.hu\/wp-content\/uploads\/2025\/04\/1996_Lancz-scaled.jpg\" width=\"1920\" height=\"2560\" alt=\"\" title=\"1996 L\u00e1ncz\" aria-label=\"1996 L\u00e1ncz\" class=\"lazyload img-responsive wp-image-2445\" srcset=\"data:image\/svg+xml,%3Csvg%20xmlns%3D%27http%3A%2F%2Fwww.w3.org%2F2000%2Fsvg%27%20width%3D%271920%27%20height%3D%272560%27%20viewBox%3D%270%200%201920%202560%27%3E%3Crect%20width%3D%271920%27%20height%3D%272560%27%20fill-opacity%3D%220%22%2F%3E%3C%2Fsvg%3E\" data-srcset=\"https:\/\/gerzsonpal.hu\/wp-content\/uploads\/2025\/04\/1996_Lancz-200x267.jpg 200w, https:\/\/gerzsonpal.hu\/wp-content\/uploads\/2025\/04\/1996_Lancz-400x533.jpg 400w, https:\/\/gerzsonpal.hu\/wp-content\/uploads\/2025\/04\/1996_Lancz-600x800.jpg 600w, https:\/\/gerzsonpal.hu\/wp-content\/uploads\/2025\/04\/1996_Lancz-800x1067.jpg 800w, https:\/\/gerzsonpal.hu\/wp-content\/uploads\/2025\/04\/1996_Lancz-1200x1600.jpg 1200w, https:\/\/gerzsonpal.hu\/wp-content\/uploads\/2025\/04\/1996_Lancz-scaled.jpg 1920w\" data-sizes=\"auto\" data-orig-sizes=\"(min-width: 2200px) 100vw, (min-width: 1550px) 191px, (min-width: 1368px) 229px, (min-width: 1186px) 286px, (min-width: 1004px) 382px, (min-width: 822px) 573px, (min-width: 640px) 822px, \" \/><\/a><\/div><\/div><div style=\"padding:5px;\" class=\"fusion-grid-column fusion-gallery-column fusion-gallery-column-6 hover-type-none\"><div class=\"fusion-gallery-image\"><a href=\"https:\/\/gerzsonpal.hu\/wp-content\/uploads\/2025\/04\/2001_Purgatorium.jpg\" data-title=\"2001 Purgat\u00f3rium\" title=\"2001 Purgat\u00f3rium\" rel=\"noreferrer\" data-rel=\"iLightbox[gallery_image_1]\" class=\"fusion-lightbox\" target=\"_blank\"><img decoding=\"async\" src=\"https:\/\/gerzsonpal.hu\/wp-content\/uploads\/2025\/04\/2001_Purgatorium.jpg\" data-orig-src=\"https:\/\/gerzsonpal.hu\/wp-content\/uploads\/2025\/04\/2001_Purgatorium.jpg\" width=\"1680\" height=\"2240\" alt=\"\" title=\"2001 Purgat\u00f3rium\" aria-label=\"2001 Purgat\u00f3rium\" class=\"lazyload img-responsive wp-image-2441\" srcset=\"data:image\/svg+xml,%3Csvg%20xmlns%3D%27http%3A%2F%2Fwww.w3.org%2F2000%2Fsvg%27%20width%3D%271680%27%20height%3D%272240%27%20viewBox%3D%270%200%201680%202240%27%3E%3Crect%20width%3D%271680%27%20height%3D%272240%27%20fill-opacity%3D%220%22%2F%3E%3C%2Fsvg%3E\" data-srcset=\"https:\/\/gerzsonpal.hu\/wp-content\/uploads\/2025\/04\/2001_Purgatorium-200x267.jpg 200w, https:\/\/gerzsonpal.hu\/wp-content\/uploads\/2025\/04\/2001_Purgatorium-400x533.jpg 400w, https:\/\/gerzsonpal.hu\/wp-content\/uploads\/2025\/04\/2001_Purgatorium-600x800.jpg 600w, https:\/\/gerzsonpal.hu\/wp-content\/uploads\/2025\/04\/2001_Purgatorium-800x1067.jpg 800w, https:\/\/gerzsonpal.hu\/wp-content\/uploads\/2025\/04\/2001_Purgatorium-1200x1600.jpg 1200w, https:\/\/gerzsonpal.hu\/wp-content\/uploads\/2025\/04\/2001_Purgatorium.jpg 1680w\" data-sizes=\"auto\" data-orig-sizes=\"(min-width: 2200px) 100vw, (min-width: 1550px) 191px, (min-width: 1368px) 229px, (min-width: 1186px) 286px, (min-width: 1004px) 382px, (min-width: 822px) 573px, (min-width: 640px) 822px, \" \/><\/a><\/div><\/div><div class=\"clearfix\"><\/div><div style=\"padding:5px;\" class=\"fusion-grid-column fusion-gallery-column fusion-gallery-column-6 hover-type-none\"><div class=\"fusion-gallery-image\"><a href=\"https:\/\/gerzsonpal.hu\/wp-content\/uploads\/2025\/04\/2002_Mesterecsetek.jpg\" data-title=\"2002 Mesterecsetek\" title=\"2002 Mesterecsetek\" rel=\"noreferrer\" data-rel=\"iLightbox[gallery_image_1]\" class=\"fusion-lightbox\" target=\"_blank\"><img decoding=\"async\" src=\"https:\/\/gerzsonpal.hu\/wp-content\/uploads\/2025\/04\/2002_Mesterecsetek.jpg\" data-orig-src=\"https:\/\/gerzsonpal.hu\/wp-content\/uploads\/2025\/04\/2002_Mesterecsetek.jpg\" width=\"1791\" height=\"2388\" alt=\"\" title=\"2002 Mesterecsetek\" aria-label=\"2002 Mesterecsetek\" class=\"lazyload img-responsive wp-image-2437\" srcset=\"data:image\/svg+xml,%3Csvg%20xmlns%3D%27http%3A%2F%2Fwww.w3.org%2F2000%2Fsvg%27%20width%3D%271791%27%20height%3D%272388%27%20viewBox%3D%270%200%201791%202388%27%3E%3Crect%20width%3D%271791%27%20height%3D%272388%27%20fill-opacity%3D%220%22%2F%3E%3C%2Fsvg%3E\" data-srcset=\"https:\/\/gerzsonpal.hu\/wp-content\/uploads\/2025\/04\/2002_Mesterecsetek-200x267.jpg 200w, https:\/\/gerzsonpal.hu\/wp-content\/uploads\/2025\/04\/2002_Mesterecsetek-400x533.jpg 400w, https:\/\/gerzsonpal.hu\/wp-content\/uploads\/2025\/04\/2002_Mesterecsetek-600x800.jpg 600w, https:\/\/gerzsonpal.hu\/wp-content\/uploads\/2025\/04\/2002_Mesterecsetek-800x1067.jpg 800w, https:\/\/gerzsonpal.hu\/wp-content\/uploads\/2025\/04\/2002_Mesterecsetek-1200x1600.jpg 1200w, https:\/\/gerzsonpal.hu\/wp-content\/uploads\/2025\/04\/2002_Mesterecsetek.jpg 1791w\" data-sizes=\"auto\" data-orig-sizes=\"(min-width: 2200px) 100vw, (min-width: 1550px) 191px, (min-width: 1368px) 229px, (min-width: 1186px) 286px, (min-width: 1004px) 382px, (min-width: 822px) 573px, (min-width: 640px) 822px, \" \/><\/a><\/div><\/div><div style=\"padding:5px;\" class=\"fusion-grid-column fusion-gallery-column fusion-gallery-column-6 hover-type-none\"><div class=\"fusion-gallery-image\"><a href=\"https:\/\/gerzsonpal.hu\/wp-content\/uploads\/2025\/04\/2004_Sorsunk-scaled.jpg\" data-title=\"2004 Sorsunk\" title=\"2004 Sorsunk\" rel=\"noreferrer\" data-rel=\"iLightbox[gallery_image_1]\" class=\"fusion-lightbox\" target=\"_blank\"><img decoding=\"async\" src=\"https:\/\/gerzsonpal.hu\/wp-content\/uploads\/2025\/04\/2004_Sorsunk-scaled.jpg\" data-orig-src=\"https:\/\/gerzsonpal.hu\/wp-content\/uploads\/2025\/04\/2004_Sorsunk-scaled.jpg\" width=\"1920\" height=\"2560\" alt=\"\" title=\"2004 Sorsunk\" aria-label=\"2004 Sorsunk\" class=\"lazyload img-responsive wp-image-2433\" srcset=\"data:image\/svg+xml,%3Csvg%20xmlns%3D%27http%3A%2F%2Fwww.w3.org%2F2000%2Fsvg%27%20width%3D%271920%27%20height%3D%272560%27%20viewBox%3D%270%200%201920%202560%27%3E%3Crect%20width%3D%271920%27%20height%3D%272560%27%20fill-opacity%3D%220%22%2F%3E%3C%2Fsvg%3E\" data-srcset=\"https:\/\/gerzsonpal.hu\/wp-content\/uploads\/2025\/04\/2004_Sorsunk-200x267.jpg 200w, https:\/\/gerzsonpal.hu\/wp-content\/uploads\/2025\/04\/2004_Sorsunk-400x533.jpg 400w, https:\/\/gerzsonpal.hu\/wp-content\/uploads\/2025\/04\/2004_Sorsunk-600x800.jpg 600w, https:\/\/gerzsonpal.hu\/wp-content\/uploads\/2025\/04\/2004_Sorsunk-800x1067.jpg 800w, https:\/\/gerzsonpal.hu\/wp-content\/uploads\/2025\/04\/2004_Sorsunk-1200x1600.jpg 1200w, https:\/\/gerzsonpal.hu\/wp-content\/uploads\/2025\/04\/2004_Sorsunk-scaled.jpg 1920w\" data-sizes=\"auto\" data-orig-sizes=\"(min-width: 2200px) 100vw, (min-width: 1550px) 191px, (min-width: 1368px) 229px, (min-width: 1186px) 286px, (min-width: 1004px) 382px, (min-width: 822px) 573px, (min-width: 640px) 822px, \" \/><\/a><\/div><\/div><div style=\"padding:5px;\" class=\"fusion-grid-column fusion-gallery-column fusion-gallery-column-6 hover-type-none\"><div class=\"fusion-gallery-image\"><a href=\"https:\/\/gerzsonpal.hu\/wp-content\/uploads\/2025\/04\/2005_Egy_csepp-scaled.jpg\" data-title=\"2005 Egy csepp\" title=\"2005 Egy csepp\" rel=\"noreferrer\" data-rel=\"iLightbox[gallery_image_1]\" class=\"fusion-lightbox\" target=\"_blank\"><img decoding=\"async\" src=\"https:\/\/gerzsonpal.hu\/wp-content\/uploads\/2025\/04\/2005_Egy_csepp-scaled.jpg\" data-orig-src=\"https:\/\/gerzsonpal.hu\/wp-content\/uploads\/2025\/04\/2005_Egy_csepp-scaled.jpg\" width=\"1920\" height=\"2560\" alt=\"\" title=\"2005 Egy csepp\" aria-label=\"2005 Egy csepp\" class=\"lazyload img-responsive wp-image-2429\" srcset=\"data:image\/svg+xml,%3Csvg%20xmlns%3D%27http%3A%2F%2Fwww.w3.org%2F2000%2Fsvg%27%20width%3D%271920%27%20height%3D%272560%27%20viewBox%3D%270%200%201920%202560%27%3E%3Crect%20width%3D%271920%27%20height%3D%272560%27%20fill-opacity%3D%220%22%2F%3E%3C%2Fsvg%3E\" data-srcset=\"https:\/\/gerzsonpal.hu\/wp-content\/uploads\/2025\/04\/2005_Egy_csepp-200x267.jpg 200w, https:\/\/gerzsonpal.hu\/wp-content\/uploads\/2025\/04\/2005_Egy_csepp-400x533.jpg 400w, https:\/\/gerzsonpal.hu\/wp-content\/uploads\/2025\/04\/2005_Egy_csepp-600x800.jpg 600w, https:\/\/gerzsonpal.hu\/wp-content\/uploads\/2025\/04\/2005_Egy_csepp-800x1067.jpg 800w, https:\/\/gerzsonpal.hu\/wp-content\/uploads\/2025\/04\/2005_Egy_csepp-1200x1600.jpg 1200w, https:\/\/gerzsonpal.hu\/wp-content\/uploads\/2025\/04\/2005_Egy_csepp-scaled.jpg 1920w\" data-sizes=\"auto\" data-orig-sizes=\"(min-width: 2200px) 100vw, (min-width: 1550px) 191px, (min-width: 1368px) 229px, (min-width: 1186px) 286px, (min-width: 1004px) 382px, (min-width: 822px) 573px, (min-width: 640px) 822px, \" \/><\/a><\/div><\/div><div style=\"padding:5px;\" class=\"fusion-grid-column fusion-gallery-column fusion-gallery-column-6 hover-type-none\"><div class=\"fusion-gallery-image\"><a href=\"https:\/\/gerzsonpal.hu\/wp-content\/uploads\/2025\/04\/2006_Expositio-scaled.jpg\" data-title=\"2006 Expositio\" title=\"2006 Expositio\" rel=\"noreferrer\" data-rel=\"iLightbox[gallery_image_1]\" class=\"fusion-lightbox\" target=\"_self\"><img decoding=\"async\" src=\"https:\/\/gerzsonpal.hu\/wp-content\/uploads\/2025\/04\/2006_Expositio-scaled.jpg\" data-orig-src=\"https:\/\/gerzsonpal.hu\/wp-content\/uploads\/2025\/04\/2006_Expositio-scaled.jpg\" width=\"1920\" height=\"2560\" alt=\"\" title=\"2006 Expositio\" aria-label=\"2006 Expositio\" class=\"lazyload img-responsive wp-image-2425\" srcset=\"data:image\/svg+xml,%3Csvg%20xmlns%3D%27http%3A%2F%2Fwww.w3.org%2F2000%2Fsvg%27%20width%3D%271920%27%20height%3D%272560%27%20viewBox%3D%270%200%201920%202560%27%3E%3Crect%20width%3D%271920%27%20height%3D%272560%27%20fill-opacity%3D%220%22%2F%3E%3C%2Fsvg%3E\" data-srcset=\"https:\/\/gerzsonpal.hu\/wp-content\/uploads\/2025\/04\/2006_Expositio-200x267.jpg 200w, https:\/\/gerzsonpal.hu\/wp-content\/uploads\/2025\/04\/2006_Expositio-400x533.jpg 400w, https:\/\/gerzsonpal.hu\/wp-content\/uploads\/2025\/04\/2006_Expositio-600x800.jpg 600w, https:\/\/gerzsonpal.hu\/wp-content\/uploads\/2025\/04\/2006_Expositio-800x1066.jpg 800w, https:\/\/gerzsonpal.hu\/wp-content\/uploads\/2025\/04\/2006_Expositio-1200x1600.jpg 1200w, https:\/\/gerzsonpal.hu\/wp-content\/uploads\/2025\/04\/2006_Expositio-scaled.jpg 1920w\" data-sizes=\"auto\" data-orig-sizes=\"(min-width: 2200px) 100vw, (min-width: 1550px) 191px, (min-width: 1368px) 229px, (min-width: 1186px) 286px, (min-width: 1004px) 382px, (min-width: 822px) 573px, (min-width: 640px) 822px, \" \/><\/a><\/div><\/div><div style=\"padding:5px;\" class=\"fusion-grid-column fusion-gallery-column fusion-gallery-column-6 hover-type-none\"><div class=\"fusion-gallery-image\"><a href=\"https:\/\/gerzsonpal.hu\/wp-content\/uploads\/2025\/04\/2013_Somogy.jpg\" data-title=\"2013 Somogy\" title=\"2013 Somogy\" rel=\"noreferrer\" data-rel=\"iLightbox[gallery_image_1]\" class=\"fusion-lightbox\" target=\"_blank\"><img decoding=\"async\" src=\"https:\/\/gerzsonpal.hu\/wp-content\/uploads\/2025\/04\/2013_Somogy.jpg\" data-orig-src=\"https:\/\/gerzsonpal.hu\/wp-content\/uploads\/2025\/04\/2013_Somogy.jpg\" width=\"1889\" height=\"2519\" alt=\"\" title=\"2013 Somogy\" aria-label=\"2013 Somogy\" class=\"lazyload img-responsive wp-image-2421\" srcset=\"data:image\/svg+xml,%3Csvg%20xmlns%3D%27http%3A%2F%2Fwww.w3.org%2F2000%2Fsvg%27%20width%3D%271889%27%20height%3D%272519%27%20viewBox%3D%270%200%201889%202519%27%3E%3Crect%20width%3D%271889%27%20height%3D%272519%27%20fill-opacity%3D%220%22%2F%3E%3C%2Fsvg%3E\" data-srcset=\"https:\/\/gerzsonpal.hu\/wp-content\/uploads\/2025\/04\/2013_Somogy-200x267.jpg 200w, https:\/\/gerzsonpal.hu\/wp-content\/uploads\/2025\/04\/2013_Somogy-400x533.jpg 400w, https:\/\/gerzsonpal.hu\/wp-content\/uploads\/2025\/04\/2013_Somogy-600x800.jpg 600w, https:\/\/gerzsonpal.hu\/wp-content\/uploads\/2025\/04\/2013_Somogy-800x1067.jpg 800w, https:\/\/gerzsonpal.hu\/wp-content\/uploads\/2025\/04\/2013_Somogy-1200x1600.jpg 1200w, https:\/\/gerzsonpal.hu\/wp-content\/uploads\/2025\/04\/2013_Somogy.jpg 1889w\" data-sizes=\"auto\" data-orig-sizes=\"(min-width: 2200px) 100vw, (min-width: 1550px) 191px, (min-width: 1368px) 229px, (min-width: 1186px) 286px, (min-width: 1004px) 382px, (min-width: 822px) 573px, (min-width: 640px) 822px, \" \/><\/a><\/div><\/div><div style=\"padding:5px;\" class=\"fusion-grid-column fusion-gallery-column fusion-gallery-column-6 hover-type-none\"><div class=\"fusion-gallery-image\"><a href=\"https:\/\/gerzsonpal.hu\/wp-content\/uploads\/2025\/04\/2017_Vigado.jpg\" data-title=\"2017 Vigad\u00f3\" title=\"2017 Vigad\u00f3\" rel=\"noreferrer\" data-rel=\"iLightbox[gallery_image_1]\" class=\"fusion-lightbox\" target=\"_self\"><img decoding=\"async\" src=\"https:\/\/gerzsonpal.hu\/wp-content\/uploads\/2025\/04\/2017_Vigado.jpg\" data-orig-src=\"https:\/\/gerzsonpal.hu\/wp-content\/uploads\/2025\/04\/2017_Vigado.jpg\" width=\"554\" height=\"733\" alt=\"\" title=\"2017 Vigad\u00f3\" aria-label=\"2017 Vigad\u00f3\" class=\"lazyload img-responsive wp-image-2417\" srcset=\"data:image\/svg+xml,%3Csvg%20xmlns%3D%27http%3A%2F%2Fwww.w3.org%2F2000%2Fsvg%27%20width%3D%27554%27%20height%3D%27733%27%20viewBox%3D%270%200%20554%20733%27%3E%3Crect%20width%3D%27554%27%20height%3D%27733%27%20fill-opacity%3D%220%22%2F%3E%3C%2Fsvg%3E\" data-srcset=\"https:\/\/gerzsonpal.hu\/wp-content\/uploads\/2025\/04\/2017_Vigado-200x265.jpg 200w, https:\/\/gerzsonpal.hu\/wp-content\/uploads\/2025\/04\/2017_Vigado-400x529.jpg 400w, https:\/\/gerzsonpal.hu\/wp-content\/uploads\/2025\/04\/2017_Vigado.jpg 554w\" data-sizes=\"auto\" data-orig-sizes=\"(min-width: 2200px) 100vw, (min-width: 1550px) 191px, (min-width: 1368px) 229px, (min-width: 1186px) 286px, (min-width: 1004px) 382px, (min-width: 822px) 573px, (min-width: 640px) 822px, \" \/><\/a><\/div><\/div><div class=\"clearfix\"><\/div><\/div><\/div><\/div><\/div><\/div><\/div><\/p>\n","protected":false},"excerpt":{"rendered":"","protected":false},"author":1,"featured_media":0,"parent":3562,"menu_order":0,"comment_status":"closed","ping_status":"closed","template":"","meta":{"footnotes":""},"class_list":["post-3453","page","type-page","status-publish","hentry"],"_links":{"self":[{"href":"https:\/\/gerzsonpal.hu\/hu\/wp-json\/wp\/v2\/pages\/3453","targetHints":{"allow":["GET"]}}],"collection":[{"href":"https:\/\/gerzsonpal.hu\/hu\/wp-json\/wp\/v2\/pages"}],"about":[{"href":"https:\/\/gerzsonpal.hu\/hu\/wp-json\/wp\/v2\/types\/page"}],"author":[{"embeddable":true,"href":"https:\/\/gerzsonpal.hu\/hu\/wp-json\/wp\/v2\/users\/1"}],"replies":[{"embeddable":true,"href":"https:\/\/gerzsonpal.hu\/hu\/wp-json\/wp\/v2\/comments?post=3453"}],"version-history":[{"count":20,"href":"https:\/\/gerzsonpal.hu\/hu\/wp-json\/wp\/v2\/pages\/3453\/revisions"}],"predecessor-version":[{"id":4272,"href":"https:\/\/gerzsonpal.hu\/hu\/wp-json\/wp\/v2\/pages\/3453\/revisions\/4272"}],"up":[{"embeddable":true,"href":"https:\/\/gerzsonpal.hu\/hu\/wp-json\/wp\/v2\/pages\/3562"}],"wp:attachment":[{"href":"https:\/\/gerzsonpal.hu\/hu\/wp-json\/wp\/v2\/media?parent=3453"}],"curies":[{"name":"wp","href":"https:\/\/api.w.org\/{rel}","templated":true}]}}