{"id":3530,"date":"2025-07-02T00:38:16","date_gmt":"2025-07-01T22:38:16","guid":{"rendered":"https:\/\/gerzsonpal.hu\/loeuvre\/"},"modified":"2026-01-02T18:50:36","modified_gmt":"2026-01-02T17:50:36","slug":"loeuvre","status":"publish","type":"page","link":"https:\/\/gerzsonpal.hu\/hu\/loeuvre\/","title":{"rendered":"L\u2019\u0153uvre"},"content":{"rendered":"<p><div class=\"fusion-fullwidth fullwidth-box fusion-builder-row-1 fusion-flex-container has-pattern-background has-mask-background nonhundred-percent-fullwidth non-hundred-percent-height-scrolling\" style=\"--awb-border-radius-top-left:0px;--awb-border-radius-top-right:0px;--awb-border-radius-bottom-right:0px;--awb-border-radius-bottom-left:0px;--awb-padding-bottom:0px;--awb-margin-bottom:0px;--awb-background-color:rgba(0,0,0,0);--awb-flex-wrap:wrap;\" ><div class=\"fusion-builder-row fusion-row fusion-flex-align-items-flex-start fusion-flex-content-wrap\" style=\"max-width:1216.8px;margin-left: calc(-4% \/ 2 );margin-right: calc(-4% \/ 2 );\"><div class=\"fusion-layout-column fusion_builder_column fusion-builder-column-0 fusion_builder_column_1_1 1_1 fusion-flex-column\" style=\"--awb-bg-size:cover;--awb-width-large:100%;--awb-margin-top-large:0px;--awb-spacing-right-large:1.92%;--awb-margin-bottom-large:0px;--awb-spacing-left-large:1.92%;--awb-width-medium:100%;--awb-order-medium:0;--awb-spacing-right-medium:1.92%;--awb-spacing-left-medium:1.92%;--awb-width-small:100%;--awb-order-small:0;--awb-spacing-right-small:1.92%;--awb-spacing-left-small:1.92%;\"><div class=\"fusion-column-wrapper fusion-column-has-shadow fusion-flex-justify-content-flex-start fusion-content-layout-column\"><div class=\"fusion-content-boxes content-boxes columns row fusion-columns-1 fusion-columns-total-1 fusion-content-boxes-1 content-boxes-icon-with-title content-left\" style=\"--awb-body-color:#ffffff;--awb-title-color:#ffffff;--awb-hover-accent-color:var(--awb-color4);--awb-circle-hover-accent-color:var(--awb-color4);--awb-item-margin-bottom:40px;\" data-animationOffset=\"top-into-view\"><div style=\"--awb-backgroundcolor:rgba(229,194,137,0.31);\" class=\"fusion-column content-box-column content-box-column content-box-column-1 col-lg-12 col-md-12 col-sm-12 fusion-content-box-hover content-box-column-last content-box-column-last-in-row\"><div class=\"col content-box-wrapper content-wrapper-background link-area-link-icon content-icon-wrapper-yes icon-hover-animation-fade\" data-animationOffset=\"top-into-view\"><div class=\"fusion-clearfix\"><\/div><div class=\"content-container\">\n<p>A m\u00e1sodik vil\u00e1gh\u00e1bor\u00fat k\u00f6vet\u0151 \u00e9vtizedek diktat\u00f3rikus sokkj\u00e1b\u00f3l lassan kiszabadulva, a hatvanas \u00e9vekt\u0151l dat\u00e1lhat\u00f3ak azok a t\u00f6rekv\u00e9sek, amelyek a nyit\u00e1s szellem\u00e9ben alak\u00edtott\u00e1k a kort\u00e1rs magyar pikt\u00far\u00e1t. Ebben a k\u00f6zegben szocializ\u00e1l\u00f3dik Gerzson P\u00e1l fest\u0151m\u0171v\u00e9sz, aki \u00e9pp a hatvanas \u00e9vek v\u00e9g\u00e9n, a hetvenes \u00e9vek elej\u00e9n jut el oda, hogy a m\u00e1r addig is egyfajta t\u00f6m\u00f6r, t\u00f6m\u00f6r\u00edtett figur\u00e1lis fest\u0151i felfog\u00e1sa \u00e1tl\u00e9p az absztrakci\u00f3 vil\u00e1g\u00e1ba. Kialak\u00edtja saj\u00e1tos, k\u00e9s\u0151bbi fest\u00e9szet\u00e9re oly jellemz\u0151 mot\u00edvumrendszer\u00e9t, azt a l\u00e9giesnek is nevezhet\u0151 fest\u0151i st\u00edlust, mely f\u0151 inspir\u00e1ci\u00f3s forr\u00e1sait a term\u00e9szetben \u00e9s a m\u0171v\u00e9szetben tal\u00e1lja meg. A szuver\u00e9n gerzsoni fest\u0151i l\u00edra id\u0151szak\u00e1ban teljes\u00edtm\u00e9nye m\u00e1r mag\u00e1nyosnak tekinthet\u0151, \u00e1m \u00e9pp ezzel v\u00edvja ki mag\u00e1nak a magyar k\u00e9pz\u0151m\u0171v\u00e9szeti k\u00e1nonban m\u00e1ig is elfoglalt kiv\u00e9teles hely\u00e9t. <em>(R\u00e9szlet Feledy Bal\u00e1zs \u00edr\u00e1s\u00e1b\u00f3l.)<\/em><\/p>\n<\/div><\/div><\/div><div class=\"fusion-clearfix\"><\/div><\/div><\/div><\/div><\/div><\/div><div class=\"fusion-fullwidth fullwidth-box fusion-builder-row-2 fusion-flex-container has-pattern-background has-mask-background nonhundred-percent-fullwidth non-hundred-percent-height-scrolling\" style=\"--awb-border-radius-top-left:0px;--awb-border-radius-top-right:0px;--awb-border-radius-bottom-right:0px;--awb-border-radius-bottom-left:0px;--awb-background-color:rgba(0,0,0,0);--awb-flex-wrap:wrap;\" ><div class=\"fusion-builder-row fusion-row fusion-flex-align-items-flex-start fusion-flex-content-wrap\" style=\"max-width:1216.8px;margin-left: calc(-4% \/ 2 );margin-right: calc(-4% \/ 2 );\"><div class=\"fusion-layout-column fusion_builder_column fusion-builder-column-1 fusion_builder_column_1_2 1_2 fusion-flex-column\" style=\"--awb-bg-size:cover;--awb-width-large:50%;--awb-margin-top-large:-50px;--awb-spacing-right-large:3.84%;--awb-margin-bottom-large:50px;--awb-spacing-left-large:3.84%;--awb-width-medium:100%;--awb-order-medium:0;--awb-spacing-right-medium:1.92%;--awb-spacing-left-medium:1.92%;--awb-width-small:100%;--awb-order-small:0;--awb-spacing-right-small:1.92%;--awb-spacing-left-small:1.92%;\"><div class=\"fusion-column-wrapper fusion-column-has-shadow fusion-flex-justify-content-flex-start fusion-content-layout-column\"><div class=\"fusion-image-element \" style=\"--awb-aspect-ratio:4 \/ 3;--awb-caption-title-font-family:var(--h2_typography-font-family);--awb-caption-title-font-weight:var(--h2_typography-font-weight);--awb-caption-title-font-style:var(--h2_typography-font-style);--awb-caption-title-size:var(--h2_typography-font-size);--awb-caption-title-transform:var(--h2_typography-text-transform);--awb-caption-title-line-height:var(--h2_typography-line-height);--awb-caption-title-letter-spacing:var(--h2_typography-letter-spacing);\"><span class=\" fusion-imageframe imageframe-none imageframe-1 awb-imageframe-style awb-imageframe-style-dario has-aspect-ratio\"><a class=\"fusion-no-lightbox\" href=\"https:\/\/gerzsonpal.hu\/hu\/loeuvre\/peintures\/\" target=\"_self\" aria-label=\"Couverture du bloc Peintures\"><img decoding=\"async\" width=\"929\" height=\"650\" src=\"https:\/\/gerzsonpal.hu\/wp-content\/uploads\/2015\/11\/Couverture-du-bloc-Peintures.jpg\" data-orig-src=\"https:\/\/gerzsonpal.hu\/wp-content\/uploads\/2015\/11\/Couverture-du-bloc-Peintures.jpg\" class=\"lazyload img-responsive wp-image-2521 img-with-aspect-ratio\" data-parent-fit=\"cover\" data-parent-container=\".fusion-image-element\" alt srcset=\"data:image\/svg+xml,%3Csvg%20xmlns%3D%27http%3A%2F%2Fwww.w3.org%2F2000%2Fsvg%27%20width%3D%27929%27%20height%3D%27650%27%20viewBox%3D%270%200%20929%20650%27%3E%3Crect%20width%3D%27929%27%20height%3D%27650%27%20fill-opacity%3D%220%22%2F%3E%3C%2Fsvg%3E\" data-srcset=\"https:\/\/gerzsonpal.hu\/wp-content\/uploads\/2015\/11\/Couverture-du-bloc-Peintures-200x140.jpg 200w, https:\/\/gerzsonpal.hu\/wp-content\/uploads\/2015\/11\/Couverture-du-bloc-Peintures-400x280.jpg 400w, https:\/\/gerzsonpal.hu\/wp-content\/uploads\/2015\/11\/Couverture-du-bloc-Peintures-600x420.jpg 600w, https:\/\/gerzsonpal.hu\/wp-content\/uploads\/2015\/11\/Couverture-du-bloc-Peintures-800x560.jpg 800w, https:\/\/gerzsonpal.hu\/wp-content\/uploads\/2015\/11\/Couverture-du-bloc-Peintures.jpg 929w\" data-sizes=\"auto\" data-orig-sizes=\"(max-width: 1024px) 100vw, (max-width: 640px) 100vw, 600px\" \/><div class=\"awb-imageframe-caption-container\"><div class=\"awb-imageframe-caption\"><h2 class=\"awb-imageframe-caption-title\">FESTM\u00c9NYEK<\/h2><\/div><\/div><\/a><\/span><\/div><\/div><\/div><div class=\"fusion-layout-column fusion_builder_column fusion-builder-column-2 fusion_builder_column_1_2 1_2 fusion-flex-column\" style=\"--awb-bg-size:cover;--awb-width-large:50%;--awb-margin-top-large:-50px;--awb-spacing-right-large:3.84%;--awb-margin-bottom-large:50px;--awb-spacing-left-large:3.84%;--awb-width-medium:100%;--awb-order-medium:0;--awb-spacing-right-medium:1.92%;--awb-spacing-left-medium:1.92%;--awb-width-small:100%;--awb-order-small:0;--awb-spacing-right-small:1.92%;--awb-spacing-left-small:1.92%;\"><div class=\"fusion-column-wrapper fusion-column-has-shadow fusion-flex-justify-content-flex-start fusion-content-layout-column\"><div class=\"fusion-image-element \" style=\"--awb-aspect-ratio:4 \/ 3;--awb-caption-title-font-family:var(--h2_typography-font-family);--awb-caption-title-font-weight:var(--h2_typography-font-weight);--awb-caption-title-font-style:var(--h2_typography-font-style);--awb-caption-title-size:var(--h2_typography-font-size);--awb-caption-title-transform:var(--h2_typography-text-transform);--awb-caption-title-line-height:var(--h2_typography-line-height);--awb-caption-title-letter-spacing:var(--h2_typography-letter-spacing);\"><span class=\" fusion-imageframe imageframe-none imageframe-2 awb-imageframe-style awb-imageframe-style-dario has-aspect-ratio\"><a class=\"fusion-no-lightbox\" href=\"https:\/\/gerzsonpal.hu\/hu\/loeuvre\/aquarelles\/\" target=\"_self\" aria-label=\"Couverture du bloc Aquarelles\"><img decoding=\"async\" width=\"902\" height=\"650\" src=\"https:\/\/gerzsonpal.hu\/wp-content\/uploads\/2025\/04\/Couverture-du-bloc-Aquarelles.jpg\" data-orig-src=\"https:\/\/gerzsonpal.hu\/wp-content\/uploads\/2025\/04\/Couverture-du-bloc-Aquarelles.jpg\" class=\"lazyload img-responsive wp-image-2505 img-with-aspect-ratio\" data-parent-fit=\"cover\" data-parent-container=\".fusion-image-element\" alt srcset=\"data:image\/svg+xml,%3Csvg%20xmlns%3D%27http%3A%2F%2Fwww.w3.org%2F2000%2Fsvg%27%20width%3D%27902%27%20height%3D%27650%27%20viewBox%3D%270%200%20902%20650%27%3E%3Crect%20width%3D%27902%27%20height%3D%27650%27%20fill-opacity%3D%220%22%2F%3E%3C%2Fsvg%3E\" data-srcset=\"https:\/\/gerzsonpal.hu\/wp-content\/uploads\/2025\/04\/Couverture-du-bloc-Aquarelles-200x144.jpg 200w, https:\/\/gerzsonpal.hu\/wp-content\/uploads\/2025\/04\/Couverture-du-bloc-Aquarelles-400x288.jpg 400w, https:\/\/gerzsonpal.hu\/wp-content\/uploads\/2025\/04\/Couverture-du-bloc-Aquarelles-600x432.jpg 600w, https:\/\/gerzsonpal.hu\/wp-content\/uploads\/2025\/04\/Couverture-du-bloc-Aquarelles-800x576.jpg 800w, https:\/\/gerzsonpal.hu\/wp-content\/uploads\/2025\/04\/Couverture-du-bloc-Aquarelles.jpg 902w\" data-sizes=\"auto\" data-orig-sizes=\"(max-width: 1024px) 100vw, (max-width: 640px) 100vw, 600px\" \/><div class=\"awb-imageframe-caption-container\"><div class=\"awb-imageframe-caption\"><h2 class=\"awb-imageframe-caption-title\">AKVARELLEK<\/h2><\/div><\/div><\/a><\/span><\/div><\/div><\/div><div class=\"fusion-layout-column fusion_builder_column fusion-builder-column-3 fusion_builder_column_1_2 1_2 fusion-flex-column\" style=\"--awb-bg-size:cover;--awb-width-large:50%;--awb-margin-top-large:0px;--awb-spacing-right-large:3.84%;--awb-margin-bottom-large:50px;--awb-spacing-left-large:3.84%;--awb-width-medium:100%;--awb-order-medium:0;--awb-spacing-right-medium:1.92%;--awb-spacing-left-medium:1.92%;--awb-width-small:100%;--awb-order-small:0;--awb-spacing-right-small:1.92%;--awb-spacing-left-small:1.92%;\"><div class=\"fusion-column-wrapper fusion-column-has-shadow fusion-flex-justify-content-flex-start fusion-content-layout-column\"><div class=\"fusion-image-element \" style=\"--awb-aspect-ratio:4 \/ 3;--awb-caption-title-font-family:var(--h2_typography-font-family);--awb-caption-title-font-weight:var(--h2_typography-font-weight);--awb-caption-title-font-style:var(--h2_typography-font-style);--awb-caption-title-size:var(--h2_typography-font-size);--awb-caption-title-transform:var(--h2_typography-text-transform);--awb-caption-title-line-height:var(--h2_typography-line-height);--awb-caption-title-letter-spacing:var(--h2_typography-letter-spacing);\"><span class=\" fusion-imageframe imageframe-none imageframe-3 awb-imageframe-style awb-imageframe-style-dario has-aspect-ratio\"><a class=\"fusion-no-lightbox\" href=\"https:\/\/gerzsonpal.hu\/hu\/loeuvre\/dessins\/\" target=\"_self\" aria-label=\"Couverture du bloc Dessins\"><img decoding=\"async\" width=\"763\" height=\"650\" src=\"https:\/\/gerzsonpal.hu\/wp-content\/uploads\/2015\/11\/Couverture-du-bloc-Dessins.jpg\" data-orig-src=\"https:\/\/gerzsonpal.hu\/wp-content\/uploads\/2015\/11\/Couverture-du-bloc-Dessins.jpg\" class=\"lazyload img-responsive wp-image-2517 img-with-aspect-ratio\" data-parent-fit=\"cover\" data-parent-container=\".fusion-image-element\" alt srcset=\"data:image\/svg+xml,%3Csvg%20xmlns%3D%27http%3A%2F%2Fwww.w3.org%2F2000%2Fsvg%27%20width%3D%27763%27%20height%3D%27650%27%20viewBox%3D%270%200%20763%20650%27%3E%3Crect%20width%3D%27763%27%20height%3D%27650%27%20fill-opacity%3D%220%22%2F%3E%3C%2Fsvg%3E\" data-srcset=\"https:\/\/gerzsonpal.hu\/wp-content\/uploads\/2015\/11\/Couverture-du-bloc-Dessins-200x170.jpg 200w, https:\/\/gerzsonpal.hu\/wp-content\/uploads\/2015\/11\/Couverture-du-bloc-Dessins-400x341.jpg 400w, https:\/\/gerzsonpal.hu\/wp-content\/uploads\/2015\/11\/Couverture-du-bloc-Dessins-600x511.jpg 600w, https:\/\/gerzsonpal.hu\/wp-content\/uploads\/2015\/11\/Couverture-du-bloc-Dessins.jpg 763w\" data-sizes=\"auto\" data-orig-sizes=\"(max-width: 1024px) 100vw, (max-width: 640px) 100vw, 600px\" \/><div class=\"awb-imageframe-caption-container\"><div class=\"awb-imageframe-caption\"><h2 class=\"awb-imageframe-caption-title\">RAJZOK<\/h2><\/div><\/div><\/a><\/span><\/div><\/div><\/div><div class=\"fusion-layout-column fusion_builder_column fusion-builder-column-4 fusion_builder_column_1_2 1_2 fusion-flex-column\" style=\"--awb-bg-size:cover;--awb-width-large:50%;--awb-margin-top-large:0px;--awb-spacing-right-large:3.84%;--awb-margin-bottom-large:50px;--awb-spacing-left-large:3.84%;--awb-width-medium:100%;--awb-order-medium:0;--awb-spacing-right-medium:1.92%;--awb-spacing-left-medium:1.92%;--awb-width-small:100%;--awb-order-small:0;--awb-spacing-right-small:1.92%;--awb-spacing-left-small:1.92%;\"><div class=\"fusion-column-wrapper fusion-column-has-shadow fusion-flex-justify-content-flex-start fusion-content-layout-column\"><div class=\"fusion-image-element \" style=\"--awb-aspect-ratio:4 \/ 3;--awb-caption-title-font-family:var(--h2_typography-font-family);--awb-caption-title-font-weight:var(--h2_typography-font-weight);--awb-caption-title-font-style:var(--h2_typography-font-style);--awb-caption-title-size:var(--h2_typography-font-size);--awb-caption-title-transform:var(--h2_typography-text-transform);--awb-caption-title-line-height:var(--h2_typography-line-height);--awb-caption-title-letter-spacing:var(--h2_typography-letter-spacing);\"><span class=\" fusion-imageframe imageframe-none imageframe-4 awb-imageframe-style awb-imageframe-style-dario has-aspect-ratio\"><a class=\"fusion-no-lightbox\" href=\"https:\/\/gerzsonpal.hu\/hu\/loeuvre\/divers\/\" target=\"_self\" aria-label=\"Couverture de l&#8217;album Textiles et bijoux\"><img decoding=\"async\" width=\"573\" height=\"480\" src=\"https:\/\/gerzsonpal.hu\/wp-content\/uploads\/2025\/04\/Couverture-de-lalbum-Textiles-et-bijoux.jpg\" data-orig-src=\"https:\/\/gerzsonpal.hu\/wp-content\/uploads\/2025\/04\/Couverture-de-lalbum-Textiles-et-bijoux.jpg\" class=\"lazyload img-responsive wp-image-2673 img-with-aspect-ratio\" data-parent-fit=\"cover\" data-parent-container=\".fusion-image-element\" alt srcset=\"data:image\/svg+xml,%3Csvg%20xmlns%3D%27http%3A%2F%2Fwww.w3.org%2F2000%2Fsvg%27%20width%3D%27573%27%20height%3D%27480%27%20viewBox%3D%270%200%20573%20480%27%3E%3Crect%20width%3D%27573%27%20height%3D%27480%27%20fill-opacity%3D%220%22%2F%3E%3C%2Fsvg%3E\" data-srcset=\"https:\/\/gerzsonpal.hu\/wp-content\/uploads\/2025\/04\/Couverture-de-lalbum-Textiles-et-bijoux-200x168.jpg 200w, https:\/\/gerzsonpal.hu\/wp-content\/uploads\/2025\/04\/Couverture-de-lalbum-Textiles-et-bijoux-400x335.jpg 400w, https:\/\/gerzsonpal.hu\/wp-content\/uploads\/2025\/04\/Couverture-de-lalbum-Textiles-et-bijoux.jpg 573w\" data-sizes=\"auto\" data-orig-sizes=\"(max-width: 1024px) 100vw, (max-width: 640px) 100vw, 573px\" \/><div class=\"awb-imageframe-caption-container\"><div class=\"awb-imageframe-caption\"><h2 class=\"awb-imageframe-caption-title\">MINDENF\u00c9LE<\/h2><\/div><\/div><\/a><\/span><\/div><\/div><\/div><\/div><\/div><\/p>\n","protected":false},"excerpt":{"rendered":"","protected":false},"author":1,"featured_media":0,"parent":0,"menu_order":0,"comment_status":"open","ping_status":"closed","template":"","meta":{"footnotes":""},"class_list":["post-3530","page","type-page","status-publish","hentry"],"_links":{"self":[{"href":"https:\/\/gerzsonpal.hu\/hu\/wp-json\/wp\/v2\/pages\/3530","targetHints":{"allow":["GET"]}}],"collection":[{"href":"https:\/\/gerzsonpal.hu\/hu\/wp-json\/wp\/v2\/pages"}],"about":[{"href":"https:\/\/gerzsonpal.hu\/hu\/wp-json\/wp\/v2\/types\/page"}],"author":[{"embeddable":true,"href":"https:\/\/gerzsonpal.hu\/hu\/wp-json\/wp\/v2\/users\/1"}],"replies":[{"embeddable":true,"href":"https:\/\/gerzsonpal.hu\/hu\/wp-json\/wp\/v2\/comments?post=3530"}],"version-history":[{"count":17,"href":"https:\/\/gerzsonpal.hu\/hu\/wp-json\/wp\/v2\/pages\/3530\/revisions"}],"predecessor-version":[{"id":4495,"href":"https:\/\/gerzsonpal.hu\/hu\/wp-json\/wp\/v2\/pages\/3530\/revisions\/4495"}],"wp:attachment":[{"href":"https:\/\/gerzsonpal.hu\/hu\/wp-json\/wp\/v2\/media?parent=3530"}],"curies":[{"name":"wp","href":"https:\/\/api.w.org\/{rel}","templated":true}]}}