{"id":3562,"date":"2024-12-27T15:22:37","date_gmt":"2024-12-27T14:22:37","guid":{"rendered":"https:\/\/gerzsonpal.hu\/biographie\/lartiste\/"},"modified":"2025-07-14T00:13:45","modified_gmt":"2025-07-13T22:13:45","slug":"lartiste","status":"publish","type":"page","link":"https:\/\/gerzsonpal.hu\/hu\/biographie\/lartiste\/","title":{"rendered":"A m\u0171v\u00e9sz"},"content":{"rendered":"<div class=\"fusion-fullwidth fullwidth-box fusion-builder-row-1 fusion-flex-container has-pattern-background has-mask-background nonhundred-percent-fullwidth non-hundred-percent-height-scrolling\" style=\"--awb-border-radius-top-left:0px;--awb-border-radius-top-right:0px;--awb-border-radius-bottom-right:0px;--awb-border-radius-bottom-left:0px;--awb-background-color:rgba(0,0,0,0);--awb-flex-wrap:wrap;\" ><div class=\"fusion-builder-row fusion-row fusion-flex-align-items-flex-start fusion-flex-content-wrap\" style=\"max-width:1216.8px;margin-left: calc(-4% \/ 2 );margin-right: calc(-4% \/ 2 );\"><div class=\"fusion-layout-column fusion_builder_column fusion-builder-column-0 fusion_builder_column_1_2 1_2 fusion-flex-column\" style=\"--awb-bg-size:cover;--awb-width-large:50%;--awb-margin-top-large:0px;--awb-spacing-right-large:3.84%;--awb-margin-bottom-large:50px;--awb-spacing-left-large:3.84%;--awb-width-medium:100%;--awb-order-medium:0;--awb-spacing-right-medium:1.92%;--awb-spacing-left-medium:1.92%;--awb-width-small:100%;--awb-order-small:0;--awb-spacing-right-small:1.92%;--awb-spacing-left-small:1.92%;\"><div class=\"fusion-column-wrapper fusion-column-has-shadow fusion-flex-justify-content-flex-start fusion-content-layout-column\"><div class=\"fusion-image-element \" style=\"--awb-aspect-ratio:4 \/ 3;--awb-caption-title-font-family:var(--h2_typography-font-family);--awb-caption-title-font-weight:var(--h2_typography-font-weight);--awb-caption-title-font-style:var(--h2_typography-font-style);--awb-caption-title-size:var(--h2_typography-font-size);--awb-caption-title-transform:var(--h2_typography-text-transform);--awb-caption-title-line-height:var(--h2_typography-line-height);--awb-caption-title-letter-spacing:var(--h2_typography-letter-spacing);\"><span class=\" fusion-imageframe imageframe-none imageframe-1 awb-imageframe-style awb-imageframe-style-dario has-aspect-ratio\"><a class=\"fusion-no-lightbox\" href=\"https:\/\/gerzsonpal.hu\/hu\/biographie\/lartiste\/les-expositions\/\" target=\"_self\" aria-label=\"8595f (1 of 1)\"><img decoding=\"async\" width=\"2560\" height=\"1622\" src=\"https:\/\/gerzsonpal.hu\/wp-content\/uploads\/2025\/03\/8595f-1-of-1-scaled.jpg\" data-orig-src=\"https:\/\/gerzsonpal.hu\/wp-content\/uploads\/2025\/03\/8595f-1-of-1-scaled.jpg\" class=\"lazyload img-responsive wp-image-2321 img-with-aspect-ratio\" data-parent-fit=\"cover\" data-parent-container=\".fusion-image-element\" alt srcset=\"data:image\/svg+xml,%3Csvg%20xmlns%3D%27http%3A%2F%2Fwww.w3.org%2F2000%2Fsvg%27%20width%3D%272560%27%20height%3D%271622%27%20viewBox%3D%270%200%202560%201622%27%3E%3Crect%20width%3D%272560%27%20height%3D%271622%27%20fill-opacity%3D%220%22%2F%3E%3C%2Fsvg%3E\" data-srcset=\"https:\/\/gerzsonpal.hu\/wp-content\/uploads\/2025\/03\/8595f-1-of-1-200x127.jpg 200w, https:\/\/gerzsonpal.hu\/wp-content\/uploads\/2025\/03\/8595f-1-of-1-400x253.jpg 400w, https:\/\/gerzsonpal.hu\/wp-content\/uploads\/2025\/03\/8595f-1-of-1-600x380.jpg 600w, https:\/\/gerzsonpal.hu\/wp-content\/uploads\/2025\/03\/8595f-1-of-1-800x507.jpg 800w, https:\/\/gerzsonpal.hu\/wp-content\/uploads\/2025\/03\/8595f-1-of-1-1200x760.jpg 1200w, https:\/\/gerzsonpal.hu\/wp-content\/uploads\/2025\/03\/8595f-1-of-1-scaled.jpg 2560w\" data-sizes=\"auto\" data-orig-sizes=\"(max-width: 1024px) 100vw, (max-width: 640px) 100vw, 600px\" \/><div class=\"awb-imageframe-caption-container\"><div class=\"awb-imageframe-caption\"><h2 class=\"awb-imageframe-caption-title\">Ki\u00e1ll\u00edt\u00e1sok<\/h2><\/div><\/div><\/a><\/span><\/div><\/div><\/div><div class=\"fusion-layout-column fusion_builder_column fusion-builder-column-1 fusion_builder_column_1_2 1_2 fusion-flex-column\" style=\"--awb-bg-size:cover;--awb-width-large:50%;--awb-margin-top-large:0px;--awb-spacing-right-large:3.84%;--awb-margin-bottom-large:50px;--awb-spacing-left-large:3.84%;--awb-width-medium:100%;--awb-order-medium:0;--awb-spacing-right-medium:1.92%;--awb-spacing-left-medium:1.92%;--awb-width-small:100%;--awb-order-small:0;--awb-spacing-right-small:1.92%;--awb-spacing-left-small:1.92%;\"><div class=\"fusion-column-wrapper fusion-column-has-shadow fusion-flex-justify-content-flex-start fusion-content-layout-column\"><div class=\"fusion-image-element \" style=\"--awb-aspect-ratio:4 \/ 3;--awb-caption-title-font-family:var(--h2_typography-font-family);--awb-caption-title-font-weight:var(--h2_typography-font-weight);--awb-caption-title-font-style:var(--h2_typography-font-style);--awb-caption-title-size:var(--h2_typography-font-size);--awb-caption-title-transform:var(--h2_typography-text-transform);--awb-caption-title-line-height:var(--h2_typography-line-height);--awb-caption-title-letter-spacing:var(--h2_typography-letter-spacing);\"><span class=\" fusion-imageframe imageframe-none imageframe-2 awb-imageframe-style awb-imageframe-style-dario has-aspect-ratio\"><a class=\"fusion-no-lightbox\" href=\"https:\/\/gerzsonpal.hu\/hu\/biographie\/lartiste\/la-litterature\/\" target=\"_self\" aria-label=\"Pour couverture du bloc Litt\u00e9ratureLitterature\"><img decoding=\"async\" width=\"2203\" height=\"1652\" src=\"https:\/\/gerzsonpal.hu\/wp-content\/uploads\/2025\/03\/Pour-couverture-du-bloc-LitteratureLitterature.jpg\" data-orig-src=\"https:\/\/gerzsonpal.hu\/wp-content\/uploads\/2025\/03\/Pour-couverture-du-bloc-LitteratureLitterature.jpg\" class=\"lazyload img-responsive wp-image-2409 img-with-aspect-ratio\" data-parent-fit=\"cover\" data-parent-container=\".fusion-image-element\" alt srcset=\"data:image\/svg+xml,%3Csvg%20xmlns%3D%27http%3A%2F%2Fwww.w3.org%2F2000%2Fsvg%27%20width%3D%272203%27%20height%3D%271652%27%20viewBox%3D%270%200%202203%201652%27%3E%3Crect%20width%3D%272203%27%20height%3D%271652%27%20fill-opacity%3D%220%22%2F%3E%3C%2Fsvg%3E\" data-srcset=\"https:\/\/gerzsonpal.hu\/wp-content\/uploads\/2025\/03\/Pour-couverture-du-bloc-LitteratureLitterature-200x150.jpg 200w, https:\/\/gerzsonpal.hu\/wp-content\/uploads\/2025\/03\/Pour-couverture-du-bloc-LitteratureLitterature-400x300.jpg 400w, https:\/\/gerzsonpal.hu\/wp-content\/uploads\/2025\/03\/Pour-couverture-du-bloc-LitteratureLitterature-600x450.jpg 600w, https:\/\/gerzsonpal.hu\/wp-content\/uploads\/2025\/03\/Pour-couverture-du-bloc-LitteratureLitterature-800x600.jpg 800w, https:\/\/gerzsonpal.hu\/wp-content\/uploads\/2025\/03\/Pour-couverture-du-bloc-LitteratureLitterature-1200x900.jpg 1200w, https:\/\/gerzsonpal.hu\/wp-content\/uploads\/2025\/03\/Pour-couverture-du-bloc-LitteratureLitterature.jpg 2203w\" data-sizes=\"auto\" data-orig-sizes=\"(max-width: 1024px) 100vw, (max-width: 640px) 100vw, 600px\" \/><div class=\"awb-imageframe-caption-container\"><div class=\"awb-imageframe-caption\"><h2 class=\"awb-imageframe-caption-title\">Irodalom<\/h2><\/div><\/div><\/a><\/span><\/div><\/div><\/div><\/div><\/div>\n","protected":false},"excerpt":{"rendered":"","protected":false},"author":1,"featured_media":0,"parent":3409,"menu_order":0,"comment_status":"closed","ping_status":"closed","template":"","meta":{"footnotes":""},"class_list":["post-3562","page","type-page","status-publish","hentry"],"_links":{"self":[{"href":"https:\/\/gerzsonpal.hu\/hu\/wp-json\/wp\/v2\/pages\/3562","targetHints":{"allow":["GET"]}}],"collection":[{"href":"https:\/\/gerzsonpal.hu\/hu\/wp-json\/wp\/v2\/pages"}],"about":[{"href":"https:\/\/gerzsonpal.hu\/hu\/wp-json\/wp\/v2\/types\/page"}],"author":[{"embeddable":true,"href":"https:\/\/gerzsonpal.hu\/hu\/wp-json\/wp\/v2\/users\/1"}],"replies":[{"embeddable":true,"href":"https:\/\/gerzsonpal.hu\/hu\/wp-json\/wp\/v2\/comments?post=3562"}],"version-history":[{"count":16,"href":"https:\/\/gerzsonpal.hu\/hu\/wp-json\/wp\/v2\/pages\/3562\/revisions"}],"predecessor-version":[{"id":3609,"href":"https:\/\/gerzsonpal.hu\/hu\/wp-json\/wp\/v2\/pages\/3562\/revisions\/3609"}],"up":[{"embeddable":true,"href":"https:\/\/gerzsonpal.hu\/hu\/wp-json\/wp\/v2\/pages\/3409"}],"wp:attachment":[{"href":"https:\/\/gerzsonpal.hu\/hu\/wp-json\/wp\/v2\/media?parent=3562"}],"curies":[{"name":"wp","href":"https:\/\/api.w.org\/{rel}","templated":true}]}}