{"id":3748,"date":"2025-07-02T00:39:30","date_gmt":"2025-07-01T22:39:30","guid":{"rendered":"https:\/\/gerzsonpal.hu\/la-fondation\/"},"modified":"2026-01-05T09:21:59","modified_gmt":"2026-01-05T08:21:59","slug":"la-fondation","status":"publish","type":"page","link":"https:\/\/gerzsonpal.hu\/hu\/la-fondation\/","title":{"rendered":"Alap\u00edtv\u00e1ny"},"content":{"rendered":"<div class=\"fusion-fullwidth fullwidth-box fusion-builder-row-1 fusion-flex-container has-pattern-background has-mask-background nonhundred-percent-fullwidth non-hundred-percent-height-scrolling\" style=\"--awb-border-radius-top-left:0px;--awb-border-radius-top-right:0px;--awb-border-radius-bottom-right:0px;--awb-border-radius-bottom-left:0px;--awb-background-color:rgba(229,194,137,0.31);--awb-flex-wrap:wrap;\" ><div class=\"fusion-builder-row fusion-row fusion-flex-align-items-flex-start fusion-flex-content-wrap\" style=\"max-width:1216.8px;margin-left: calc(-4% \/ 2 );margin-right: calc(-4% \/ 2 );\"><div class=\"fusion-layout-column fusion_builder_column fusion-builder-column-0 fusion_builder_column_1_1 1_1 fusion-flex-column\" style=\"--awb-bg-size:cover;--awb-width-large:100%;--awb-margin-top-large:0px;--awb-spacing-right-large:1.92%;--awb-margin-bottom-large:50px;--awb-spacing-left-large:1.92%;--awb-width-medium:100%;--awb-order-medium:0;--awb-spacing-right-medium:1.92%;--awb-spacing-left-medium:1.92%;--awb-width-small:100%;--awb-order-small:0;--awb-spacing-right-small:1.92%;--awb-spacing-left-small:1.92%;\"><div class=\"fusion-column-wrapper fusion-column-has-shadow fusion-flex-justify-content-flex-start fusion-content-layout-column\"><div class=\"fusion-text fusion-text-1 fusion-text-no-margin\" style=\"--awb-content-alignment:justify;--awb-line-height:2;--awb-text-color:#ffffff;--awb-margin-top:40px;--awb-margin-right:40px;--awb-margin-bottom:-10px;--awb-margin-left:40px;\"><p><img decoding=\"async\" class=\"lazyload wp-image-1690 alignleft\" src=\"https:\/\/gerzsonpal.hu\/wp-content\/uploads\/2015\/11\/Gerzson_logo.jpg\" data-orig-src=\"https:\/\/gerzsonpal.hu\/wp-content\/uploads\/2015\/11\/Gerzson_logo.jpg\" alt=\"\" width=\"336\" height=\"259\" srcset=\"data:image\/svg+xml,%3Csvg%20xmlns%3D%27http%3A%2F%2Fwww.w3.org%2F2000%2Fsvg%27%20width%3D%27336%27%20height%3D%27259%27%20viewBox%3D%270%200%20336%20259%27%3E%3Crect%20width%3D%27336%27%20height%3D%27259%27%20fill-opacity%3D%220%22%2F%3E%3C%2Fsvg%3E\" data-srcset=\"https:\/\/gerzsonpal.hu\/wp-content\/uploads\/2015\/11\/Gerzson_logo-200x154.jpg 200w, https:\/\/gerzsonpal.hu\/wp-content\/uploads\/2015\/11\/Gerzson_logo-300x231.jpg 300w, https:\/\/gerzsonpal.hu\/wp-content\/uploads\/2015\/11\/Gerzson_logo-400x308.jpg 400w, https:\/\/gerzsonpal.hu\/wp-content\/uploads\/2015\/11\/Gerzson_logo-600x462.jpg 600w, https:\/\/gerzsonpal.hu\/wp-content\/uploads\/2015\/11\/Gerzson_logo.jpg 624w\" data-sizes=\"auto\" data-orig-sizes=\"(max-width: 336px) 100vw, 336px\" \/>Gerzson P\u00e1l M\u0171v\u00e9szeti Alap\u00edtv\u00e1ny<br \/>\nAz Alap\u00edtv\u00e1ny 2012-ben j\u00f6tt l\u00e9tre. Az Alap\u00edtv\u00e1ny sz\u00e9khelye Szigliget, c\u00e9lja Gerzson P\u00e1l fest\u0151m\u0171v\u00e9sz eml\u00e9k\u00e9nek \u00e1pol\u00e1sa \u00e9s munk\u00e1ss\u00e1g\u00e1nak meg\u0151rz\u00e9se. A fenti c\u00e9lok \u00e9rdek\u00e9ben az Alap\u00edtv\u00e1ny a Gerzson P\u00e1l \u00e9letm\u0171 dokument\u00e1ci\u00f3j\u00e1nak felkutat\u00e1s\u00e1t \u00e9s az \u00e9letm\u0171vel kapcsolatos ismeretek terjeszt\u00e9s\u00e9t k\u00edv\u00e1nja el\u0151seg\u00edteni.<br \/>\nGerzson P\u00e1l hagyat\u00e9ka \u00e9s a munk\u00e1ss\u00e1g\u00e1hoz kapcsol\u00f3d\u00f3 dokument\u00e1ci\u00f3 regisztr\u00e1l\u00e1sa folyamatban van \u00e9s m\u00e1r <a href=\"https:\/\/gerzsonarchivum.org\/\">konzult\u00e1lhat\u00f3<\/a>. Az adatb\u00e1zisban (t\u00f6bbek k\u00f6z\u00f6tt) festm\u00e9nyek, v\u00e1zlatok, f\u00e9nyk\u00e9pek, sajt\u00f3cikkek, k\u00e9ziratok tal\u00e1lhat\u00f3ak.<\/p>\n<\/div><\/div><\/div><\/div><\/div>\n","protected":false},"excerpt":{"rendered":"","protected":false},"author":1,"featured_media":0,"parent":0,"menu_order":0,"comment_status":"open","ping_status":"closed","template":"","meta":{"footnotes":""},"class_list":["post-3748","page","type-page","status-publish","hentry"],"_links":{"self":[{"href":"https:\/\/gerzsonpal.hu\/hu\/wp-json\/wp\/v2\/pages\/3748","targetHints":{"allow":["GET"]}}],"collection":[{"href":"https:\/\/gerzsonpal.hu\/hu\/wp-json\/wp\/v2\/pages"}],"about":[{"href":"https:\/\/gerzsonpal.hu\/hu\/wp-json\/wp\/v2\/types\/page"}],"author":[{"embeddable":true,"href":"https:\/\/gerzsonpal.hu\/hu\/wp-json\/wp\/v2\/users\/1"}],"replies":[{"embeddable":true,"href":"https:\/\/gerzsonpal.hu\/hu\/wp-json\/wp\/v2\/comments?post=3748"}],"version-history":[{"count":27,"href":"https:\/\/gerzsonpal.hu\/hu\/wp-json\/wp\/v2\/pages\/3748\/revisions"}],"predecessor-version":[{"id":4570,"href":"https:\/\/gerzsonpal.hu\/hu\/wp-json\/wp\/v2\/pages\/3748\/revisions\/4570"}],"wp:attachment":[{"href":"https:\/\/gerzsonpal.hu\/hu\/wp-json\/wp\/v2\/media?parent=3748"}],"curies":[{"name":"wp","href":"https:\/\/api.w.org\/{rel}","templated":true}]}}