{"id":3782,"date":"2024-12-27T15:22:48","date_gmt":"2024-12-27T14:22:48","guid":{"rendered":"https:\/\/gerzsonpal.hu\/le-professeur\/"},"modified":"2026-01-09T22:33:19","modified_gmt":"2026-01-09T21:33:19","slug":"le-professeur","status":"publish","type":"page","link":"https:\/\/gerzsonpal.hu\/hu\/biographie\/le-professeur\/","title":{"rendered":"A Mester"},"content":{"rendered":"<p><div class=\"fusion-fullwidth fullwidth-box fusion-builder-row-1 fusion-flex-container has-pattern-background has-mask-background nonhundred-percent-fullwidth non-hundred-percent-height-scrolling\" style=\"--awb-border-radius-top-left:0px;--awb-border-radius-top-right:0px;--awb-border-radius-bottom-right:0px;--awb-border-radius-bottom-left:0px;--awb-padding-bottom:0px;--awb-margin-bottom:0px;--awb-background-color:rgba(229,194,137,0.31);--awb-flex-wrap:wrap;\" ><div class=\"fusion-builder-row fusion-row fusion-flex-align-items-flex-start fusion-flex-content-wrap\" style=\"max-width:1216.8px;margin-left: calc(-4% \/ 2 );margin-right: calc(-4% \/ 2 );\"><div class=\"fusion-layout-column fusion_builder_column fusion-builder-column-0 fusion_builder_column_1_1 1_1 fusion-flex-column\" style=\"--awb-bg-size:cover;--awb-width-large:100%;--awb-margin-top-large:0px;--awb-spacing-right-large:1.92%;--awb-margin-bottom-large:50px;--awb-spacing-left-large:1.92%;--awb-width-medium:100%;--awb-order-medium:0;--awb-spacing-right-medium:1.92%;--awb-spacing-left-medium:1.92%;--awb-width-small:100%;--awb-order-small:0;--awb-spacing-right-small:1.92%;--awb-spacing-left-small:1.92%;\"><div class=\"fusion-column-wrapper fusion-column-has-shadow fusion-flex-justify-content-flex-start fusion-content-layout-column\"><div class=\"fusion-text fusion-text-1 fusion-text-no-margin\" style=\"--awb-content-alignment:justify;--awb-line-height:1.5;--awb-text-color:#ffffff;--awb-margin-top:40px;--awb-margin-right:40px;--awb-margin-bottom:-20px;--awb-margin-left:40px;\"><p><strong>Gerzson P\u00e1l \u00e9vtizedekig tan\u00edtott, el\u0151sz\u00f6r a Magyar Iparm\u0171v\u00e9szeti F\u0151iskol\u00e1n  1960 \u00e9s 1974 k\u00f6z\u00f6tt, majd a Magyar K\u00e9pz\u0151m\u0171v\u00e9szeti F\u0151iskol\u00e1n 1974 \u00e9s 1996 k\u00f6z\u00f6tt. Tan\u00edtv\u00e1nyai k\u00f6z\u00fcl sokan ma m\u00e1r elismert m\u0171v\u00e9szek. <\/strong><\/p>\n<p>\u00ab Gerzson P\u00e1l a mesterem volt, szigor\u00fa \u00e9s k\u00f6vetkezetes, okos \u00e9s vil\u00e1gos besz\u00e9d\u0171 fiatalember, mi, a tan\u00edtv\u00e1nyai b\u00fcszk\u00e9k voltunk, hogy t\u0151le tanulhatunk. \u00bb <em>Antal<\/em> <em>P\u00e1l<\/em>, <em>grafikusm\u0171v\u00e9sz<\/em><\/p>\n<p>\u00ab Nem volt b\u0151besz\u00e9d\u0171. Korrig\u00e1lt \u2013 l\u00e9nyegre t\u00f6r\u0151en, kev\u00e9s sz\u00f3val. Komolyan vett\u00fck. \u00bb <em>G\u00f6b\u00f6ly\u00f6s M\u00e1rta, textilm\u0171v\u00e9sz<\/em><\/p>\n<p>\u00ab \u00c9s akkor mondott p\u00e1r egyszer\u0171, megfontoland\u00f3 mondatot. Pr\u00f3b\u00e1ljunk \u00fagy rajzolni, mintha 5 perc\u00fcnk lenne r\u00e1. N\u00e9zz\u00fcnk meg mindent j\u00f3l, de csak ami a legfontosabb, azt jelezz\u00fck a pap\u00edron. \u00bb <em>\u00c1sztai Csaba, fest\u0151m\u0171v\u00e9sz<\/em><\/p>\n<p>\u00ab Nyaranta egy h\u00f3napot Szigligeten t\u00f6lt\u00f6tt\u00fcnk, ahol a t\u00e1j sz\u00e9ps\u00e9ge elvar\u00e1zsolt minket. Felszabadult a l\u00e9lek, beindult a fant\u00e1zia. \u00bb <em>V\u00e1g\u00f3 Magda, fest\u0151m\u0171v\u00e9sz<\/em><\/p>\n<p>\u00ab Mester\u00fcnk szakmai tisztess\u00e9gre intett \u00e9s al\u00e1zatra, ha ecset van a k\u00e9zben, de f\u00fcrk\u00e9sz \u00e1h\u00edtatra \u00e9s lelem\u00e9nyre, ha nyitva a szem \u00e9s elme. \u00bb <em>Szegedi Csaba, fest\u0151m\u0171v\u00e9sz<\/em><\/p>\n<p>\u00ab R\u00e1ir\u00e1ny\u00edtotta figyelm\u00fcnket a fest\u0151i hagyom\u00e1ny, \u00e9s \u00e1ltal\u00e1ban az emberi kult\u00fara gazdags\u00e1g\u00e1ra \u00e9s sz\u00e9ps\u00e9g\u00e9re. \u00bb <em>Egri<\/em> <em>Erzs\u00e9bet<\/em>, <em>fest\u0151<\/em><em>m\u0171v\u00e9sz<\/em><\/p>\n<p>\u00ab Ma m\u00e1r l\u00e1tom, milyen tudatosan k\u00e9pviselte tan\u00edt\u00e1s\u00e1nak l\u00e9nyeg\u00e9t, hogy vannak korokon \u00e1t\u00edvel\u0151 fest\u0151i \u00e9rt\u00e9kek, \u00e9s ezeket tehets\u00e9ggel, nap-nap ut\u00e1ni kitart\u00f3, szenved\u00e9lyes munk\u00e1val kell \u00fajra \u00e9s \u00fajra megh\u00f3d\u00edtani, felmutatni. \u00bb <em>Magyari<\/em> <em>M\u00e1rton<\/em>, <em>fest\u0151m\u0171v\u00e9sz<\/em><\/p>\n<p>\u00ab Mester kor\u00e1n szeretett bej\u00f6nni, dolgozni \u00e9s a m\u0171teremben lelt n\u00f6vend\u00e9k\u00e9t felinvit\u00e1lta a m\u0171term\u00e9be te\u00e1zni. Ez hihetetlen\u00fcl tanuls\u00e1gos volt: ott saj\u00e1t k\u00e9peir\u0151l is besz\u00e9lt. A k\u00e9pi \u00f6tlet megfogan\u00e1s\u00e1t\u00f3l a kompoz\u00edci\u00f3s probl\u00e9m\u00e1k megold\u00e1s\u00e1n \u00e1t a fest\u00e9stechnikai r\u00e9szletekbe men\u0151en mindenr\u0151l. Szigliget csod\u00e1ir\u00f3l, Egryr\u0151l, a Pannon t\u00e1j f\u00e9nyeir\u0151l. \u00bb <em>Garamv\u00f6lgyi B\u00e9la, fest\u0151m\u0171v\u00e9sz<\/em><\/p>\n<p>\u00ab Az \u0151 kolorizmus\u00e1t az \u00f6r\u00f6kz\u00f6ld dallamok titokzatoss\u00e1g\u00e1val lehetne tal\u00e1n magyar\u00e1zni, amiket m\u00e9g az el\u0151ad\u00e1s ut\u00e1n is d\u00fadolunk magunkban. A sz\u00ednek hangulatkelt\u0151 ereje \u00e9s a t\u00f6bbr\u00e9teg\u0171, finoman-hangolt \u00f6sszef\u00fcgg\u00e9srendszer hozza l\u00e9tre ezt a sokak \u00e1ltal el\u00e9rhetetlen, k\u00f6nnyed \u00e9s azonnal rabul ejt\u0151 m\u0171v\u00e9szi hat\u00e1st. \u00bb <em>Tari G\u00e1bor,<\/em> <em>fest\u0151<\/em><em>m\u0171v\u00e9sz<\/em><\/p>\n<p>\u00ab A gyakori m\u0171termi korrekt\u00fara mellett, id\u0151r\u0151l id\u0151re egy nagyobb v\u00e1logat\u00e1st is felvihett\u00fcnk fels\u0151 emeleti m\u0171term\u00e9be, ahol \u00edgy folyamatosan betekint\u00e9st nyert\u00fcnk az \u0151 m\u0171hely\u00e9be is, figyelemmel k\u00eds\u00e9rhett\u00fck festm\u00e9nyeinek fejl\u0151d\u00e9s\u00e9t, alakul\u00e1s\u00e1t, megsz\u00fclet\u00e9s\u00e9t. Ilyenkor egy tea vagy k\u00e1v\u00e9 mellett \u00e9s \u2013 valljuk meg \u2013 cigarettaf\u00fcstbe burkol\u00f3zva elemezt\u00fck ki az \u00e1ltalunk vitt term\u00e9st \u00e9s a megbesz\u00e9l\u00e9s ut\u00e1n megfontolni val\u00f3 tanuls\u00e1gokkal t\u00e1vozhattunk. \u00bb <em>Ifj. Durk\u00f3 <\/em> <em>Zsolt, fest\u0151m\u0171v\u00e9sz<\/em><\/p>\n<p>\u00ab Egy \u00e9letre val\u00f3 lecke volt, hogy a kudarc\u00e9rt, a matt\u00e9rt nem a sakkt\u00e1bla a hib\u00e1s \u00e9s matt k\u00f6zeli helyzetben er\u0151fesz\u00edt\u00e9s helyett felbor\u00edtani a sakkt\u00e1bl\u00e1t az megsemmis\u00edt\u0151 megfutamod\u00e1s, hiszen ha net\u00e1n mattot kapunk, fel lehet ism\u00e9t \u00e1ll\u00edtani a b\u00e1bukat \u00e9s j\u00f6het a visszav\u00e1g\u00f3. \u00bb <em>Cserna Tam\u00e1s<\/em>, <em>fest\u0151m\u0171v\u00e9sz<\/em><\/p>\n<p>\u00ab F\u0151iskolai k\u00e9pz\u00e9s\u00fcnk k\u00e9t terepen zajlott, k\u00f6z\u00f6s m\u0171term\u00fcnkben, \u201ea tizenh\u00e1rmasban\u201d, illetve Mester egy emelettel feljebbi m\u0171term\u00e9ben. Lent munk\u00e1ink kapcs\u00e1n felmer\u00fcl\u0151 napi probl\u00e9m\u00e1kr\u00f3l esett sz\u00f3, fent, egy irt\u00f3zatos er\u0151ss\u00e9g\u0171 tea mellett, minden m\u00e1sr\u00f3l, igen ritk\u00e1n a Mester munk\u00e1ir\u00f3l is. \u00bb <em>Bokor<\/em> <em>Gy\u00f6rgy<\/em>, <em>fest\u0151<\/em><em>m\u0171v\u00e9sz<\/em><\/p>\n<p>\u00ab Korrekt\u00far\u00e1i mindig metsz\u0151en pontosak voltak, m\u0171v\u00e9szett\u00f6rt\u00e9neti p\u00e9ld\u00e1kra, nagy fest\u0151k m\u0171veire \u00e9p\u00edtve fel kritik\u00e1inak l\u00e9nyeg\u00e9t. Sokat lehetett t\u0151le tanulni a m\u0171vek meg\u00e9rt\u00e9s\u00e9r\u0151l \u00e9s a \u201ek\u00e9pis\u00e9g\u201d, a k\u00e9pi gondolkod\u00e1s mibenl\u00e9t\u00e9r\u0151l. Mag\u00e1t\u00f3l \u00e9rtet\u0151d\u0151 volt, hogy m\u0171velts\u00e9g\u00e9t k\u00f6vetni kell, ha az ember tanulni akart \u00e9s \u00e9rteni a korrekt\u00far\u00e1ib\u00f3l. \u00bb <em>Kecsk\u00e9s Andr\u00e1s<\/em>, <em>fest\u0151<\/em><em>m\u0171v\u00e9sz<\/em><\/p>\n<\/div><\/div><\/div><\/div><\/div><div class=\"fusion-fullwidth fullwidth-box fusion-builder-row-2 fusion-flex-container has-pattern-background has-mask-background nonhundred-percent-fullwidth non-hundred-percent-height-scrolling\" style=\"--awb-border-radius-top-left:0px;--awb-border-radius-top-right:0px;--awb-border-radius-bottom-right:0px;--awb-border-radius-bottom-left:0px;--awb-margin-top:40px;--awb-background-color:rgba(0,0,0,0);--awb-flex-wrap:wrap;\" ><div class=\"fusion-builder-row fusion-row fusion-flex-align-items-flex-start fusion-flex-content-wrap\" style=\"max-width:1216.8px;margin-left: calc(-4% \/ 2 );margin-right: calc(-4% \/ 2 );\"><div class=\"fusion-layout-column fusion_builder_column fusion-builder-column-1 fusion_builder_column_1_1 1_1 fusion-flex-column\" style=\"--awb-bg-size:cover;--awb-width-large:100%;--awb-margin-top-large:0px;--awb-spacing-right-large:1.92%;--awb-margin-bottom-large:50px;--awb-spacing-left-large:1.92%;--awb-width-medium:100%;--awb-order-medium:0;--awb-spacing-right-medium:1.92%;--awb-spacing-left-medium:1.92%;--awb-width-small:100%;--awb-order-small:0;--awb-spacing-right-small:1.92%;--awb-spacing-left-small:1.92%;\"><div class=\"fusion-column-wrapper fusion-column-has-shadow fusion-flex-justify-content-flex-start fusion-content-layout-column\"><div class=\"awb-gallery-wrapper awb-gallery-wrapper-1 button-span-no\" style=\"--more-btn-alignment:center;\"><div style=\"margin:-5px;--awb-bordersize:0px;\" class=\"fusion-gallery fusion-gallery-container fusion-grid-3 fusion-columns-total-15 fusion-gallery-layout-grid fusion-gallery-1\"><div style=\"padding:5px;\" class=\"fusion-grid-column fusion-gallery-column fusion-gallery-column-3\"><div class=\"fusion-gallery-image awb-imageframe-style awb-imageframe-style-resa\"><a href=\"https:\/\/www.aranyrajzszog.hu\/szerzo\/antal-pal?year=2019\" data-title=\"Antal P\u00e1l\" title=\"Antal P\u00e1l\" rel=\"noreferrer\" data-rel=\"iLightbox[gallery_image_1]\" class=\"fusion-lightbox\" target=\"_blank\"><img decoding=\"async\" src=\"https:\/\/gerzsonpal.hu\/wp-content\/uploads\/2026\/01\/Antal-Pal-460x295.jpg\" width=\"460\" height=\"295\" alt=\"\" title=\"Antal P\u00e1l\" aria-label=\"Antal P\u00e1l\" class=\"img-responsive wp-image-4617 fusion-gallery-image-size-fixed\"  \/><div class=\"awb-imageframe-caption-container\"><div class=\"awb-imageframe-caption\"><h2 class=\"awb-imageframe-caption-title\">Antal P\u00e1l<\/h2><\/div><\/div><\/a><\/div><\/div><div style=\"padding:5px;\" class=\"fusion-grid-column fusion-gallery-column fusion-gallery-column-3\"><div class=\"fusion-gallery-image awb-imageframe-style awb-imageframe-style-resa\"><a href=\"https:\/\/asztai.hu\/\" data-title=\"\u00c1sztai Csaba\" title=\"\u00c1sztai Csaba\" rel=\"noreferrer\" data-rel=\"iLightbox[gallery_image_1]\" class=\"fusion-lightbox\" target=\"_blank\"><img decoding=\"async\" src=\"https:\/\/gerzsonpal.hu\/wp-content\/uploads\/2025\/05\/Asztai-Csaba-460x295.jpeg\" width=\"460\" height=\"295\" alt=\"\" title=\"\u00c1sztai Csaba\" aria-label=\"\u00c1sztai Csaba\" class=\"img-responsive wp-image-3281 fusion-gallery-image-size-fixed\" srcset=\"https:\/\/gerzsonpal.hu\/wp-content\/uploads\/2025\/05\/Asztai-Csaba-460x295.jpeg 460w, https:\/\/gerzsonpal.hu\/wp-content\/uploads\/2025\/05\/Asztai-Csaba-624x400.jpeg 624w\" sizes=\"(max-width: 460px) 100vw, 460px\" \/><div class=\"awb-imageframe-caption-container\"><div class=\"awb-imageframe-caption\"><h2 class=\"awb-imageframe-caption-title\">\u00c1sztai Csaba<\/h2><\/div><\/div><\/a><\/div><\/div><div style=\"padding:5px;\" class=\"fusion-grid-column fusion-gallery-column fusion-gallery-column-3\"><div class=\"fusion-gallery-image awb-imageframe-style awb-imageframe-style-resa\"><a href=\"https:\/\/www.facebook.com\/profile.php?id=100065720656566\" data-title=\"Bokor Gy\u00f6rgy\" title=\"Bokor Gy\u00f6rgy\" rel=\"noreferrer\" data-rel=\"iLightbox[gallery_image_1]\" class=\"fusion-lightbox\" target=\"_blank\"><img decoding=\"async\" src=\"https:\/\/gerzsonpal.hu\/wp-content\/uploads\/2025\/04\/Bokor-Gyorgy-460x295.jpg\" width=\"460\" height=\"295\" alt=\"\" title=\"Bokor Gy\u00f6rgy\" aria-label=\"Bokor Gy\u00f6rgy\" class=\"img-responsive wp-image-2861 fusion-gallery-image-size-fixed\"  \/><div class=\"awb-imageframe-caption-container\"><div class=\"awb-imageframe-caption\"><h2 class=\"awb-imageframe-caption-title\">Bokor Gy\u00f6rgy<\/h2><\/div><\/div><\/a><\/div><\/div><div class=\"clearfix\"><\/div><div style=\"padding:5px;\" class=\"fusion-grid-column fusion-gallery-column fusion-gallery-column-3\"><div class=\"fusion-gallery-image awb-imageframe-style awb-imageframe-style-resa\"><a href=\"https:\/\/gerzsonpal.hu\/wp-content\/uploads\/2025\/05\/Cserna-Tamas--scaled.jpg\" data-title=\"Cserna Tam\u00e1s\" title=\"Cserna Tam\u00e1s\" rel=\"noreferrer\" data-rel=\"iLightbox[gallery_image_1]\" class=\"fusion-lightbox\" target=\"_blank\"><img decoding=\"async\" src=\"https:\/\/gerzsonpal.hu\/wp-content\/uploads\/2025\/05\/Cserna-Tamas--460x295.jpg\" width=\"460\" height=\"295\" alt=\"\" title=\"Cserna Tam\u00e1s\" aria-label=\"Cserna Tam\u00e1s\" class=\"img-responsive wp-image-3273 fusion-gallery-image-size-fixed\"  \/><div class=\"awb-imageframe-caption-container\"><div class=\"awb-imageframe-caption\"><h2 class=\"awb-imageframe-caption-title\">Cserna Tam\u00e1s<\/h2><\/div><\/div><\/a><\/div><\/div><div style=\"padding:5px;\" class=\"fusion-grid-column fusion-gallery-column fusion-gallery-column-3\"><div class=\"fusion-gallery-image awb-imageframe-style awb-imageframe-style-resa\"><a href=\"https:\/\/www.facebook.com\/erzsebet.egri.315\" data-title=\"Egri Erzs\u00e9bet\" title=\"Egri Erzs\u00e9bet\" rel=\"noreferrer\" data-rel=\"iLightbox[gallery_image_1]\" class=\"fusion-lightbox\" target=\"_blank\"><img decoding=\"async\" src=\"https:\/\/gerzsonpal.hu\/wp-content\/uploads\/2025\/04\/Egri-Erzsebet-460x295.jpg\" width=\"460\" height=\"295\" alt=\"\" title=\"Egri Erzs\u00e9bet\" aria-label=\"Egri Erzs\u00e9bet\" class=\"img-responsive wp-image-2853 fusion-gallery-image-size-fixed\"  \/><div class=\"awb-imageframe-caption-container\"><div class=\"awb-imageframe-caption\"><h2 class=\"awb-imageframe-caption-title\">Egri Erzs\u00e9bet<\/h2><\/div><\/div><\/a><\/div><\/div><div style=\"padding:5px;\" class=\"fusion-grid-column fusion-gallery-column fusion-gallery-column-3\"><div class=\"fusion-gallery-image awb-imageframe-style awb-imageframe-style-resa\"><a href=\"http:\/\/www.fuzesgergely.hu\/\" data-title=\"F\u00fczes Gergely\" title=\"F\u00fczes Gergely\" rel=\"noreferrer\" data-rel=\"iLightbox[gallery_image_1]\" class=\"fusion-lightbox\" target=\"_blank\"><img decoding=\"async\" src=\"https:\/\/gerzsonpal.hu\/wp-content\/uploads\/2025\/04\/Fuzes-Gergely-460x295.jpg\" width=\"460\" height=\"295\" alt=\"\" title=\"F\u00fczes Gergely\" aria-label=\"F\u00fczes Gergely\" class=\"img-responsive wp-image-2849 fusion-gallery-image-size-fixed\"  \/><div class=\"awb-imageframe-caption-container\"><div class=\"awb-imageframe-caption\"><h2 class=\"awb-imageframe-caption-title\">F\u00fczes Gergely<\/h2><\/div><\/div><\/a><\/div><\/div><div class=\"clearfix\"><\/div><div style=\"padding:5px;\" class=\"fusion-grid-column fusion-gallery-column fusion-gallery-column-3\"><div class=\"fusion-gallery-image awb-imageframe-style awb-imageframe-style-resa\"><a href=\"https:\/\/www.facebook.com\/bela.garamvolgyi.73\/\" data-title=\"Garamv\u00f6lgyi B\u00e9la\" title=\"Garamv\u00f6lgyi B\u00e9la\" rel=\"noreferrer\" data-rel=\"iLightbox[gallery_image_1]\" class=\"fusion-lightbox\" target=\"_blank\"><img decoding=\"async\" src=\"https:\/\/gerzsonpal.hu\/wp-content\/uploads\/2025\/04\/Garamvolgyi-Bela-460x295.jpg\" width=\"460\" height=\"295\" alt=\"\" title=\"Garamv\u00f6lgyi B\u00e9la\" aria-label=\"Garamv\u00f6lgyi B\u00e9la\" class=\"img-responsive wp-image-2845 fusion-gallery-image-size-fixed\"  \/><div class=\"awb-imageframe-caption-container\"><div class=\"awb-imageframe-caption\"><h2 class=\"awb-imageframe-caption-title\">Garamv\u00f6lgyi B\u00e9la<\/h2><\/div><\/div><\/a><\/div><\/div><div style=\"padding:5px;\" class=\"fusion-grid-column fusion-gallery-column fusion-gallery-column-3\"><div class=\"fusion-gallery-image awb-imageframe-style awb-imageframe-style-resa\"><a href=\"https:\/\/www.facebook.com\/profile.php?id=100012774795218&amp;sk=about\" data-title=\"G\u00f6b\u00f6ly\u00f6s M\u00e1rta\" title=\"G\u00f6b\u00f6ly\u00f6s M\u00e1rta\" rel=\"noreferrer\" data-rel=\"iLightbox[gallery_image_1]\" class=\"fusion-lightbox\" target=\"_blank\"><img decoding=\"async\" src=\"https:\/\/gerzsonpal.hu\/wp-content\/uploads\/2026\/01\/Gobolyos-Marta-2-460x295.jpg\" width=\"460\" height=\"295\" alt=\"\" title=\"G\u00f6b\u00f6ly\u00f6s M\u00e1rta\" aria-label=\"G\u00f6b\u00f6ly\u00f6s M\u00e1rta\" class=\"img-responsive wp-image-4616 fusion-gallery-image-size-fixed\"  \/><div class=\"awb-imageframe-caption-container\"><div class=\"awb-imageframe-caption\"><h2 class=\"awb-imageframe-caption-title\">G\u00f6b\u00f6ly\u00f6s M\u00e1rta<\/h2><\/div><\/div><\/a><\/div><\/div><div style=\"padding:5px;\" class=\"fusion-grid-column fusion-gallery-column fusion-gallery-column-3\"><div class=\"fusion-gallery-image awb-imageframe-style awb-imageframe-style-resa\"><a href=\"https:\/\/gerzsonpal.hu\/wp-content\/uploads\/2025\/04\/ifj.-Durko-Zsolt.jpg\" data-title=\"ifj. Durk\u00f3 Zsolt\" title=\"ifj. Durk\u00f3 Zsolt\" rel=\"noreferrer\" data-rel=\"iLightbox[gallery_image_1]\" class=\"fusion-lightbox\" target=\"_blank\"><img decoding=\"async\" src=\"https:\/\/gerzsonpal.hu\/wp-content\/uploads\/2025\/04\/ifj.-Durko-Zsolt-460x295.jpg\" width=\"460\" height=\"295\" alt=\"\" title=\"ifj. Durk\u00f3 Zsolt\" aria-label=\"ifj. Durk\u00f3 Zsolt\" class=\"img-responsive wp-image-2841 fusion-gallery-image-size-fixed\"  \/><div class=\"awb-imageframe-caption-container\"><div class=\"awb-imageframe-caption\"><h2 class=\"awb-imageframe-caption-title\">ifj. Durk\u00f3 Zsolt<\/h2><\/div><\/div><\/a><\/div><\/div><div class=\"clearfix\"><\/div><div style=\"padding:5px;\" class=\"fusion-grid-column fusion-gallery-column fusion-gallery-column-3\"><div class=\"fusion-gallery-image awb-imageframe-style awb-imageframe-style-resa\"><a href=\"https:\/\/www.kecskesandras.com\/\" data-title=\"Kecsk\u00e9s Andr\u00e1s\" title=\"Kecsk\u00e9s Andr\u00e1s\" rel=\"noreferrer\" data-rel=\"iLightbox[gallery_image_1]\" class=\"fusion-lightbox\" target=\"_blank\"><img decoding=\"async\" src=\"https:\/\/gerzsonpal.hu\/wp-content\/uploads\/2025\/04\/Kecskes-Andras-460x295.jpg\" width=\"460\" height=\"295\" alt=\"\" title=\"Kecsk\u00e9s Andr\u00e1s\" aria-label=\"Kecsk\u00e9s Andr\u00e1s\" class=\"img-responsive wp-image-2837 fusion-gallery-image-size-fixed\"  \/><div class=\"awb-imageframe-caption-container\"><div class=\"awb-imageframe-caption\"><h2 class=\"awb-imageframe-caption-title\">Kecsk\u00e9s Andr\u00e1s<\/h2><\/div><\/div><\/a><\/div><\/div><div style=\"padding:5px;\" class=\"fusion-grid-column fusion-gallery-column fusion-gallery-column-3\"><div class=\"fusion-gallery-image awb-imageframe-style awb-imageframe-style-resa\"><a href=\"https:\/\/magyarimarton.hu\/\" data-title=\"Magyari M\u00e1rton\" title=\"Magyari M\u00e1rton\" rel=\"noreferrer\" data-rel=\"iLightbox[gallery_image_1]\" class=\"fusion-lightbox\" target=\"_blank\"><img decoding=\"async\" src=\"https:\/\/gerzsonpal.hu\/wp-content\/uploads\/2025\/04\/Magyari-Marton-460x295.jpg\" width=\"460\" height=\"295\" alt=\"\" title=\"Magyari M\u00e1rton\" aria-label=\"Magyari M\u00e1rton\" class=\"img-responsive wp-image-2833 fusion-gallery-image-size-fixed\"  \/><div class=\"awb-imageframe-caption-container\"><div class=\"awb-imageframe-caption\"><h2 class=\"awb-imageframe-caption-title\">Magyari M\u00e1rton<\/h2><\/div><\/div><\/a><\/div><\/div><div style=\"padding:5px;\" class=\"fusion-grid-column fusion-gallery-column fusion-gallery-column-3\"><div class=\"fusion-gallery-image awb-imageframe-style awb-imageframe-style-resa\"><a href=\"https:\/\/miksabalint.hu\/\" data-title=\"Miksa B\u00e1lint\" title=\"Miksa B\u00e1lint\" rel=\"noreferrer\" data-rel=\"iLightbox[gallery_image_1]\" class=\"fusion-lightbox\" target=\"_blank\"><img decoding=\"async\" src=\"https:\/\/gerzsonpal.hu\/wp-content\/uploads\/2026\/01\/Miksa_Balint-3-460x295.jpg\" width=\"460\" height=\"295\" alt=\"\" title=\"Miksa B\u00e1lint\" aria-label=\"Miksa B\u00e1lint\" class=\"img-responsive wp-image-4615 fusion-gallery-image-size-fixed\"  \/><div class=\"awb-imageframe-caption-container\"><div class=\"awb-imageframe-caption\"><h2 class=\"awb-imageframe-caption-title\">Miksa B\u00e1lint<\/h2><\/div><\/div><\/a><\/div><\/div><div class=\"clearfix\"><\/div><div style=\"padding:5px;\" class=\"fusion-grid-column fusion-gallery-column fusion-gallery-column-3\"><div class=\"fusion-gallery-image awb-imageframe-style awb-imageframe-style-resa\"><a href=\"https:\/\/szegedicsaba.hu\/hu\/\" data-title=\"Szegedi Csaba\" title=\"Szegedi Csaba\" rel=\"noreferrer\" data-rel=\"iLightbox[gallery_image_1]\" class=\"fusion-lightbox\" target=\"_blank\"><img decoding=\"async\" src=\"https:\/\/gerzsonpal.hu\/wp-content\/uploads\/2025\/04\/Szegedi-Csaba-460x295.jpg\" width=\"460\" height=\"295\" alt=\"\" title=\"Szegedi Csaba\" aria-label=\"Szegedi Csaba\" class=\"img-responsive wp-image-2829 fusion-gallery-image-size-fixed\"  \/><div class=\"awb-imageframe-caption-container\"><div class=\"awb-imageframe-caption\"><h2 class=\"awb-imageframe-caption-title\">Szegedi Csaba<\/h2><\/div><\/div><\/a><\/div><\/div><div style=\"padding:5px;\" class=\"fusion-grid-column fusion-gallery-column fusion-gallery-column-3\"><div class=\"fusion-gallery-image awb-imageframe-style awb-imageframe-style-resa\"><a href=\"https:\/\/www.facebook.com\/gabriel.dionyzos\" data-title=\"Tari G\u00e1bor\" title=\"Tari G\u00e1bor\" rel=\"noreferrer\" data-rel=\"iLightbox[gallery_image_1]\" class=\"fusion-lightbox\" target=\"_blank\"><img decoding=\"async\" src=\"https:\/\/gerzsonpal.hu\/wp-content\/uploads\/2025\/04\/Tari-Gabor-460x295.jpg\" width=\"460\" height=\"295\" alt=\"\" title=\"Tari G\u00e1bor\" aria-label=\"Tari G\u00e1bor\" class=\"img-responsive wp-image-2825 fusion-gallery-image-size-fixed\"  \/><div class=\"awb-imageframe-caption-container\"><div class=\"awb-imageframe-caption\"><h2 class=\"awb-imageframe-caption-title\">Tari G\u00e1bor<\/h2><\/div><\/div><\/a><\/div><\/div><div style=\"padding:5px;\" class=\"fusion-grid-column fusion-gallery-column fusion-gallery-column-3\"><div class=\"fusion-gallery-image awb-imageframe-style awb-imageframe-style-resa\"><a href=\"http:\/\/www.artezi.hu\/artist.php?formFieldpicture=vago\" data-title=\"V\u00e1g\u00f3 Magda\" title=\"V\u00e1g\u00f3 Magda\" rel=\"noreferrer\" data-rel=\"iLightbox[gallery_image_1]\" class=\"fusion-lightbox\" target=\"_blank\"><img decoding=\"async\" src=\"https:\/\/gerzsonpal.hu\/wp-content\/uploads\/2025\/04\/Vago-Magda-460x295.jpg\" width=\"460\" height=\"295\" alt=\"\" title=\"V\u00e1g\u00f3 Magda\" aria-label=\"V\u00e1g\u00f3 Magda\" class=\"img-responsive wp-image-2821 fusion-gallery-image-size-fixed\"  \/><div class=\"awb-imageframe-caption-container\"><div class=\"awb-imageframe-caption\"><h2 class=\"awb-imageframe-caption-title\">V\u00e1g\u00f3 Magda<\/h2><\/div><\/div><\/a><\/div><\/div><div class=\"clearfix\"><\/div><\/div><\/div><\/div><\/div><\/div><\/div><\/p>\n","protected":false},"excerpt":{"rendered":"","protected":false},"author":1,"featured_media":0,"parent":3409,"menu_order":0,"comment_status":"closed","ping_status":"closed","template":"","meta":{"footnotes":""},"class_list":["post-3782","page","type-page","status-publish","hentry"],"_links":{"self":[{"href":"https:\/\/gerzsonpal.hu\/hu\/wp-json\/wp\/v2\/pages\/3782","targetHints":{"allow":["GET"]}}],"collection":[{"href":"https:\/\/gerzsonpal.hu\/hu\/wp-json\/wp\/v2\/pages"}],"about":[{"href":"https:\/\/gerzsonpal.hu\/hu\/wp-json\/wp\/v2\/types\/page"}],"author":[{"embeddable":true,"href":"https:\/\/gerzsonpal.hu\/hu\/wp-json\/wp\/v2\/users\/1"}],"replies":[{"embeddable":true,"href":"https:\/\/gerzsonpal.hu\/hu\/wp-json\/wp\/v2\/comments?post=3782"}],"version-history":[{"count":58,"href":"https:\/\/gerzsonpal.hu\/hu\/wp-json\/wp\/v2\/pages\/3782\/revisions"}],"predecessor-version":[{"id":4652,"href":"https:\/\/gerzsonpal.hu\/hu\/wp-json\/wp\/v2\/pages\/3782\/revisions\/4652"}],"up":[{"embeddable":true,"href":"https:\/\/gerzsonpal.hu\/hu\/wp-json\/wp\/v2\/pages\/3409"}],"wp:attachment":[{"href":"https:\/\/gerzsonpal.hu\/hu\/wp-json\/wp\/v2\/media?parent=3782"}],"curies":[{"name":"wp","href":"https:\/\/api.w.org\/{rel}","templated":true}]}}